{"id":526680,"date":"2023-09-08T09:45:23","date_gmt":"2023-09-08T07:45:23","guid":{"rendered":"https:\/\/tilefly.com\/producto\/riviera-argument-polished-60x120\/"},"modified":"2024-04-24T16:59:16","modified_gmt":"2024-04-24T14:59:16","slug":"riviera-argument-polished-60x120","status":"publish","type":"product","link":"https:\/\/tilefly.com\/fr\/produit\/riviera-argument-polished-60x120\/","title":{"rendered":"RIVIERA ARGENTO PULIDO 60X120"},"content":{"rendered":"<div class=\"woocommerce-tabs wc-tabs-wrapper\"><div id=\"tab-description\" class=\"woocommerce-Tabs-panel woocommerce-Tabs-panel--description panel entry-content wc-tab\" role=\"tabpanel\" aria-labelledby=\"tab-title-description\"><p>Riviera Oro Polished Gold 60\u00d7120 est un <a href=\"https:\/\/tilefly.com\/fr\/\">carreau<\/a> rectifi\u00e9 avec une finition polie haute brillance qui \u00e9blouira n&#8217;importe quel espace dans votre maison, il a une couleur GRISE discr\u00e8te mais \u00e9l\u00e9gante qui donne une touche frappante mais chaleureuse \u00e0 votre environnement.<\/p><\/div><\/div><div class=\"info-tecnica\"><\/div>","protected":false},"excerpt":{"rendered":"<p>Riviera Oro Polished Gold 60\u00d7120 est un carreau rectifi\u00e9 avec une finition polie haute brillance qui \u00e9blouira n&#8217;importe quel espace dans votre maison, il a une couleur GRISE discr\u00e8te mais \u00e9l\u00e9gante qui donne une touche frappante mais chaleureuse \u00e0 votre environnement.<\/p>\n","protected":false},"featured_media":524827,"comment_status":"closed","ping_status":"closed","template":"","meta":[],"product_brand":[],"product_cat":[353,355,356,354,357],"product_tag":[],"class_list":{"0":"post-526680","1":"product","2":"type-product","3":"status-publish","4":"has-post-thumbnail","6":"product_cat-carrelage","7":"product_cat-cuisines","8":"product_cat-faiences","9":"product_cat-carrelage-salle-de-bain","10":"product_cat-carrelage-salon","12":"first","13":"outofstock","14":"shipping-taxable","15":"purchasable","16":"product-type-simple"},"_links":{"self":[{"href":"https:\/\/tilefly.com\/fr\/wp-json\/wp\/v2\/product\/526680","targetHints":{"allow":["GET"]}}],"collection":[{"href":"https:\/\/tilefly.com\/fr\/wp-json\/wp\/v2\/product"}],"about":[{"href":"https:\/\/tilefly.com\/fr\/wp-json\/wp\/v2\/types\/product"}],"replies":[{"embeddable":true,"href":"https:\/\/tilefly.com\/fr\/wp-json\/wp\/v2\/comments?post=526680"}],"wp:featuredmedia":[{"embeddable":true,"href":"https:\/\/tilefly.com\/fr\/wp-json\/wp\/v2\/media\/524827"}],"wp:attachment":[{"href":"https:\/\/tilefly.com\/fr\/wp-json\/wp\/v2\/media?parent=526680"}],"wp:term":[{"taxonomy":"product_brand","embeddable":true,"href":"https:\/\/tilefly.com\/fr\/wp-json\/wp\/v2\/product_brand?post=526680"},{"taxonomy":"product_cat","embeddable":true,"href":"https:\/\/tilefly.com\/fr\/wp-json\/wp\/v2\/product_cat?post=526680"},{"taxonomy":"product_tag","embeddable":true,"href":"https:\/\/tilefly.com\/fr\/wp-json\/wp\/v2\/product_tag?post=526680"}],"curies":[{"name":"wp","href":"https:\/\/api.w.org\/{rel}","templated":true}]}}