{"id":526677,"date":"2023-06-08T20:38:11","date_gmt":"2023-06-08T18:38:11","guid":{"rendered":"https:\/\/tilefly.com\/producto\/crisp-xl-beige-mt-60x120-rect\/"},"modified":"2024-04-24T16:59:14","modified_gmt":"2024-04-24T14:59:14","slug":"crisp-xl-beige-mt-60x120-rect","status":"publish","type":"product","link":"https:\/\/tilefly.com\/fr\/produit\/crisp-xl-beige-mt-60x120-rect\/","title":{"rendered":"Crisp Xl Beige Mt 60X120 Rect"},"content":{"rendered":"<h1><strong>Gr\u00e8s c\u00e9rame \u00e9maill\u00e9 CRISP XL BEIGE MT 60X120 RECT<\/strong><\/h1><p>Ce carreau de la s\u00e9rie CRISP au format 60X120 est un carreau en gr\u00e8s c\u00e9rame \u00e9maill\u00e9 de couleur beige avec une finition mate.<\/p><h2>S\u00e9rie Crisp<\/h2><p> <a href=\"https:\/\/tilefly.com\/fr\/produit\/crisp\/\">Crisp<\/a> est une collection inspir\u00e9e par le terrazzo granul\u00e9 de grosses pierres incrust\u00e9es, qui donne une nouvelle tournure au style tr\u00e8s appr\u00e9ci\u00e9 du terrazzo traditionnel. Il se d\u00e9cline en 3 couleurs inspirantes, gaies et fortes pour rehausser l&#8217;aspect de votre beaut\u00e9.  <\/p>","protected":false},"excerpt":{"rendered":"<p>Gr\u00e8s c\u00e9rame \u00e9maill\u00e9 CRISP XL BEIGE MT 60X120 RECTCe carreau de la s\u00e9rie CRISP au format 60X120 est un carreau en gr\u00e8s c\u00e9rame \u00e9maill\u00e9 de couleur beige avec une finition mate.S\u00e9rie Crisp Crisp est une collection inspir\u00e9e par le terrazzo granul\u00e9 de grosses pierres incrust\u00e9es, qui donne une nouvelle tournure au style tr\u00e8s appr\u00e9ci\u00e9 du [&hellip;]<\/p>\n","protected":false},"featured_media":524296,"comment_status":"open","ping_status":"closed","template":"","meta":[],"product_brand":[],"product_cat":[353,355,356,354],"product_tag":[],"class_list":{"0":"post-526677","1":"product","2":"type-product","3":"status-publish","4":"has-post-thumbnail","6":"product_cat-carrelage","7":"product_cat-cuisines","8":"product_cat-faiences","9":"product_cat-carrelage-salle-de-bain","11":"first","12":"instock","13":"shipping-taxable","14":"purchasable","15":"product-type-simple"},"_links":{"self":[{"href":"https:\/\/tilefly.com\/fr\/wp-json\/wp\/v2\/product\/526677","targetHints":{"allow":["GET"]}}],"collection":[{"href":"https:\/\/tilefly.com\/fr\/wp-json\/wp\/v2\/product"}],"about":[{"href":"https:\/\/tilefly.com\/fr\/wp-json\/wp\/v2\/types\/product"}],"replies":[{"embeddable":true,"href":"https:\/\/tilefly.com\/fr\/wp-json\/wp\/v2\/comments?post=526677"}],"wp:featuredmedia":[{"embeddable":true,"href":"https:\/\/tilefly.com\/fr\/wp-json\/wp\/v2\/media\/524296"}],"wp:attachment":[{"href":"https:\/\/tilefly.com\/fr\/wp-json\/wp\/v2\/media?parent=526677"}],"wp:term":[{"taxonomy":"product_brand","embeddable":true,"href":"https:\/\/tilefly.com\/fr\/wp-json\/wp\/v2\/product_brand?post=526677"},{"taxonomy":"product_cat","embeddable":true,"href":"https:\/\/tilefly.com\/fr\/wp-json\/wp\/v2\/product_cat?post=526677"},{"taxonomy":"product_tag","embeddable":true,"href":"https:\/\/tilefly.com\/fr\/wp-json\/wp\/v2\/product_tag?post=526677"}],"curies":[{"name":"wp","href":"https:\/\/api.w.org\/{rel}","templated":true}]}}