{"id":526619,"date":"2022-03-18T09:50:29","date_gmt":"2024-04-15T20:51:58","guid":{"rendered":"https:\/\/tilefly.com\/producto\/calacatta-blanc-brillant-30x60\/"},"modified":"2024-04-15T23:01:11","modified_gmt":"2024-04-15T21:01:11","slug":"calacatta-blanc-brillant-30x60","status":"publish","type":"product","link":"https:\/\/tilefly.com\/fr\/produit\/calacatta-blanc-brillant-30x60\/","title":{"rendered":"CALACATTA BIANCO BRILLANT 30X60"},"content":{"rendered":"<p>Fa\u00efence en p\u00e2te blanche au format 30&#215;60 en finition brillante.<\/p><p>La Fa\u00efence d\u00e9cor\u00e9e Calacatta Bianco Panal est disponible au format 30&#215;60 en finition brillante.<\/p><p>L&#8217;\u00e9l\u00e9gance d&#8217;un classique intemporel, le marbre, un classique irrempla\u00e7able dans l&#8217;histoire du design et de la d\u00e9coration d&#8217;int\u00e9rieur.<\/p><p>Cette s\u00e9rie est disponible en finition brillante et naturelle.<\/p>","protected":false},"excerpt":{"rendered":"<p>Fa\u00efence en p\u00e2te blanche au format 30&#215;60 en finition brillante.La Fa\u00efence d\u00e9cor\u00e9e Calacatta Bianco Panal est disponible au format 30&#215;60 en finition brillante.L&#8217;\u00e9l\u00e9gance d&#8217;un classique intemporel, le marbre, un classique irrempla\u00e7able dans l&#8217;histoire du design et de la d\u00e9coration d&#8217;int\u00e9rieur.Cette s\u00e9rie est disponible en finition brillante et naturelle.<\/p>\n","protected":false},"featured_media":514462,"comment_status":"closed","ping_status":"closed","template":"","meta":[],"product_brand":[],"product_cat":[355,356,354,357],"product_tag":[],"class_list":{"0":"post-526619","1":"product","2":"type-product","3":"status-publish","4":"has-post-thumbnail","6":"product_cat-cuisines","7":"product_cat-faiences","8":"product_cat-carrelage-salle-de-bain","9":"product_cat-carrelage-salon","11":"first","12":"outofstock","13":"shipping-taxable","14":"purchasable","15":"product-type-simple"},"_links":{"self":[{"href":"https:\/\/tilefly.com\/fr\/wp-json\/wp\/v2\/product\/526619","targetHints":{"allow":["GET"]}}],"collection":[{"href":"https:\/\/tilefly.com\/fr\/wp-json\/wp\/v2\/product"}],"about":[{"href":"https:\/\/tilefly.com\/fr\/wp-json\/wp\/v2\/types\/product"}],"replies":[{"embeddable":true,"href":"https:\/\/tilefly.com\/fr\/wp-json\/wp\/v2\/comments?post=526619"}],"wp:featuredmedia":[{"embeddable":true,"href":"https:\/\/tilefly.com\/fr\/wp-json\/wp\/v2\/media\/514462"}],"wp:attachment":[{"href":"https:\/\/tilefly.com\/fr\/wp-json\/wp\/v2\/media?parent=526619"}],"wp:term":[{"taxonomy":"product_brand","embeddable":true,"href":"https:\/\/tilefly.com\/fr\/wp-json\/wp\/v2\/product_brand?post=526619"},{"taxonomy":"product_cat","embeddable":true,"href":"https:\/\/tilefly.com\/fr\/wp-json\/wp\/v2\/product_cat?post=526619"},{"taxonomy":"product_tag","embeddable":true,"href":"https:\/\/tilefly.com\/fr\/wp-json\/wp\/v2\/product_tag?post=526619"}],"curies":[{"name":"wp","href":"https:\/\/api.w.org\/{rel}","templated":true}]}}