{"id":526607,"date":"2023-09-08T09:01:38","date_gmt":"2023-09-08T07:01:38","guid":{"rendered":"https:\/\/tilefly.com\/producto\/eclipse-oro-pulido-60x120\/"},"modified":"2024-04-15T22:58:41","modified_gmt":"2024-04-15T20:58:41","slug":"eclipse-oro-pulido-60x120","status":"publish","type":"product","link":"https:\/\/tilefly.com\/fr\/produit\/eclipse-oro-pulido-60x120\/","title":{"rendered":"ECLIPSE GOLD POLI 60X120"},"content":{"rendered":"<p>Spacieux et \u00e9l\u00e9gant \u00e0 souhait.<\/p><p>Inspir\u00e9e du marbre, la s\u00e9rie Galassia se caract\u00e9rise par son aspect pur et sophistiqu\u00e9, conf\u00e9rant aux espaces une lumi\u00e8re et une pertinence qui leur sont propres.<\/p>","protected":false},"excerpt":{"rendered":"<p>Spacieux et \u00e9l\u00e9gant \u00e0 souhait.Inspir\u00e9e du marbre, la s\u00e9rie Galassia se caract\u00e9rise par son aspect pur et sophistiqu\u00e9, conf\u00e9rant aux espaces une lumi\u00e8re et une pertinence qui leur sont propres.<\/p>\n","protected":false},"featured_media":524796,"comment_status":"closed","ping_status":"closed","template":"","meta":[],"product_brand":[],"product_cat":[353,355,356,354,357],"product_tag":[],"class_list":{"0":"post-526607","1":"product","2":"type-product","3":"status-publish","4":"has-post-thumbnail","6":"product_cat-carrelage","7":"product_cat-cuisines","8":"product_cat-faiences","9":"product_cat-carrelage-salle-de-bain","10":"product_cat-carrelage-salon","12":"first","13":"outofstock","14":"shipping-taxable","15":"purchasable","16":"product-type-simple"},"_links":{"self":[{"href":"https:\/\/tilefly.com\/fr\/wp-json\/wp\/v2\/product\/526607","targetHints":{"allow":["GET"]}}],"collection":[{"href":"https:\/\/tilefly.com\/fr\/wp-json\/wp\/v2\/product"}],"about":[{"href":"https:\/\/tilefly.com\/fr\/wp-json\/wp\/v2\/types\/product"}],"replies":[{"embeddable":true,"href":"https:\/\/tilefly.com\/fr\/wp-json\/wp\/v2\/comments?post=526607"}],"wp:featuredmedia":[{"embeddable":true,"href":"https:\/\/tilefly.com\/fr\/wp-json\/wp\/v2\/media\/524796"}],"wp:attachment":[{"href":"https:\/\/tilefly.com\/fr\/wp-json\/wp\/v2\/media?parent=526607"}],"wp:term":[{"taxonomy":"product_brand","embeddable":true,"href":"https:\/\/tilefly.com\/fr\/wp-json\/wp\/v2\/product_brand?post=526607"},{"taxonomy":"product_cat","embeddable":true,"href":"https:\/\/tilefly.com\/fr\/wp-json\/wp\/v2\/product_cat?post=526607"},{"taxonomy":"product_tag","embeddable":true,"href":"https:\/\/tilefly.com\/fr\/wp-json\/wp\/v2\/product_tag?post=526607"}],"curies":[{"name":"wp","href":"https:\/\/api.w.org\/{rel}","templated":true}]}}