{"id":526602,"date":"2021-10-29T14:02:26","date_gmt":"2024-04-15T20:51:52","guid":{"rendered":"https:\/\/tilefly.com\/producto\/calacatta-bianco-60x60-poli\/"},"modified":"2024-04-15T22:51:52","modified_gmt":"2024-04-15T20:51:52","slug":"calacatta-bianco-60x60-poli","status":"publish","type":"product","link":"https:\/\/tilefly.com\/fr\/produit\/calacatta-bianco-60x60-poli\/","title":{"rendered":"CALACATTA BIANCO 60X60 POLI"},"content":{"rendered":"<h1><strong>Carreaux en Gr\u00e8s c\u00e9rame CALACATTA BIANCO 60X60 POLIS\u00c9<\/strong><\/h1><p>Ce carreau en gr\u00e8s c\u00e9rame au format cm, de finition Polie et de couleur Blanche est parfait pour votre int\u00e9rieur. Son mat\u00e9riau de fabrication est le gr\u00e8s c\u00e9rame.<\/p><p>Particularit\u00e9s : Imitation marbre<\/p>","protected":false},"excerpt":{"rendered":"<p>Carreaux en Gr\u00e8s c\u00e9rame CALACATTA BIANCO 60X60 POLIS\u00c9Ce carreau en gr\u00e8s c\u00e9rame au format cm, de finition Polie et de couleur Blanche est parfait pour votre int\u00e9rieur. Son mat\u00e9riau de fabrication est le gr\u00e8s c\u00e9rame.Particularit\u00e9s : Imitation marbre<\/p>\n","protected":false},"featured_media":513350,"comment_status":"closed","ping_status":"closed","template":"","meta":[],"product_brand":[],"product_cat":[353,355,356,354,357],"product_tag":[],"class_list":{"0":"post-526602","1":"product","2":"type-product","3":"status-publish","4":"has-post-thumbnail","6":"product_cat-carrelage","7":"product_cat-cuisines","8":"product_cat-faiences","9":"product_cat-carrelage-salle-de-bain","10":"product_cat-carrelage-salon","12":"first","13":"outofstock","14":"shipping-taxable","15":"purchasable","16":"product-type-simple"},"_links":{"self":[{"href":"https:\/\/tilefly.com\/fr\/wp-json\/wp\/v2\/product\/526602","targetHints":{"allow":["GET"]}}],"collection":[{"href":"https:\/\/tilefly.com\/fr\/wp-json\/wp\/v2\/product"}],"about":[{"href":"https:\/\/tilefly.com\/fr\/wp-json\/wp\/v2\/types\/product"}],"replies":[{"embeddable":true,"href":"https:\/\/tilefly.com\/fr\/wp-json\/wp\/v2\/comments?post=526602"}],"wp:featuredmedia":[{"embeddable":true,"href":"https:\/\/tilefly.com\/fr\/wp-json\/wp\/v2\/media\/513350"}],"wp:attachment":[{"href":"https:\/\/tilefly.com\/fr\/wp-json\/wp\/v2\/media?parent=526602"}],"wp:term":[{"taxonomy":"product_brand","embeddable":true,"href":"https:\/\/tilefly.com\/fr\/wp-json\/wp\/v2\/product_brand?post=526602"},{"taxonomy":"product_cat","embeddable":true,"href":"https:\/\/tilefly.com\/fr\/wp-json\/wp\/v2\/product_cat?post=526602"},{"taxonomy":"product_tag","embeddable":true,"href":"https:\/\/tilefly.com\/fr\/wp-json\/wp\/v2\/product_tag?post=526602"}],"curies":[{"name":"wp","href":"https:\/\/api.w.org\/{rel}","templated":true}]}}