{"id":526584,"date":"2024-01-20T15:32:02","date_gmt":"2024-04-15T20:37:06","guid":{"rendered":"https:\/\/tilefly.com\/producto\/plus-caliope-pearl-mt-60x60-rect-20mm-inout\/"},"modified":"2024-04-15T22:37:06","modified_gmt":"2024-04-15T20:37:06","slug":"plus-caliope-pearl-mt-60x60-rect-20mm-inout","status":"publish","type":"product","link":"https:\/\/tilefly.com\/fr\/produit\/plus-caliope-pearl-mt-60x60-rect-20mm-inout\/","title":{"rendered":"PLUS CALIOPE PEARL MT 60X60 RECT (20MM) INOUT"},"content":{"rendered":"<h1><strong>Carreaux gr\u00e8s c\u00e9rame PLUS CALIOPE PEARL MT 60X60 RECT (20MM) INOUT<\/strong><\/h1><p>Ce carreau de la s\u00e9rie CALIOPE au format 60X60 est un carreau en gr\u00e8s c\u00e9rame \u00e9maill\u00e9 de couleur perle avec une finition mate.<\/p><p>+&#8217;<\/p><p>Ce carreau est dot\u00e9 de la technologie INOUT, une caract\u00e9ristique du mat\u00e9riau qui le rend doux au toucher et antid\u00e9rapant entre C2-C3 et R10-R11, id\u00e9al pour une installation \u00e0 l&#8217;int\u00e9rieur et \u00e0 l&#8217;ext\u00e9rieur de la maison.<\/p><p>n&#8217;<\/p><h2 id=\"plus-caliope-pearl-mt-60x60-rect-20mm-inout\">PLUS CALIOPE PEARL MT 60X60 RECT (20MM) INOUT<\/h2><p>PLUS Caliope Pearl MT 60&#215;60 cm RECT avec 20 mm d&#8217;\u00e9paisseur INOUT est l&#8217;incarnation de la force et de la sophistication. Sa finition mate et son abat-jour nacr\u00e9 ajoutent une touche d&#8217;\u00e9l\u00e9gance discr\u00e8te \u00e0 tout environnement. Con\u00e7ue pour r\u00e9sister \u00e0 un usage intensif en int\u00e9rieur et en ext\u00e9rieur, cette dalle est id\u00e9ale pour les zones n\u00e9cessitant un mat\u00e9riau durable et esth\u00e9tique. La finition antid\u00e9rapante C3\/R10 garantit la s\u00e9curit\u00e9 et la fonctionnalit\u00e9 dans toutes les conditions.<\/p>","protected":false},"excerpt":{"rendered":"<p>Carreaux gr\u00e8s c\u00e9rame PLUS CALIOPE PEARL MT 60X60 RECT (20MM) INOUTCe carreau de la s\u00e9rie CALIOPE au format 60X60 est un carreau en gr\u00e8s c\u00e9rame \u00e9maill\u00e9 de couleur perle avec une finition mate.+&#8217;Ce carreau est dot\u00e9 de la technologie INOUT, une caract\u00e9ristique du mat\u00e9riau qui le rend doux au toucher et antid\u00e9rapant entre C2-C3 et [&hellip;]<\/p>\n","protected":false},"featured_media":525993,"comment_status":"open","ping_status":"closed","template":"","meta":[],"product_brand":[],"product_cat":[353],"product_tag":[],"class_list":{"0":"post-526584","1":"product","2":"type-product","3":"status-publish","4":"has-post-thumbnail","6":"product_cat-carrelage","8":"first","9":"outofstock","10":"shipping-taxable","11":"purchasable","12":"product-type-simple"},"_links":{"self":[{"href":"https:\/\/tilefly.com\/fr\/wp-json\/wp\/v2\/product\/526584","targetHints":{"allow":["GET"]}}],"collection":[{"href":"https:\/\/tilefly.com\/fr\/wp-json\/wp\/v2\/product"}],"about":[{"href":"https:\/\/tilefly.com\/fr\/wp-json\/wp\/v2\/types\/product"}],"replies":[{"embeddable":true,"href":"https:\/\/tilefly.com\/fr\/wp-json\/wp\/v2\/comments?post=526584"}],"wp:featuredmedia":[{"embeddable":true,"href":"https:\/\/tilefly.com\/fr\/wp-json\/wp\/v2\/media\/525993"}],"wp:attachment":[{"href":"https:\/\/tilefly.com\/fr\/wp-json\/wp\/v2\/media?parent=526584"}],"wp:term":[{"taxonomy":"product_brand","embeddable":true,"href":"https:\/\/tilefly.com\/fr\/wp-json\/wp\/v2\/product_brand?post=526584"},{"taxonomy":"product_cat","embeddable":true,"href":"https:\/\/tilefly.com\/fr\/wp-json\/wp\/v2\/product_cat?post=526584"},{"taxonomy":"product_tag","embeddable":true,"href":"https:\/\/tilefly.com\/fr\/wp-json\/wp\/v2\/product_tag?post=526584"}],"curies":[{"name":"wp","href":"https:\/\/api.w.org\/{rel}","templated":true}]}}