{"id":526516,"date":"2024-01-26T17:08:55","date_gmt":"2024-01-26T16:08:55","guid":{"rendered":"https:\/\/tilefly.com\/producto\/blaze-haya-mt-30x150-rect\/"},"modified":"2024-04-24T16:54:03","modified_gmt":"2024-04-24T14:54:03","slug":"blaze-haya-mt-30x150-rect","status":"publish","type":"product","link":"https:\/\/tilefly.com\/fr\/produit\/blaze-haya-mt-30x150-rect\/","title":{"rendered":"BLAZE HAYA MT 30X150 RECT"},"content":{"rendered":"<h1><strong>Carreaux en gr\u00e8s c\u00e9rame \u00e9maill\u00e9 BLAZE HAYA MT 30X150 RECT<\/strong><\/h1><p>Ce carreau de la s\u00e9rie BLAZE au format 30X150 est un gr\u00e8s c\u00e9rame \u00e9maill\u00e9 de couleur h\u00eatre en finition mate.<\/p><h2>BLAZE BEECH MT 30X150 RECT<\/h2><p>La tuile BLAZE HAYA MT 30X150 RECT constitue un choix \u00e9l\u00e9gant avec sa finition mate et son coloris h\u00eatre. Apportez la beaut\u00e9 du bois dans vos espaces int\u00e9rieurs, en cr\u00e9ant une atmosph\u00e8re chaleureuse. Son format rectifi\u00e9 convient parfaitement aux designs contemporains et traditionnels.<\/p>","protected":false},"excerpt":{"rendered":"<p>Carreaux en gr\u00e8s c\u00e9rame \u00e9maill\u00e9 BLAZE HAYA MT 30X150 RECTCe carreau de la s\u00e9rie BLAZE au format 30X150 est un gr\u00e8s c\u00e9rame \u00e9maill\u00e9 de couleur h\u00eatre en finition mate.BLAZE BEECH MT 30X150 RECTLa tuile BLAZE HAYA MT 30X150 RECT constitue un choix \u00e9l\u00e9gant avec sa finition mate et son coloris h\u00eatre. Apportez la beaut\u00e9 du [&hellip;]<\/p>\n","protected":false},"featured_media":526250,"comment_status":"open","ping_status":"closed","template":"","meta":[],"product_brand":[],"product_cat":[353,355,356,354],"product_tag":[],"class_list":{"0":"post-526516","1":"product","2":"type-product","3":"status-publish","4":"has-post-thumbnail","6":"product_cat-carrelage","7":"product_cat-cuisines","8":"product_cat-faiences","9":"product_cat-carrelage-salle-de-bain","11":"first","12":"instock","13":"shipping-taxable","14":"purchasable","15":"product-type-simple"},"_links":{"self":[{"href":"https:\/\/tilefly.com\/fr\/wp-json\/wp\/v2\/product\/526516","targetHints":{"allow":["GET"]}}],"collection":[{"href":"https:\/\/tilefly.com\/fr\/wp-json\/wp\/v2\/product"}],"about":[{"href":"https:\/\/tilefly.com\/fr\/wp-json\/wp\/v2\/types\/product"}],"replies":[{"embeddable":true,"href":"https:\/\/tilefly.com\/fr\/wp-json\/wp\/v2\/comments?post=526516"}],"wp:featuredmedia":[{"embeddable":true,"href":"https:\/\/tilefly.com\/fr\/wp-json\/wp\/v2\/media\/526250"}],"wp:attachment":[{"href":"https:\/\/tilefly.com\/fr\/wp-json\/wp\/v2\/media?parent=526516"}],"wp:term":[{"taxonomy":"product_brand","embeddable":true,"href":"https:\/\/tilefly.com\/fr\/wp-json\/wp\/v2\/product_brand?post=526516"},{"taxonomy":"product_cat","embeddable":true,"href":"https:\/\/tilefly.com\/fr\/wp-json\/wp\/v2\/product_cat?post=526516"},{"taxonomy":"product_tag","embeddable":true,"href":"https:\/\/tilefly.com\/fr\/wp-json\/wp\/v2\/product_tag?post=526516"}],"curies":[{"name":"wp","href":"https:\/\/api.w.org\/{rel}","templated":true}]}}