{"id":135754,"date":"2020-10-19T07:47:28","date_gmt":"2020-10-19T05:47:28","guid":{"rendered":"https:\/\/tilefly.com\/producto\/revestimiento-porcelanico-transverse-2-crackle-147x147\/"},"modified":"2025-05-28T00:45:37","modified_gmt":"2025-05-27T22:45:37","slug":"revestimiento-porcelanico-transverse-2-crackle-147x147","status":"publish","type":"product","link":"https:\/\/tilefly.com\/fr\/produit\/revestimiento-porcelanico-transverse-2-crackle-147x147\/","title":{"rendered":"TRANSVERSE 2 CRACKLE 14,7&#215;14,7"},"content":{"rendered":"<p>Porcel\u00e1nico de 14,7&#215;14,7 inspirado en las grietas de la cer\u00e1mica antigua. Sobre el relieve 2 se a\u00f1ade este efecto en tonalidad topo con elevado nivel de destonificaci\u00f3n. Perfecto para crear estancias con atm\u00f3sfera zen y combinarse con Transverse 2 clay y pavimentos y revestimientos de la serie Hipster y Fancy.<\/p>","protected":false},"excerpt":{"rendered":"<p>Porcel\u00e1nico de 14,7&#215;14,7 inspirado en las grietas de la cer\u00e1mica antigua. Sobre el relieve 2 se a\u00f1ade este efecto en tonalidad topo con elevado nivel de destonificaci\u00f3n. Perfecto para crear estancias con atm\u00f3sfera zen y combinarse con Transverse 2 clay y pavimentos y revestimientos de la serie Hipster y Fancy.<\/p>\n","protected":false},"featured_media":135756,"comment_status":"open","ping_status":"closed","template":"","meta":[],"product_brand":[],"product_cat":[354,355,356],"product_tag":[],"class_list":{"0":"post-135754","1":"product","2":"type-product","3":"status-publish","4":"has-post-thumbnail","6":"product_cat-carrelage-salle-de-bain","7":"product_cat-cuisines","8":"product_cat-faiences","10":"first","11":"outofstock","12":"shipping-taxable","13":"purchasable","14":"product-type-simple"},"_links":{"self":[{"href":"https:\/\/tilefly.com\/fr\/wp-json\/wp\/v2\/product\/135754","targetHints":{"allow":["GET"]}}],"collection":[{"href":"https:\/\/tilefly.com\/fr\/wp-json\/wp\/v2\/product"}],"about":[{"href":"https:\/\/tilefly.com\/fr\/wp-json\/wp\/v2\/types\/product"}],"replies":[{"embeddable":true,"href":"https:\/\/tilefly.com\/fr\/wp-json\/wp\/v2\/comments?post=135754"}],"wp:featuredmedia":[{"embeddable":true,"href":"https:\/\/tilefly.com\/fr\/wp-json\/wp\/v2\/media\/135756"}],"wp:attachment":[{"href":"https:\/\/tilefly.com\/fr\/wp-json\/wp\/v2\/media?parent=135754"}],"wp:term":[{"taxonomy":"product_brand","embeddable":true,"href":"https:\/\/tilefly.com\/fr\/wp-json\/wp\/v2\/product_brand?post=135754"},{"taxonomy":"product_cat","embeddable":true,"href":"https:\/\/tilefly.com\/fr\/wp-json\/wp\/v2\/product_cat?post=135754"},{"taxonomy":"product_tag","embeddable":true,"href":"https:\/\/tilefly.com\/fr\/wp-json\/wp\/v2\/product_tag?post=135754"}],"curies":[{"name":"wp","href":"https:\/\/api.w.org\/{rel}","templated":true}]}}