{"id":135686,"date":"2020-10-19T07:47:28","date_gmt":"2020-10-19T05:47:28","guid":{"rendered":"https:\/\/tilefly.com\/producto\/mosaico-teide-dk-32x32\/"},"modified":"2024-05-06T00:01:02","modified_gmt":"2024-05-05T22:01:02","slug":"mosaico-teide-dk-32x32","status":"publish","type":"product","link":"https:\/\/tilefly.com\/fr\/produit\/mosaico-teide-dk-32x32\/","title":{"rendered":"TEIDE-DK 32X32"},"content":{"rendered":"<p>Moderno mosaico en tonos grises  y negros, combina teselas de distintos tama\u00f1os en piedra y cristal. Muy f\u00e1cil de combinar, es un mosaico perfecto para destacar ciertas \u00e1reas en la decoraci\u00f3n de espacios p\u00fablicos y privados.<\/p>","protected":false},"excerpt":{"rendered":"<p>Moderno mosaico en tonos grises y negros, combina teselas de distintos tama\u00f1os en piedra y cristal. Muy f\u00e1cil de combinar, es un mosaico perfecto para destacar ciertas \u00e1reas en la decoraci\u00f3n de espacios p\u00fablicos y privados.<\/p>\n","protected":false},"featured_media":135688,"comment_status":"open","ping_status":"closed","template":"","meta":[],"product_brand":[],"product_cat":[354,355,356],"product_tag":[],"class_list":{"0":"post-135686","1":"product","2":"type-product","3":"status-publish","4":"has-post-thumbnail","6":"product_cat-carrelage-salle-de-bain","7":"product_cat-cuisines","8":"product_cat-faiences","10":"first","11":"instock","12":"shipping-taxable","13":"purchasable","14":"product-type-simple"},"_links":{"self":[{"href":"https:\/\/tilefly.com\/fr\/wp-json\/wp\/v2\/product\/135686","targetHints":{"allow":["GET"]}}],"collection":[{"href":"https:\/\/tilefly.com\/fr\/wp-json\/wp\/v2\/product"}],"about":[{"href":"https:\/\/tilefly.com\/fr\/wp-json\/wp\/v2\/types\/product"}],"replies":[{"embeddable":true,"href":"https:\/\/tilefly.com\/fr\/wp-json\/wp\/v2\/comments?post=135686"}],"wp:featuredmedia":[{"embeddable":true,"href":"https:\/\/tilefly.com\/fr\/wp-json\/wp\/v2\/media\/135688"}],"wp:attachment":[{"href":"https:\/\/tilefly.com\/fr\/wp-json\/wp\/v2\/media?parent=135686"}],"wp:term":[{"taxonomy":"product_brand","embeddable":true,"href":"https:\/\/tilefly.com\/fr\/wp-json\/wp\/v2\/product_brand?post=135686"},{"taxonomy":"product_cat","embeddable":true,"href":"https:\/\/tilefly.com\/fr\/wp-json\/wp\/v2\/product_cat?post=135686"},{"taxonomy":"product_tag","embeddable":true,"href":"https:\/\/tilefly.com\/fr\/wp-json\/wp\/v2\/product_tag?post=135686"}],"curies":[{"name":"wp","href":"https:\/\/api.w.org\/{rel}","templated":true}]}}