{"id":133646,"date":"2020-10-18T23:58:16","date_gmt":"2020-10-18T21:58:16","guid":{"rendered":"https:\/\/tilefly.com\/producto\/revestimiento-porcelanico-romina-147x147\/"},"modified":"2024-12-13T11:11:32","modified_gmt":"2024-12-13T10:11:32","slug":"revestimiento-porcelanico-romina-147x147","status":"publish","type":"product","link":"https:\/\/tilefly.com\/fr\/produit\/revestimiento-porcelanico-romina-147x147\/","title":{"rendered":"ROMINA 14,7X14,7"},"content":{"rendered":"<h1><strong>Azulejo Porcel\u00e1nico ROMINA 14,7X14,7<\/strong><\/h1><p>Este azulejo Porcel\u00e1nico en formato  cm, acabado Brillo y color Blanco, Verde es perfecto para tu hogar. Su material de fabricaci\u00f3n es Porcel\u00e1nico.<\/p><p>Caracter\u00edsticas especiales: Decorado, Hidraulico<\/p>","protected":false},"excerpt":{"rendered":"<p>Azulejo Porcel\u00e1nico ROMINA 14,7X14,7Este azulejo Porcel\u00e1nico en formato cm, acabado Brillo y color Blanco, Verde es perfecto para tu hogar. Su material de fabricaci\u00f3n es Porcel\u00e1nico.Caracter\u00edsticas especiales: Decorado, Hidraulico<\/p>\n","protected":false},"featured_media":133648,"comment_status":"open","ping_status":"closed","template":"","meta":[],"product_brand":[],"product_cat":[305,306,304],"product_tag":[],"class_list":{"0":"post-133646","1":"product","2":"type-product","3":"status-publish","4":"has-post-thumbnail","6":"product_cat-banos","7":"product_cat-cocina","8":"product_cat-revestimiento","10":"first","11":"instock","12":"shipping-taxable","13":"purchasable","14":"product-type-simple"},"_links":{"self":[{"href":"https:\/\/tilefly.com\/fr\/wp-json\/wp\/v2\/product\/133646","targetHints":{"allow":["GET"]}}],"collection":[{"href":"https:\/\/tilefly.com\/fr\/wp-json\/wp\/v2\/product"}],"about":[{"href":"https:\/\/tilefly.com\/fr\/wp-json\/wp\/v2\/types\/product"}],"replies":[{"embeddable":true,"href":"https:\/\/tilefly.com\/fr\/wp-json\/wp\/v2\/comments?post=133646"}],"wp:featuredmedia":[{"embeddable":true,"href":"https:\/\/tilefly.com\/fr\/wp-json\/wp\/v2\/media\/133648"}],"wp:attachment":[{"href":"https:\/\/tilefly.com\/fr\/wp-json\/wp\/v2\/media?parent=133646"}],"wp:term":[{"taxonomy":"product_brand","embeddable":true,"href":"https:\/\/tilefly.com\/fr\/wp-json\/wp\/v2\/product_brand?post=133646"},{"taxonomy":"product_cat","embeddable":true,"href":"https:\/\/tilefly.com\/fr\/wp-json\/wp\/v2\/product_cat?post=133646"},{"taxonomy":"product_tag","embeddable":true,"href":"https:\/\/tilefly.com\/fr\/wp-json\/wp\/v2\/product_tag?post=133646"}],"curies":[{"name":"wp","href":"https:\/\/api.w.org\/{rel}","templated":true}]}}