{"id":133640,"date":"2020-10-18T23:58:16","date_gmt":"2020-10-18T21:58:16","guid":{"rendered":"https:\/\/tilefly.com\/producto\/pavimento-porcelanico-rodapie-selene-light-rec-8x90\/"},"modified":"2024-05-06T00:00:51","modified_gmt":"2024-05-05T22:00:51","slug":"pavimento-porcelanico-rodapie-selene-light-rec-8x90","status":"publish","type":"product","link":"https:\/\/tilefly.com\/fr\/produit\/pavimento-porcelanico-rodapie-selene-light-rec-8x90\/","title":{"rendered":"RODAPIE SELENE LIGHT REC 8X90"},"content":{"rendered":"<h1><strong>Azulejo Pasta Blanca RODAPIE SELENE LIGHT REC 8X90<\/strong><\/h1><p>Este azulejo Pasta Blanca en formato  cm, acabado Brillo y color Blanco es perfecto para tu hogar. Su material de fabricaci\u00f3n es Pasta Blanca.<\/p><p>Caracter\u00edsticas especiales: Imitaci\u00f3n cemento<\/p>","protected":false},"excerpt":{"rendered":"<p>Azulejo Pasta Blanca RODAPIE SELENE LIGHT REC 8X90Este azulejo Pasta Blanca en formato cm, acabado Brillo y color Blanco es perfecto para tu hogar. Su material de fabricaci\u00f3n es Pasta Blanca.Caracter\u00edsticas especiales: Imitaci\u00f3n cemento<\/p>\n","protected":false},"featured_media":133640,"comment_status":"open","ping_status":"closed","template":"","meta":[],"product_brand":[],"product_cat":[457,458,459],"product_tag":[],"class_list":{"0":"post-133640","1":"product","2":"type-product","3":"status-publish","4":"has-post-thumbnail","6":"product_cat-badezimmer","7":"product_cat-kuchen","8":"product_cat-wandfliesen","10":"first","11":"instock","12":"shipping-taxable","13":"purchasable","14":"product-type-simple"},"_links":{"self":[{"href":"https:\/\/tilefly.com\/fr\/wp-json\/wp\/v2\/product\/133640","targetHints":{"allow":["GET"]}}],"collection":[{"href":"https:\/\/tilefly.com\/fr\/wp-json\/wp\/v2\/product"}],"about":[{"href":"https:\/\/tilefly.com\/fr\/wp-json\/wp\/v2\/types\/product"}],"replies":[{"embeddable":true,"href":"https:\/\/tilefly.com\/fr\/wp-json\/wp\/v2\/comments?post=133640"}],"wp:featuredmedia":[{"embeddable":true,"href":"https:\/\/tilefly.com\/fr\/wp-json\/wp\/v2\/product\/133640"}],"wp:attachment":[{"href":"https:\/\/tilefly.com\/fr\/wp-json\/wp\/v2\/media?parent=133640"}],"wp:term":[{"taxonomy":"product_brand","embeddable":true,"href":"https:\/\/tilefly.com\/fr\/wp-json\/wp\/v2\/product_brand?post=133640"},{"taxonomy":"product_cat","embeddable":true,"href":"https:\/\/tilefly.com\/fr\/wp-json\/wp\/v2\/product_cat?post=133640"},{"taxonomy":"product_tag","embeddable":true,"href":"https:\/\/tilefly.com\/fr\/wp-json\/wp\/v2\/product_tag?post=133640"}],"curies":[{"name":"wp","href":"https:\/\/api.w.org\/{rel}","templated":true}]}}