{"id":133234,"date":"2020-10-18T23:58:16","date_gmt":"2020-10-18T21:58:16","guid":{"rendered":"https:\/\/tilefly.com\/producto\/mosaico-namia-dk-295-x-292\/"},"modified":"2024-05-06T00:01:01","modified_gmt":"2024-05-05T22:01:01","slug":"mosaico-namia-dk-295-x-292","status":"publish","type":"product","link":"https:\/\/tilefly.com\/fr\/produit\/mosaico-namia-dk-295-x-292\/","title":{"rendered":"NAMIA-DK 29,5 X 29,2"},"content":{"rendered":"<p>Moderno mosaico en tonos plateados y negros, combina peque\u00f1as teselas de cer\u00e1mica y pizarra metalizada para destacar ciertas \u00e1reas en la decoraci\u00f3n de la estancia.<\/p>","protected":false},"excerpt":{"rendered":"<p>Moderno mosaico en tonos plateados y negros, combina peque\u00f1as teselas de cer\u00e1mica y pizarra metalizada para destacar ciertas \u00e1reas en la decoraci\u00f3n de la estancia.<\/p>\n","protected":false},"featured_media":133236,"comment_status":"open","ping_status":"closed","template":"","meta":[],"product_brand":[],"product_cat":[562,563,564],"product_tag":[],"class_list":{"0":"post-133234","1":"product","2":"type-product","3":"status-publish","4":"has-post-thumbnail","6":"product_cat-badkamer-tegels","7":"product_cat-keuken-tegel","8":"product_cat-wandtegels","10":"first","11":"instock","12":"shipping-taxable","13":"purchasable","14":"product-type-simple"},"_links":{"self":[{"href":"https:\/\/tilefly.com\/fr\/wp-json\/wp\/v2\/product\/133234","targetHints":{"allow":["GET"]}}],"collection":[{"href":"https:\/\/tilefly.com\/fr\/wp-json\/wp\/v2\/product"}],"about":[{"href":"https:\/\/tilefly.com\/fr\/wp-json\/wp\/v2\/types\/product"}],"replies":[{"embeddable":true,"href":"https:\/\/tilefly.com\/fr\/wp-json\/wp\/v2\/comments?post=133234"}],"wp:featuredmedia":[{"embeddable":true,"href":"https:\/\/tilefly.com\/fr\/wp-json\/wp\/v2\/media\/133236"}],"wp:attachment":[{"href":"https:\/\/tilefly.com\/fr\/wp-json\/wp\/v2\/media?parent=133234"}],"wp:term":[{"taxonomy":"product_brand","embeddable":true,"href":"https:\/\/tilefly.com\/fr\/wp-json\/wp\/v2\/product_brand?post=133234"},{"taxonomy":"product_cat","embeddable":true,"href":"https:\/\/tilefly.com\/fr\/wp-json\/wp\/v2\/product_cat?post=133234"},{"taxonomy":"product_tag","embeddable":true,"href":"https:\/\/tilefly.com\/fr\/wp-json\/wp\/v2\/product_tag?post=133234"}],"curies":[{"name":"wp","href":"https:\/\/api.w.org\/{rel}","templated":true}]}}