{"id":133194,"date":"2020-10-18T23:58:16","date_gmt":"2020-10-18T21:58:16","guid":{"rendered":"https:\/\/tilefly.com\/producto\/mosaico-ceramica-mosaico-minimetro-negro-291x296\/"},"modified":"2023-03-22T12:46:56","modified_gmt":"2023-03-22T11:46:56","slug":"mosaico-ceramica-mosaico-minimetro-negro-291x296","status":"publish","type":"product","link":"https:\/\/tilefly.com\/fr\/produit\/mosaico-ceramica-mosaico-minimetro-negro-291x296\/","title":{"rendered":"MOSAICO MINIMETRO NEGRO 29,1X29,6"},"content":{"rendered":"<p>La serie METRO nos transporta al Nueva York de principios de siglo XX, cuando la ciudad recubre las paredes de sus estaciones con un azulejo similar al ladrillo pero de aspecto m\u00e1s limpio y refinado, aunque muy resistente y f\u00e1cil de limpiar. La moda siempre vuelve y este cl\u00e1sico ha venido para quedarse. Disponible en una gran variedad de formatos en color negro brillo  y en blanco brillo y mate, la serie METRO es un must para los espacios m\u00e1s actuales.<\/p>","protected":false},"excerpt":{"rendered":"<p>La serie METRO nos transporta al Nueva York de principios de siglo XX, cuando la ciudad recubre las paredes de sus estaciones con un azulejo similar al ladrillo pero de aspecto m\u00e1s limpio y refinado, aunque muy resistente y f\u00e1cil de limpiar. La moda siempre vuelve y este cl\u00e1sico ha venido para quedarse. Disponible en [&hellip;]<\/p>\n","protected":false},"featured_media":133196,"comment_status":"open","ping_status":"closed","template":"","meta":[],"product_brand":[],"product_cat":[354,355,356],"product_tag":[],"class_list":{"0":"post-133194","1":"product","2":"type-product","3":"status-publish","4":"has-post-thumbnail","6":"product_cat-carrelage-salle-de-bain","7":"product_cat-cuisines","8":"product_cat-faiences","10":"first","11":"instock","12":"shipping-taxable","13":"purchasable","14":"product-type-simple"},"_links":{"self":[{"href":"https:\/\/tilefly.com\/fr\/wp-json\/wp\/v2\/product\/133194","targetHints":{"allow":["GET"]}}],"collection":[{"href":"https:\/\/tilefly.com\/fr\/wp-json\/wp\/v2\/product"}],"about":[{"href":"https:\/\/tilefly.com\/fr\/wp-json\/wp\/v2\/types\/product"}],"replies":[{"embeddable":true,"href":"https:\/\/tilefly.com\/fr\/wp-json\/wp\/v2\/comments?post=133194"}],"wp:featuredmedia":[{"embeddable":true,"href":"https:\/\/tilefly.com\/fr\/wp-json\/wp\/v2\/media\/133196"}],"wp:attachment":[{"href":"https:\/\/tilefly.com\/fr\/wp-json\/wp\/v2\/media?parent=133194"}],"wp:term":[{"taxonomy":"product_brand","embeddable":true,"href":"https:\/\/tilefly.com\/fr\/wp-json\/wp\/v2\/product_brand?post=133194"},{"taxonomy":"product_cat","embeddable":true,"href":"https:\/\/tilefly.com\/fr\/wp-json\/wp\/v2\/product_cat?post=133194"},{"taxonomy":"product_tag","embeddable":true,"href":"https:\/\/tilefly.com\/fr\/wp-json\/wp\/v2\/product_tag?post=133194"}],"curies":[{"name":"wp","href":"https:\/\/api.w.org\/{rel}","templated":true}]}}