{"id":133182,"date":"2020-10-18T23:58:16","date_gmt":"2020-10-18T21:58:16","guid":{"rendered":"https:\/\/tilefly.com\/producto\/mosaico-ceramica-mosaico-lux-12x12-30x30\/"},"modified":"2024-05-06T00:01:03","modified_gmt":"2024-05-05T22:01:03","slug":"mosaico-ceramica-mosaico-lux-12x12-30x30","status":"publish","type":"product","link":"https:\/\/tilefly.com\/fr\/produit\/mosaico-ceramica-mosaico-lux-12x12-30x30\/","title":{"rendered":"MOSAICO LUX 1,2X1,2 30X30"},"content":{"rendered":"<p>La base lisa Calacatta Lux se transforma en peque\u00f1os trocitos desiguales a los que se les a\u00f1ade lustre en algunas teselas. Una clara reproducci\u00f3n de los mosaicos romanos. Disponible en teselas de formato 2,2&#215;4,8 y 1&#215;1<\/p>","protected":false},"excerpt":{"rendered":"<p>La base lisa Calacatta Lux se transforma en peque\u00f1os trocitos desiguales a los que se les a\u00f1ade lustre en algunas teselas. Una clara reproducci\u00f3n de los mosaicos romanos. Disponible en teselas de formato 2,2&#215;4,8 y 1&#215;1<\/p>\n","protected":false},"featured_media":133184,"comment_status":"open","ping_status":"closed","template":"","meta":[],"product_brand":[],"product_cat":[305,306,304],"product_tag":[],"class_list":{"0":"post-133182","1":"product","2":"type-product","3":"status-publish","4":"has-post-thumbnail","6":"product_cat-banos","7":"product_cat-cocina","8":"product_cat-revestimiento","10":"first","11":"instock","12":"shipping-taxable","13":"purchasable","14":"product-type-simple"},"_links":{"self":[{"href":"https:\/\/tilefly.com\/fr\/wp-json\/wp\/v2\/product\/133182","targetHints":{"allow":["GET"]}}],"collection":[{"href":"https:\/\/tilefly.com\/fr\/wp-json\/wp\/v2\/product"}],"about":[{"href":"https:\/\/tilefly.com\/fr\/wp-json\/wp\/v2\/types\/product"}],"replies":[{"embeddable":true,"href":"https:\/\/tilefly.com\/fr\/wp-json\/wp\/v2\/comments?post=133182"}],"wp:featuredmedia":[{"embeddable":true,"href":"https:\/\/tilefly.com\/fr\/wp-json\/wp\/v2\/media\/133184"}],"wp:attachment":[{"href":"https:\/\/tilefly.com\/fr\/wp-json\/wp\/v2\/media?parent=133182"}],"wp:term":[{"taxonomy":"product_brand","embeddable":true,"href":"https:\/\/tilefly.com\/fr\/wp-json\/wp\/v2\/product_brand?post=133182"},{"taxonomy":"product_cat","embeddable":true,"href":"https:\/\/tilefly.com\/fr\/wp-json\/wp\/v2\/product_cat?post=133182"},{"taxonomy":"product_tag","embeddable":true,"href":"https:\/\/tilefly.com\/fr\/wp-json\/wp\/v2\/product_tag?post=133182"}],"curies":[{"name":"wp","href":"https:\/\/api.w.org\/{rel}","templated":true}]}}