{"id":124008,"date":"2020-10-16T07:46:07","date_gmt":"2020-10-16T05:46:07","guid":{"rendered":"https:\/\/tilefly.com\/producto\/revestimiento-cristal-identity-glass-15x60\/"},"modified":"2025-05-28T00:29:54","modified_gmt":"2025-05-27T22:29:54","slug":"revestimiento-cristal-identity-glass-15x60","status":"publish","type":"product","link":"https:\/\/tilefly.com\/fr\/produit\/revestimiento-cristal-identity-glass-15x60\/","title":{"rendered":"IDENTITY GLASS 15X60"},"content":{"rendered":"<p>Soberbio dise\u00f1o realizado en vidrio termoformado, que presenta un relieve decorado con la t\u00e9cnica de los cl\u00e1sicos espejos manchados que, gracias a la aplicaci\u00f3n de part\u00edculas de diversos metales, genera todos los colores del arco-iris sobre un fondo plateado.<\/p>","protected":false},"excerpt":{"rendered":"<p>Soberbio dise\u00f1o realizado en vidrio termoformado, que presenta un relieve decorado con la t\u00e9cnica de los cl\u00e1sicos espejos manchados que, gracias a la aplicaci\u00f3n de part\u00edculas de diversos metales, genera todos los colores del arco-iris sobre un fondo plateado.<\/p>\n","protected":false},"featured_media":124010,"comment_status":"open","ping_status":"closed","template":"","meta":[],"product_brand":[],"product_cat":[847,848,827],"product_tag":[],"class_list":{"0":"post-124008","1":"product","2":"type-product","3":"status-publish","4":"has-post-thumbnail","6":"product_cat-bagni","7":"product_cat-cucine","8":"product_cat-rivestimento","10":"first","11":"outofstock","12":"shipping-taxable","13":"purchasable","14":"product-type-simple"},"_links":{"self":[{"href":"https:\/\/tilefly.com\/fr\/wp-json\/wp\/v2\/product\/124008","targetHints":{"allow":["GET"]}}],"collection":[{"href":"https:\/\/tilefly.com\/fr\/wp-json\/wp\/v2\/product"}],"about":[{"href":"https:\/\/tilefly.com\/fr\/wp-json\/wp\/v2\/types\/product"}],"replies":[{"embeddable":true,"href":"https:\/\/tilefly.com\/fr\/wp-json\/wp\/v2\/comments?post=124008"}],"wp:featuredmedia":[{"embeddable":true,"href":"https:\/\/tilefly.com\/fr\/wp-json\/wp\/v2\/media\/124010"}],"wp:attachment":[{"href":"https:\/\/tilefly.com\/fr\/wp-json\/wp\/v2\/media?parent=124008"}],"wp:term":[{"taxonomy":"product_brand","embeddable":true,"href":"https:\/\/tilefly.com\/fr\/wp-json\/wp\/v2\/product_brand?post=124008"},{"taxonomy":"product_cat","embeddable":true,"href":"https:\/\/tilefly.com\/fr\/wp-json\/wp\/v2\/product_cat?post=124008"},{"taxonomy":"product_tag","embeddable":true,"href":"https:\/\/tilefly.com\/fr\/wp-json\/wp\/v2\/product_tag?post=124008"}],"curies":[{"name":"wp","href":"https:\/\/api.w.org\/{rel}","templated":true}]}}