{"id":123837,"date":"2020-10-16T07:46:07","date_gmt":"2020-10-16T05:46:07","guid":{"rendered":"https:\/\/tilefly.com\/producto\/revestimiento-ceramica-forma-bisel-oro-12x14\/"},"modified":"2025-05-28T00:29:34","modified_gmt":"2025-05-27T22:29:34","slug":"revestimiento-ceramica-forma-bisel-oro-12x14","status":"publish","type":"product","link":"https:\/\/tilefly.com\/fr\/produit\/revestimiento-ceramica-forma-bisel-oro-12x14\/","title":{"rendered":"FORMA BISEL ORO 12X14"},"content":{"rendered":"<p>Delicado azulejo en forma de bisel. Es un \u201ccasi cuadrado\u201d por su original formato. Destaca el contraste entre el brillo de la zona biselada y el mate del centro de la pieza, realzado por el aspecto met\u00e1lico del color oro. Se puede utilizar s\u00f3lo para crear \u00e1reas metalizadas o combinado con los azulejos blancos y negros, para dar un toque decorativo.<\/p>","protected":false},"excerpt":{"rendered":"<p>Delicado azulejo en forma de bisel. Es un \u201ccasi cuadrado\u201d por su original formato. Destaca el contraste entre el brillo de la zona biselada y el mate del centro de la pieza, realzado por el aspecto met\u00e1lico del color oro. Se puede utilizar s\u00f3lo para crear \u00e1reas metalizadas o combinado con los azulejos blancos y [&hellip;]<\/p>\n","protected":false},"featured_media":123839,"comment_status":"open","ping_status":"closed","template":"","meta":[],"product_brand":[],"product_cat":[457,458,459],"product_tag":[],"class_list":{"0":"post-123837","1":"product","2":"type-product","3":"status-publish","4":"has-post-thumbnail","6":"product_cat-badezimmer","7":"product_cat-kuchen","8":"product_cat-wandfliesen","10":"first","11":"outofstock","12":"shipping-taxable","13":"purchasable","14":"product-type-simple"},"_links":{"self":[{"href":"https:\/\/tilefly.com\/fr\/wp-json\/wp\/v2\/product\/123837","targetHints":{"allow":["GET"]}}],"collection":[{"href":"https:\/\/tilefly.com\/fr\/wp-json\/wp\/v2\/product"}],"about":[{"href":"https:\/\/tilefly.com\/fr\/wp-json\/wp\/v2\/types\/product"}],"replies":[{"embeddable":true,"href":"https:\/\/tilefly.com\/fr\/wp-json\/wp\/v2\/comments?post=123837"}],"wp:featuredmedia":[{"embeddable":true,"href":"https:\/\/tilefly.com\/fr\/wp-json\/wp\/v2\/media\/123839"}],"wp:attachment":[{"href":"https:\/\/tilefly.com\/fr\/wp-json\/wp\/v2\/media?parent=123837"}],"wp:term":[{"taxonomy":"product_brand","embeddable":true,"href":"https:\/\/tilefly.com\/fr\/wp-json\/wp\/v2\/product_brand?post=123837"},{"taxonomy":"product_cat","embeddable":true,"href":"https:\/\/tilefly.com\/fr\/wp-json\/wp\/v2\/product_cat?post=123837"},{"taxonomy":"product_tag","embeddable":true,"href":"https:\/\/tilefly.com\/fr\/wp-json\/wp\/v2\/product_tag?post=123837"}],"curies":[{"name":"wp","href":"https:\/\/api.w.org\/{rel}","templated":true}]}}