{"id":116652,"date":"2020-10-13T00:19:29","date_gmt":"2020-10-12T22:19:29","guid":{"rendered":"https:\/\/tilefly.com\/producto\/mosaico-porcelanico-abbot-26x30\/"},"modified":"2024-05-06T00:00:56","modified_gmt":"2024-05-05T22:00:56","slug":"mosaico-porcelanico-abbot-26x30","status":"publish","type":"product","link":"https:\/\/tilefly.com\/fr\/produit\/mosaico-porcelanico-abbot-26x30\/","title":{"rendered":"ABBOT 26X30"},"content":{"rendered":"<h1><strong>Azulejo Porcel\u00e1nico ABBOT 26X30<\/strong><\/h1><p>Este azulejo Porcel\u00e1nico en formato  cm, acabado Brillo y color Blanco, Negro \/ Oscuro es perfecto para tu hogar. Su material de fabricaci\u00f3n es Porcel\u00e1nico.<\/p><p>Caracter\u00edsticas especiales: Mosaicos<\/p>","protected":false},"excerpt":{"rendered":"<p>Azulejo Porcel\u00e1nico ABBOT 26X30Este azulejo Porcel\u00e1nico en formato cm, acabado Brillo y color Blanco, Negro \/ Oscuro es perfecto para tu hogar. Su material de fabricaci\u00f3n es Porcel\u00e1nico.Caracter\u00edsticas especiales: Mosaicos<\/p>\n","protected":false},"featured_media":116654,"comment_status":"open","ping_status":"closed","template":"","meta":[],"product_brand":[],"product_cat":[305,304],"product_tag":[],"class_list":{"0":"post-116652","1":"product","2":"type-product","3":"status-publish","4":"has-post-thumbnail","6":"product_cat-banos","7":"product_cat-revestimiento","9":"first","10":"instock","11":"shipping-taxable","12":"purchasable","13":"product-type-simple"},"_links":{"self":[{"href":"https:\/\/tilefly.com\/fr\/wp-json\/wp\/v2\/product\/116652","targetHints":{"allow":["GET"]}}],"collection":[{"href":"https:\/\/tilefly.com\/fr\/wp-json\/wp\/v2\/product"}],"about":[{"href":"https:\/\/tilefly.com\/fr\/wp-json\/wp\/v2\/types\/product"}],"replies":[{"embeddable":true,"href":"https:\/\/tilefly.com\/fr\/wp-json\/wp\/v2\/comments?post=116652"}],"wp:featuredmedia":[{"embeddable":true,"href":"https:\/\/tilefly.com\/fr\/wp-json\/wp\/v2\/media\/116654"}],"wp:attachment":[{"href":"https:\/\/tilefly.com\/fr\/wp-json\/wp\/v2\/media?parent=116652"}],"wp:term":[{"taxonomy":"product_brand","embeddable":true,"href":"https:\/\/tilefly.com\/fr\/wp-json\/wp\/v2\/product_brand?post=116652"},{"taxonomy":"product_cat","embeddable":true,"href":"https:\/\/tilefly.com\/fr\/wp-json\/wp\/v2\/product_cat?post=116652"},{"taxonomy":"product_tag","embeddable":true,"href":"https:\/\/tilefly.com\/fr\/wp-json\/wp\/v2\/product_tag?post=116652"}],"curies":[{"name":"wp","href":"https:\/\/api.w.org\/{rel}","templated":true}]}}