{"id":512978,"date":"2021-08-19T10:19:56","date_gmt":"2021-08-19T08:19:56","guid":{"rendered":"https:\/\/tilefly.com\/avis-juridique\/"},"modified":"2023-03-07T15:52:46","modified_gmt":"2023-03-07T14:52:46","slug":"avis-juridique","status":"publish","type":"page","link":"https:\/\/tilefly.com\/fr\/avis-juridique\/","title":{"rendered":"Avis juridique"},"content":{"rendered":"<div class=\"bloque container\"><h5><strong>OBJET .<\/strong><\/h5><p>L&#8217;acc\u00e8s et l&#8217;utilisation du site web sont r\u00e9gis par les conditions l\u00e9gales suivantes <a href=\"https:\/\/tilefly.com\/fr\/\">www.tilefly.com <\/a>(ci-apr\u00e8s d\u00e9nomm\u00e9 le &#8220;Site&#8221;) et le site web appartenant au propri\u00e9taire Monde Tiles S.L., ci-apr\u00e8s d\u00e9nomm\u00e9 TILEFLY.<\/p><p>NIF: ESB44525111<\/p><p>Adresse CUSTA VILLAREAL ONDA S\/N, 1300, Onda, Castell\u00f3n, Espa\u00f1a.<\/p><p>Email: <a href=\"mailto:info@tilefly.com\">info@tilefly.com<\/a><\/p><p>Tel\u00e9fono: +34 964052488<\/p><p>En acc\u00e9dant \u00e0 ce site et en l&#8217;utilisant, vous (ci-apr\u00e8s d\u00e9nomm\u00e9 &#8220;utilisateur&#8221;) reconnaissez avoir lu et compris les pr\u00e9sentes conditions l\u00e9gales d&#8217;utilisation et vous engagez \u00e0 les respecter int\u00e9gralement.<\/p><p>Si vous n&#8217;\u00eates pas d&#8217;accord avec l&#8217;une des conditions suivantes, vous devez quitter ce site et cesser d&#8217;y acc\u00e9der.<\/p><p>&nbsp;<\/p><h5><strong>PROPIDEAD DU SITE WEB TILEFLY.COM<\/strong><\/h5><p>Conform\u00e9ment \u00e0 la loi 34\/2002 du 11 juillet 2002 et \u00e0 toute autre l\u00e9gislation applicable, nous vous informons que ce site web est la propri\u00e9t\u00e9 de Monde Tiles S.L. avec le num\u00e9ro d&#8217;identification fiscale B44525111.<\/p><p>Vous pouvez contacter TILEFLY par t\u00e9l\u00e9phone au +34 964052488 ou par courriel \u00e0 l&#8217;adresse suivante <a href=\"mailto:info@tilefly.com\">info@tilefly.com<\/a><\/p><p>Sauf indication contraire, les communications avec TILEFLY peuvent \u00eatre faites par courrier postal \u00e0 l&#8217;adresse physique ci-dessus ou par e-mail \u00e0 l&#8217;adresse suivante <a href=\"mailto:info@tilefly.com\">info@tilefly.com<\/a>. TILEFLY contactera l&#8217;utilisateur par e-mail \u00e0 l&#8217;adresse en sa possession ou qui lui a \u00e9t\u00e9 fournie \u00e0 cet \u00e9gard.<\/p><p>&nbsp;<\/p><h5><strong>FONCTIONNEMENT DU SITE TILEFLY.COM<\/strong><\/h5><p>TILEFLY se r\u00e9serve le droit, \u00e0 tout moment, unilat\u00e9ralement et sans pr\u00e9avis aux utilisateurs, de modifier le contenu, la structure, la convivialit\u00e9, le fonctionnement ou les conditions d&#8217;acc\u00e8s \u00e0 ce site.<\/p><p>Toutefois, les utilisateurs du site acceptent et sont conscients que certaines des informations contenues dans le site peuvent \u00eatre incorrectes, incompl\u00e8tes, p\u00e9rim\u00e9es ou contenir des erreurs typographiques. TILEFLY n&#8217;est pas tenu de mettre constamment \u00e0 jour le contenu du site et n&#8217;est pas responsable de l&#8217;absence de mise \u00e0 jour de ce contenu. Il est de la seule responsabilit\u00e9 de l&#8217;utilisateur d&#8217;\u00e9valuer l&#8217;exactitude et\/ou l&#8217;utilit\u00e9 de tout conseil, opinion, information ou autre contenu figurant sur ce site.<\/p><p>TILEFLY se r\u00e9serve \u00e9galement le droit, sans pr\u00e9avis, de suspendre temporairement l&#8217;acc\u00e8s \u00e0 ce site afin de mettre \u00e0 jour, g\u00e9rer, maintenir, am\u00e9liorer ou r\u00e9parer le site.<\/p><p>Il est interdit \u00e0 l&#8217;utilisateur d&#8217;utiliser le site web pour envoyer, publier ou transmettre tout contenu ou mat\u00e9riel ill\u00e9gal, calomnieux, diffamatoire, mena\u00e7ant, propagandiste, pornographique, scandaleux, obsc\u00e8ne ou tout autre contenu ou mat\u00e9riel pouvant donner lieu \u00e0 une responsabilit\u00e9 p\u00e9nale ou civile en vertu de la loi applicable. Dans le cas d&#8217;un tel \u00e9v\u00e9nement, l&#8217;utilisateur est responsable.<\/p><p>TILEFLY ne garantit pas que ce site ou les serveurs qui l&#8217;h\u00e9bergent sont exempts de virus ou d&#8217;autres logiciels potentiellement dangereux, ni la continuit\u00e9, la disponibilit\u00e9, l&#8217;utilit\u00e9 et l&#8217;infaillibilit\u00e9 du fonctionnement de ce site, de ses services ou de ses contenus ; ni la fiabilit\u00e9, la l\u00e9galit\u00e9 ou l&#8217;utilit\u00e9 des informations et des contenus transmis par des tiers \u00e0 travers ce site.<\/p><p>En g\u00e9n\u00e9ral, ce site ne peut \u00eatre utilis\u00e9 que par des personnes physiques et morales ayant une capacit\u00e9 juridique suffisante, conform\u00e9ment \u00e0 la l\u00e9gislation applicable. Exceptionnellement, le site peut \u00eatre utilis\u00e9 par des mineurs ayant obtenu l&#8217;autorisation pr\u00e9alable de leurs parents ou tuteurs l\u00e9gaux, qui seront responsables de l&#8217;utilisation du site par le mineur dont ils ont la charge.<\/p><p>&nbsp;<\/p><h5><strong>LE COMPORTEMENT DES UTILISATEURS ET LES INTERDICTIONS.<\/strong><\/h5><p>L&#8217;utilisation des services et des contenus propos\u00e9s par TILEFLY se fait sous la seule responsabilit\u00e9 et aux seuls risques de l&#8217;utilisateur.<\/p><p>TILEFLY n&#8217;assume aucune obligation ou devoir de v\u00e9rifier ou contr\u00f4ler le contenu et les informations transmises par les utilisateurs.<\/p><p>L&#8217;utilisateur s&#8217;engage \u00e0 utiliser le site web, ses services et tous ses contenus toujours conform\u00e9ment \u00e0 la loi, aux bons usages, de mani\u00e8re diligente et sous r\u00e9serve des pr\u00e9sentes conditions g\u00e9n\u00e9rales, en respectant toujours les autres utilisateurs.<\/p><p>De m\u00eame, l&#8217;utilisateur s&#8217;engage \u00e0 faire un usage appropri\u00e9 de l&#8217;information, des contenus et des mat\u00e9riaux du site web, en ne les utilisant pas pour r\u00e9aliser des activit\u00e9s d\u00e9lictueuses ou illicites, qui enfreignent la r\u00e9glementation sur la propri\u00e9t\u00e9 intellectuelle et industrielle, qui portent atteinte aux droits des tiers ou \u00e0 toute autre r\u00e8gle du syst\u00e8me juridique applicable, \u00e9tant seul responsable vis-\u00e0-vis de TILEFLY et des tiers du non-respect des dispositions de la pr\u00e9sente.<\/p><p>L&#8217;utilisateur s&#8217;engage \u00e0 ne pas introduire, diffuser, transmettre ou mettre \u00e0 disposition de tiers tout type d&#8217;information ou de mat\u00e9riel contraire \u00e0 la loi, \u00e0 l&#8217;ordre public, \u00e0 la morale et aux pr\u00e9sentes conditions g\u00e9n\u00e9rales d&#8217;utilisation.<\/p><p>Dans tous les cas, l&#8217;utilisateur doit toujours fournir des informations v\u00e9ridiques qui ne peuvent donner lieu \u00e0 aucun type d&#8217;erreur, ainsi que des donn\u00e9es d&#8217;identification correctes et ne jamais se faire passer pour des tiers ou en leur nom.<\/p><p>En ce qui concerne la violation de toute irr\u00e9gularit\u00e9, n&#8217;oubliez pas qu&#8217;en acc\u00e9dant simplement \u00e0 notre site web, l&#8217;adresse IP de votre ordinateur est enregistr\u00e9e.<\/p><p>&nbsp;<\/p><h5><strong>LES ZONES PROT\u00c9G\u00c9ES DU SITE WEB.<\/strong><\/h5><p>En g\u00e9n\u00e9ral, l&#8217;acc\u00e8s aux services et au site de TILEFLY ne n\u00e9cessite pas que l&#8217;utilisateur s&#8217;abonne ou s&#8217;enregistre.<\/p><p>L&#8217;utilisation de certains services peut \u00eatre conditionn\u00e9e par l&#8217;obtention d&#8217;un compte personnel en s&#8217;inscrivant comme utilisateur. Ce processus d&#8217;enregistrement s&#8217;effectue de la mani\u00e8re express\u00e9ment indiqu\u00e9e sur le site web.<\/p><p>Ce site peut contenir des zones \u00e0 acc\u00e8s restreint, prot\u00e9g\u00e9es par des mots de passe, des identifiants ou d&#8217;autres m\u00e9canismes de s\u00e9curit\u00e9. L&#8217;utilisateur ne doit pas tenter d&#8217;acc\u00e9der \u00e0 ces zones d&#8217;acc\u00e8s restreint sans y \u00eatre d\u00fbment autoris\u00e9 par TILEFLY, ni tenter de contourner ou de manipuler les m\u00e9canismes de protection mis en place par TILEFLY.<\/p><p>L&#8217;utilisateur qui a \u00e9t\u00e9 autoris\u00e9 par TILEFLY \u00e0 acc\u00e9der \u00e0 l&#8217;une de ces zones prot\u00e9g\u00e9es sera exclusivement responsable du maintien d&#8217;un strict secret et de la non-divulgation \u00e0 des tiers des mots de passe, identifiants et autres m\u00e9thodes de s\u00e9curit\u00e9 que TILEFLY met \u00e0 disposition pour acc\u00e9der aux zones restreintes. Par cons\u00e9quent, l&#8217;utilisateur est seul responsable de tout dommage r\u00e9sultant du non-respect du secret des m\u00e9canismes de s\u00e9curit\u00e9 susmentionn\u00e9s.<\/p><p>L&#8217;utilisateur est inform\u00e9 que toute tentative d&#8217;acc\u00e8s non autoris\u00e9 aux zones d&#8217;acc\u00e8s restreint de ce site peut entra\u00eener une responsabilit\u00e9 civile et\/ou p\u00e9nale.<\/p><p>&nbsp;<\/p><h5><strong>LA PROPRI\u00c9T\u00c9 INTELLECTUELLE ET INDUSTRIELLE.<\/strong><\/h5><p>Tous les contenus du site, y compris, mais sans s&#8217;y limiter, les marques, les graphiques, les logos, les images, les fichiers sonores et vid\u00e9o, les logiciels, le code de programmation, les textes, les ic\u00f4nes et les noms identifiant les services (ci-apr\u00e8s &#8220;les mat\u00e9riaux&#8221;) sont la propri\u00e9t\u00e9 de TILEFLY et sont prot\u00e9g\u00e9s par la l\u00e9gislation en vigueur sur les droits de propri\u00e9t\u00e9 intellectuelle et industrielle.<\/p><p>L&#8217;acc\u00e8s de l&#8217;utilisateur \u00e0 ce site n&#8217;implique aucun transfert, renonciation ou cession, en tout ou en partie, de ces droits de propri\u00e9t\u00e9. Pour cette raison, l&#8217;acc\u00e8s \u00e0 ces contenus ou \u00e9l\u00e9ments ne conf\u00e8re en aucun cas \u00e0 l&#8217;utilisateur la possibilit\u00e9 de copier, vendre, reproduire, modifier, transf\u00e9rer, publier, transmettre ou cr\u00e9er de nouveaux produits ou services d\u00e9riv\u00e9s des informations et \u00e9l\u00e9ments contenus dans ce document.<\/p><p>C&#8217;est pourquoi, sauf autorisation expresse et \u00e9crite de TILEFLY, l&#8217;utilisateur de ce site ne peut copier, t\u00e9l\u00e9charger, distribuer, modifier, supprimer, alt\u00e9rer, supprimer, publier, transmettre ou exploiter de quelque mani\u00e8re que ce soit les \u00e9l\u00e9ments du site.<\/p><p>L&#8217;utilisateur n&#8217;acquiert aucun droit ou licence en relation avec le service ou ses \u00e9l\u00e9ments, \u00e0 l&#8217;exception du droit limit\u00e9 d&#8217;utiliser le service conform\u00e9ment aux conditions g\u00e9n\u00e9rales applicables. Vous ne pouvez utiliser le contenu ou les \u00e9l\u00e9ments auxquels vous acc\u00e9dez par l&#8217;interm\u00e9diaire des services TILEFLY que pour votre usage et vos besoins propres, et vous vous engagez \u00e0 ne faire aucune exploitation commerciale directe ou indirecte des services, ni des mat\u00e9riels, \u00e9l\u00e9ments, contenus ou informations obtenus par leur interm\u00e9diaire.<\/p><p>&nbsp;<\/p><h5><strong>LA PROTECTION DES DONN\u00c9ES ET LA POLITIQUE DE CONFIDENTIALIT\u00c9.<\/strong><\/h5><p>Voir la section <a href=\"https:\/\/tilefly.com\/fr\/politique-de-confidentialite\/\">Politique de confidentialit\u00e9<\/a><\/p><p>&nbsp;<\/p><h5><strong>POLITIQUE DE COOKIE.<\/strong><\/h5><p>Voir la section <a href=\"https:\/\/tilefly.com\/fr\/politique-de-confidentialite\/\">Politique de confidentialit\u00e9<\/a><\/p><p>&nbsp;<\/p><h5><strong>CONDITIONS DE VENTE ET DE RETOUR.<\/strong><\/h5><p>Voir la section <a href=\"https:\/\/tilefly.com\/fr\/faq\/comment-renoncer-ou-annuler-une-commande\/\">Conditions de vente et de retour<\/a>.<\/p><p>&nbsp;<\/p><h5><strong>LES INFORMATIONS TRANSMISES PAR LES UTILISATEURS.<\/strong><\/h5><p>Ce site peut contenir des forums publics, des salons de discussion et d&#8217;autres m\u00e9canismes par lesquels les utilisateurs peuvent \u00e9changer des fichiers au format \u00e9lectronique ou exprimer leurs opinions. Les communications, informations et fichiers envoy\u00e9s par l&#8217;interm\u00e9diaire de ces forums et salles, ainsi que les adresses \u00e9lectroniques et autres communications divulgu\u00e9es par les utilisateurs ne sont pas consid\u00e9r\u00e9es comme des \u00e9l\u00e9ments confidentiels.<\/p><p>Lorsque les utilisateurs publient ou transmettent des informations sur ce site, ils accordent \u00e0 TILEFLY l&#8217;autorisation d&#8217;utiliser ces informations, y compris, sans s&#8217;y limiter, l&#8217;utilisation, la transmission, la reproduction, la publication ou l&#8217;affichage de ces informations \u00e0 toutes fins, y compris, sans s&#8217;y limiter, la reproduction, la transmission, la divulgation, la publication ou l&#8217;affichage de ces informations.<\/p><p>TILEFLY n&#8217;assume aucune responsabilit\u00e9 quant au contenu des communications ou des informations envoy\u00e9es par ses utilisateurs via ces espaces.<\/p><p>&nbsp;<\/p><h5><strong>EXCLUSION DES GARANTIES ET DE LA RESPONSABILIT\u00c9 DU SITE.<\/strong><\/h5><p>Toutes les informations contenues dans ce site sont fournies &#8220;en l&#8217;\u00e9tat&#8221;, sans que TILEFLY ne donne de garantie d&#8217;aucune sorte, expresse ou implicite, quant \u00e0 la fiabilit\u00e9, l&#8217;exactitude et l&#8217;exhaustivit\u00e9 de ce site. TILEFLY ne donne aucune garantie, implicite ou explicite, y compris, mais sans s&#8217;y limiter, les garanties de qualit\u00e9 marchande, de qualit\u00e9 ou d&#8217;ad\u00e9quation \u00e0 un usage particulier.<\/p><p>TILEFLY ne garantit pas non plus que ce site web, ou les serveurs qui l&#8217;h\u00e9bergent, sont exempts de virus ou d&#8217;autres logiciels potentiellement dangereux.<\/p><p>TILEFLY ne garantit pas la continuit\u00e9, la disponibilit\u00e9, l&#8217;utilit\u00e9 et l&#8217;infaillibilit\u00e9 du fonctionnement de ce site, de ses services ou de ses contenus ; ni la fiabilit\u00e9 ou l&#8217;utilit\u00e9 des informations et des contenus fournis par des tiers \u00e0 travers ce site. Bien que TILEFLY fasse tous les efforts raisonnables pour assurer la disponibilit\u00e9, l&#8217;accessibilit\u00e9, la continuit\u00e9 et l&#8217;infaillibilit\u00e9 de l&#8217;op\u00e9ration et de ses services, TILEFLY ne les garantit pas, car ils peuvent \u00eatre perturb\u00e9s par de nombreux facteurs ind\u00e9pendants de sa volont\u00e9. Par cons\u00e9quent, elle ne sera pas responsable, dans les limites \u00e9tablies dans le syst\u00e8me juridique en vigueur, des dommages de toute nature caus\u00e9s \u00e0 l&#8217;utilisateur en raison de l&#8217;indisponibilit\u00e9, du manque de continuit\u00e9 et des d\u00e9faillances d&#8217;acc\u00e8s susmentionn\u00e9s.<\/p><p>&nbsp;<\/p><h5><strong>LIMITATION DE LA RESPONSABILIT\u00c9.<\/strong><\/h5><p>TILEFLY ne sera en aucun cas responsable des dommages directs ou indirects, des pertes de b\u00e9n\u00e9fices ou des pertes de donn\u00e9es et\/ou de client\u00e8le r\u00e9sultant de l&#8217;utilisation par les utilisateurs ou de l&#8217;impossibilit\u00e9 d&#8217;utiliser ce site.<\/p><p>Ce site peut contenir des liens hypertextes (&#8220;Liens&#8221;) et des r\u00e9f\u00e9rences \u00e0 d&#8217;autres pages et sites web qui peuvent ne pas \u00eatre contr\u00f4l\u00e9s par TILEFLY, auquel cas TILEFLY ne peut \u00eatre tenu responsable du contenu qui peut \u00eatre pr\u00e9sent\u00e9 sur ces pages.<\/p><p>L&#8217;utilisateur accepte express\u00e9ment de d\u00e9gager TILEFLY de toute responsabilit\u00e9 pour les actes ou omissions de l&#8217;utilisateur bas\u00e9s sur le contenu et les informations h\u00e9berg\u00e9s sur ce site.<\/p><p>Vous comprenez et acceptez express\u00e9ment que tout contenu, logiciel ou autre mat\u00e9riel que vous obtenez, t\u00e9l\u00e9chargez ou obtenez d&#8217;une autre mani\u00e8re par le biais de ce site est fait \u00e0 vos propres risques, et que vous, en tant qu&#8217;utilisateur, \u00eates seul responsable de tout dommage ou perte de donn\u00e9es caus\u00e9s \u00e0 vos syst\u00e8mes informatiques.<\/p><p>TILEFLY a pris toutes les mesures raisonnables pour s&#8217;assurer que les informations contenues dans ce site sont correctes. Toutefois, les utilisateurs du site reconnaissent que certaines des informations contenues dans ce site peuvent \u00eatre incompl\u00e8tes, incorrectes, p\u00e9rim\u00e9es ou contenir des erreurs.<\/p><p>&nbsp;<\/p><h5><strong>DROIT D&#8217;EXCLUSION ET NULLIT\u00c9 PARTIELLE.<\/strong><\/h5><p>TILEFLY se r\u00e9serve le droit de supprimer, d&#8217;annuler ou d&#8217;interdire l&#8217;utilisation de tout ou partie des services du site web \u00e0 tout utilisateur sans pr\u00e9avis si, \u00e0 sa discr\u00e9tion, et dans tout type de circonstance, l&#8217;utilisateur fait un usage incorrect du site web.<\/p><p>Si une disposition des pr\u00e9sentes conditions g\u00e9n\u00e9rales est jug\u00e9e ill\u00e9gale ou nulle par un tribunal comp\u00e9tent, cette disposition sera exclue si la loi l&#8217;exige. Vous acceptez express\u00e9ment que toutes les autres dispositions non exclues restent inchang\u00e9es et continuent d&#8217;\u00eatre en vigueur.<\/p><p>&nbsp;<\/p><h5><strong>LOI APPLICABLE ET JURIDICTION.<\/strong><\/h5><p>Ce site est situ\u00e9 et exploit\u00e9 depuis l&#8217;Espagne. Toutes les questions relatives \u00e0 ce site sont r\u00e9gies par la loi espagnole et sont soumises \u00e0 la juridiction des Cours et Tribunaux comp\u00e9tents d&#8217;Espagne, sans donner effet aux principes de conflits de lois. Dans les cas o\u00f9 l&#8217;utilisateur n&#8217;est pas un consommateur, ou est domicili\u00e9 hors d&#8217;Espagne, TILEFLY et l&#8217;utilisateur seront soumis aux Cours et Tribunaux de Castell\u00f3n. Avec renonciation expresse \u00e0 toute autre juridiction \u00e0 laquelle ils pourraient pr\u00e9tendre.<\/p><p>Si vous d\u00e9cidez de consulter ou d&#8217;utiliser ce site depuis l&#8217;ext\u00e9rieur de l&#8217;Espagne, sachez que vous le faites de votre propre initiative et que vous \u00eates responsable du respect des lois locales en vigueur.<\/p><p>&nbsp;<\/p><h5><strong>DUR\u00c9E ET R\u00c9VISION.<\/strong><\/h5><p>Bien que la relation juridique entre TILEFLY et l&#8217;utilisateur, d\u00e9rivant de l&#8217;acc\u00e8s et de l&#8217;utilisation du site, ait une dur\u00e9e ind\u00e9termin\u00e9e, elle sera consid\u00e9r\u00e9e comme termin\u00e9e au moment o\u00f9 la soci\u00e9t\u00e9 modifiera les pr\u00e9sentes conditions g\u00e9n\u00e9rales. Au moment o\u00f9 l&#8217;entreprise annonce la modification des conditions g\u00e9n\u00e9rales, et l&#8217;utilisateur acc\u00e8de et utilise et acc\u00e8de entre les deux parties d&#8217;une nature \u00e9galement ind\u00e9finie.<\/p><p>Sans pr\u00e9judice de ce qui pr\u00e9c\u00e8de, la soci\u00e9t\u00e9 TILEFLY a le droit d&#8217;interrompre, de suspendre ou de mettre fin unilat\u00e9ralement, \u00e0 tout moment et sans pr\u00e9avis ni motif valable, \u00e0 la prestation de l&#8217;un quelconque des services qu&#8217;elle offre.<\/p><p>TILEFLY se r\u00e9serve le droit de r\u00e9viser, unilat\u00e9ralement et sans pr\u00e9avis, les pr\u00e9sentes conditions d&#8217;utilisation \u00e0 tout moment. Les conditions r\u00e9vis\u00e9es entrent en vigueur d\u00e8s qu&#8217;elles sont publi\u00e9es sur ce site. Si vous \u00eates un utilisateur r\u00e9gulier de ce site, vous devez consulter r\u00e9guli\u00e8rement les conditions g\u00e9n\u00e9rales et vous abstenir d&#8217;acc\u00e9der au site si vous jugez inacceptable l&#8217;une des conditions g\u00e9n\u00e9rales r\u00e9vis\u00e9es.<\/p><p>De m\u00eame, nous vous informons de la possibilit\u00e9 d&#8217;exercer gratuitement vos droits d&#8217;acc\u00e8s, d&#8217;annulation, de rectification et d&#8217;opposition de vos donn\u00e9es personnelles, par courrier \u00e9lectronique \u00e0 <a href=\"mailto:info@tilefly.com\">info@tilefly.com <\/a>ou par courrier postal \u00e0 l&#8217;adresse suivante : CUSTA VILLAREAL ONDA S\/N, 12200 ONDA, CASTELLON.<\/p><p>&nbsp;<\/p><\/div><h5><\/h5>","protected":false},"excerpt":{"rendered":"","protected":false},"author":65821,"featured_media":0,"parent":0,"menu_order":0,"comment_status":"closed","ping_status":"closed","template":"","meta":{"footnotes":""},"class_list":["post-512978","page","type-page","status-publish","hentry"],"_links":{"self":[{"href":"https:\/\/tilefly.com\/fr\/wp-json\/wp\/v2\/pages\/512978","targetHints":{"allow":["GET"]}}],"collection":[{"href":"https:\/\/tilefly.com\/fr\/wp-json\/wp\/v2\/pages"}],"about":[{"href":"https:\/\/tilefly.com\/fr\/wp-json\/wp\/v2\/types\/page"}],"author":[{"embeddable":true,"href":"https:\/\/tilefly.com\/fr\/wp-json\/wp\/v2\/users\/65821"}],"replies":[{"embeddable":true,"href":"https:\/\/tilefly.com\/fr\/wp-json\/wp\/v2\/comments?post=512978"}],"version-history":[{"count":0,"href":"https:\/\/tilefly.com\/fr\/wp-json\/wp\/v2\/pages\/512978\/revisions"}],"wp:attachment":[{"href":"https:\/\/tilefly.com\/fr\/wp-json\/wp\/v2\/media?parent=512978"}],"curies":[{"name":"wp","href":"https:\/\/api.w.org\/{rel}","templated":true}]}}