{"id":82618,"date":"2020-09-08T16:15:38","date_gmt":"2020-09-08T14:15:38","guid":{"rendered":"https:\/\/tilefly.com\/producto\/azulejo-porcelanico-sassi-grigio-natural-60x120\/"},"modified":"2024-10-11T17:16:29","modified_gmt":"2024-10-11T15:16:29","slug":"azulejo-porcelanico-sassi-grigio-natural-60x120","status":"publish","type":"product","link":"https:\/\/tilefly.com\/es\/producto\/azulejo-porcelanico-sassi-grigio-natural-60x120\/","title":{"rendered":"SASSI GRIGIO NATURAL 60X120"},"content":{"rendered":"<p>Porcel\u00e1nico esmaltado natural<\/p><p>Esta colecci\u00f3n reproduce de la manera m\u00e1s pura la piedra y el cemento con su perfecta imperfecci\u00f3n. Una de las muchas particularidades de esta serie son las texturas y m\u00faltiples detalles crom\u00e1ticos con la utilizaci\u00f3n de tintas especiales. La gama de colores de estos azulejos incluye cuatro tonalidades neutras: Antracita, Bianco, Grigio y Sabbia. La serie se completa con una soluci\u00f3n decorativa en la cual recreamos la profundidad de las piedras.<\/p><p>Esta colecci\u00f3n se crea a partir de la conjugaci\u00f3n de distintas inspiraciones hasta conseguir la fusi\u00f3n perfecta para una misma superficie. Sassi es el contraste perfecto entre la estructuralidad del cemento y la naturalidad de la piedra. Por ello, una de las particularidades m\u00e1s destacables de esta serie son las texturas y m\u00faltiples detalles crom\u00e1ticos con la utilizaci\u00f3n de tintas especiales. La gama de colores de estos azulejos incluye cuatro tonalidades neutras: Antracita, Bianco, Grigio y Sabbia. La serie se completa con una soluci\u00f3n decorativa en la cual recreamos la profundidad de las piedras con figuras geom\u00e9tricas con relieve que dotan al espacio en donde se aplica de una gran personalidad. Y tambi\u00e9n azulejos de gran formato (120X120 y 90X180).<\/p>","protected":false},"excerpt":{"rendered":"<p>Porcel\u00e1nico esmaltado naturalEsta colecci\u00f3n reproduce de la manera m\u00e1s pura la piedra y el cemento con su perfecta imperfecci\u00f3n. Una de las muchas particularidades de esta serie son las texturas y m\u00faltiples detalles crom\u00e1ticos con la utilizaci\u00f3n de tintas especiales. La gama de colores de estos azulejos incluye cuatro tonalidades neutras: Antracita, Bianco, Grigio y [&hellip;]<\/p>\n","protected":false},"featured_media":82620,"comment_status":"open","ping_status":"closed","template":"","meta":[],"product_brand":[],"product_cat":[303,305,306,304],"product_tag":[],"class_list":{"0":"post-82618","1":"product","2":"type-product","3":"status-publish","4":"has-post-thumbnail","6":"product_cat-baldosas","7":"product_cat-banos","8":"product_cat-cocina","9":"product_cat-revestimiento","11":"first","12":"outofstock","13":"shipping-taxable","14":"purchasable","15":"product-type-simple"},"_links":{"self":[{"href":"https:\/\/tilefly.com\/es\/wp-json\/wp\/v2\/product\/82618","targetHints":{"allow":["GET"]}}],"collection":[{"href":"https:\/\/tilefly.com\/es\/wp-json\/wp\/v2\/product"}],"about":[{"href":"https:\/\/tilefly.com\/es\/wp-json\/wp\/v2\/types\/product"}],"replies":[{"embeddable":true,"href":"https:\/\/tilefly.com\/es\/wp-json\/wp\/v2\/comments?post=82618"}],"wp:featuredmedia":[{"embeddable":true,"href":"https:\/\/tilefly.com\/es\/wp-json\/wp\/v2\/media\/82620"}],"wp:attachment":[{"href":"https:\/\/tilefly.com\/es\/wp-json\/wp\/v2\/media?parent=82618"}],"wp:term":[{"taxonomy":"product_brand","embeddable":true,"href":"https:\/\/tilefly.com\/es\/wp-json\/wp\/v2\/product_brand?post=82618"},{"taxonomy":"product_cat","embeddable":true,"href":"https:\/\/tilefly.com\/es\/wp-json\/wp\/v2\/product_cat?post=82618"},{"taxonomy":"product_tag","embeddable":true,"href":"https:\/\/tilefly.com\/es\/wp-json\/wp\/v2\/product_tag?post=82618"}],"curies":[{"name":"wp","href":"https:\/\/api.w.org\/{rel}","templated":true}]}}