{"id":82409,"date":"2020-09-08T15:10:44","date_gmt":"2020-09-08T13:10:44","guid":{"rendered":"https:\/\/tilefly.com\/producto\/azulejo-porcelanico-pulpis-grey-pulido-120x120\/"},"modified":"2025-07-23T08:39:17","modified_gmt":"2025-07-23T06:39:17","slug":"azulejo-porcelanico-pulpis-grey-pulido-120x120","status":"publish","type":"product","link":"https:\/\/tilefly.com\/es\/producto\/azulejo-porcelanico-pulpis-grey-pulido-120x120\/","title":{"rendered":"PULPIS GREY PULIDO 120X120"},"content":{"rendered":"<p>Porcel\u00e1nico pulido<\/p><p>La elegancia de un cl\u00e1sico atemporal, Maximus. Sum\u00e9rgete en su amplia gama de recreaci\u00f3n de m\u00e1rmoles.<\/p><p>El m\u00e1rmol, un cl\u00e1sico irremplazable en la historia del dise\u00f1o y el interiorismo. Desde los inicios de American Tile Spain, hemos apostado por el desarrollo de la reproducci\u00f3n de este material tan noble hasta convertirlo en nuestro sello de identidad y referencia tanto en el mercado espa\u00f1ol, como en otros mercados internacionales. Resultado de esta gran apuesta por el desarrollo del porcel\u00e1nico marmoleado, nace Maximus. La serie m\u00e1s amplia de American Tile Spain con diez dise\u00f1os distintos desarrollados con las \u00faltimas tecnolog\u00edas hasta convertir Maximus en lo que es hoy: las prestaciones de durabilidad, practicidad y resistencia de un porcel\u00e1nico; con una soluci\u00f3n estil\u00edstica cl\u00e1sica, elegante y atemporal de la recreaci\u00f3n del m\u00e1rmol. Con cada uno de sus 10 distintos dise\u00f1os, se pueden crear espacios de gran potencia est\u00e9tica y car\u00e1cter. Desde las tramas y vetas m\u00e1s suaves, hasta las l\u00edneas m\u00e1s marcadas y trazos con gran realismo. Esta colecci\u00f3n se completa con distintas opciones de azulejos de gran formato (120X120 y 90X180).<\/p>","protected":false},"excerpt":{"rendered":"<p>Porcel\u00e1nico pulidoLa elegancia de un cl\u00e1sico atemporal, Maximus. Sum\u00e9rgete en su amplia gama de recreaci\u00f3n de m\u00e1rmoles.El m\u00e1rmol, un cl\u00e1sico irremplazable en la historia del dise\u00f1o y el interiorismo. Desde los inicios de American Tile Spain, hemos apostado por el desarrollo de la reproducci\u00f3n de este material tan noble hasta convertirlo en nuestro sello de [&hellip;]<\/p>\n","protected":false},"featured_media":82411,"comment_status":"open","ping_status":"closed","template":"","meta":[],"product_brand":[],"product_cat":[302],"product_tag":[],"class_list":{"0":"post-82409","1":"product","2":"type-product","3":"status-publish","4":"has-post-thumbnail","6":"product_cat-sin-categorizar","8":"first","9":"outofstock","10":"shipping-taxable","11":"purchasable","12":"product-type-simple"},"_links":{"self":[{"href":"https:\/\/tilefly.com\/es\/wp-json\/wp\/v2\/product\/82409","targetHints":{"allow":["GET"]}}],"collection":[{"href":"https:\/\/tilefly.com\/es\/wp-json\/wp\/v2\/product"}],"about":[{"href":"https:\/\/tilefly.com\/es\/wp-json\/wp\/v2\/types\/product"}],"replies":[{"embeddable":true,"href":"https:\/\/tilefly.com\/es\/wp-json\/wp\/v2\/comments?post=82409"}],"wp:featuredmedia":[{"embeddable":true,"href":"https:\/\/tilefly.com\/es\/wp-json\/wp\/v2\/media\/82411"}],"wp:attachment":[{"href":"https:\/\/tilefly.com\/es\/wp-json\/wp\/v2\/media?parent=82409"}],"wp:term":[{"taxonomy":"product_brand","embeddable":true,"href":"https:\/\/tilefly.com\/es\/wp-json\/wp\/v2\/product_brand?post=82409"},{"taxonomy":"product_cat","embeddable":true,"href":"https:\/\/tilefly.com\/es\/wp-json\/wp\/v2\/product_cat?post=82409"},{"taxonomy":"product_tag","embeddable":true,"href":"https:\/\/tilefly.com\/es\/wp-json\/wp\/v2\/product_tag?post=82409"}],"curies":[{"name":"wp","href":"https:\/\/api.w.org\/{rel}","templated":true}]}}