{"id":72637,"date":"2020-09-01T11:39:32","date_gmt":"2020-09-01T09:39:32","guid":{"rendered":"https:\/\/tilefly.com\/producto\/revestimiento-sassi-relieve-sabbia-natural-30x90\/"},"modified":"2022-10-27T11:04:56","modified_gmt":"2022-10-27T09:04:56","slug":"revestimiento-sassi-relieve-sabbia-natural-30x90","status":"publish","type":"product","link":"https:\/\/tilefly.com\/es\/producto\/revestimiento-sassi-relieve-sabbia-natural-30x90\/","title":{"rendered":"SASSI RELIEVE SABBIA NATURAL 30X90"},"content":{"rendered":"<p>Sassi Wall Tile es la colecci\u00f3n que parte de la base de Sassi y, combinando ambas, se pueden obtener ambientes uniformes y que transmitan la sensaci\u00f3n de continuidad que en algunos espacios es casi vital. Este azulejo es especial para revestimientos debido a su elaboraci\u00f3n a partir de pasta blanca, mucho m\u00e1s ligera que el azulejo porcel\u00e1nico habitual. Esta caracter\u00edstica en su complexi\u00f3n hace que se favorezca tanto el proceso de colocaci\u00f3n, como que descienda su precio en el mercado. La l\u00ednea, se completa con una magn\u00edfica decoraci\u00f3n en relieve para todas las tonalidades disponibles de la serie.<\/p>","protected":false},"excerpt":{"rendered":"<p>Sassi Wall Tile es la colecci\u00f3n que parte de la base de Sassi y, combinando ambas, se pueden obtener ambientes uniformes y que transmitan la sensaci\u00f3n de continuidad que en algunos espacios es casi vital. Este azulejo es especial para revestimientos debido a su elaboraci\u00f3n a partir de pasta blanca, mucho m\u00e1s ligera que el [&hellip;]<\/p>\n","protected":false},"featured_media":72639,"comment_status":"open","ping_status":"closed","template":"","meta":[],"product_brand":[],"product_cat":[305,306,304,307],"product_tag":[],"class_list":{"0":"post-72637","1":"product","2":"type-product","3":"status-publish","4":"has-post-thumbnail","6":"product_cat-banos","7":"product_cat-cocina","8":"product_cat-revestimiento","9":"product_cat-salon","11":"first","12":"instock","13":"shipping-taxable","14":"purchasable","15":"product-type-simple"},"_links":{"self":[{"href":"https:\/\/tilefly.com\/es\/wp-json\/wp\/v2\/product\/72637","targetHints":{"allow":["GET"]}}],"collection":[{"href":"https:\/\/tilefly.com\/es\/wp-json\/wp\/v2\/product"}],"about":[{"href":"https:\/\/tilefly.com\/es\/wp-json\/wp\/v2\/types\/product"}],"replies":[{"embeddable":true,"href":"https:\/\/tilefly.com\/es\/wp-json\/wp\/v2\/comments?post=72637"}],"wp:featuredmedia":[{"embeddable":true,"href":"https:\/\/tilefly.com\/es\/wp-json\/wp\/v2\/media\/72639"}],"wp:attachment":[{"href":"https:\/\/tilefly.com\/es\/wp-json\/wp\/v2\/media?parent=72637"}],"wp:term":[{"taxonomy":"product_brand","embeddable":true,"href":"https:\/\/tilefly.com\/es\/wp-json\/wp\/v2\/product_brand?post=72637"},{"taxonomy":"product_cat","embeddable":true,"href":"https:\/\/tilefly.com\/es\/wp-json\/wp\/v2\/product_cat?post=72637"},{"taxonomy":"product_tag","embeddable":true,"href":"https:\/\/tilefly.com\/es\/wp-json\/wp\/v2\/product_tag?post=72637"}],"curies":[{"name":"wp","href":"https:\/\/api.w.org\/{rel}","templated":true}]}}