{"id":72614,"date":"2020-09-01T11:39:32","date_gmt":"2020-09-01T09:39:32","guid":{"rendered":"https:\/\/tilefly.com\/producto\/revestimiento-loft-relieve-taupe-natural-30x90\/"},"modified":"2022-10-27T10:31:53","modified_gmt":"2022-10-27T08:31:53","slug":"revestimiento-loft-relieve-taupe-natural-30x90","status":"publish","type":"product","link":"https:\/\/tilefly.com\/es\/producto\/revestimiento-loft-relieve-taupe-natural-30x90\/","title":{"rendered":"LOFT RELIEVE TAUPE NATURAL 30X90"},"content":{"rendered":"<p>Loft Wall Tile es la colecci\u00f3n que parte de la base la serie Loft. En ella se ofrece la posibilidad de crear ambientes totalmente homog\u00e9neos, uniformes y que transmitan sensaci\u00f3n de continuidad. Este azulejo es especial para revestimientos debido a su elaboraci\u00f3n a partir de pasta blanca, mucho m\u00e1s ligera que el azulejo porcel\u00e1nico habitual. La l\u00ednea, adem\u00e1s, la completa una magn\u00edfica decoraci\u00f3n en relieve para todas las tonalidades disponibles de la serie Loft.<\/p>","protected":false},"excerpt":{"rendered":"<p>Loft Wall Tile es la colecci\u00f3n que parte de la base la serie Loft. En ella se ofrece la posibilidad de crear ambientes totalmente homog\u00e9neos, uniformes y que transmitan sensaci\u00f3n de continuidad. Este azulejo es especial para revestimientos debido a su elaboraci\u00f3n a partir de pasta blanca, mucho m\u00e1s ligera que el azulejo porcel\u00e1nico habitual. [&hellip;]<\/p>\n","protected":false},"featured_media":72616,"comment_status":"open","ping_status":"closed","template":"","meta":[],"product_brand":[],"product_cat":[847,848,827,866],"product_tag":[],"class_list":{"0":"post-72614","1":"product","2":"type-product","3":"status-publish","4":"has-post-thumbnail","6":"product_cat-bagni","7":"product_cat-cucine","8":"product_cat-rivestimento","9":"product_cat-salotto","11":"first","12":"instock","13":"shipping-taxable","14":"purchasable","15":"product-type-simple"},"_links":{"self":[{"href":"https:\/\/tilefly.com\/es\/wp-json\/wp\/v2\/product\/72614","targetHints":{"allow":["GET"]}}],"collection":[{"href":"https:\/\/tilefly.com\/es\/wp-json\/wp\/v2\/product"}],"about":[{"href":"https:\/\/tilefly.com\/es\/wp-json\/wp\/v2\/types\/product"}],"replies":[{"embeddable":true,"href":"https:\/\/tilefly.com\/es\/wp-json\/wp\/v2\/comments?post=72614"}],"wp:featuredmedia":[{"embeddable":true,"href":"https:\/\/tilefly.com\/es\/wp-json\/wp\/v2\/media\/72616"}],"wp:attachment":[{"href":"https:\/\/tilefly.com\/es\/wp-json\/wp\/v2\/media?parent=72614"}],"wp:term":[{"taxonomy":"product_brand","embeddable":true,"href":"https:\/\/tilefly.com\/es\/wp-json\/wp\/v2\/product_brand?post=72614"},{"taxonomy":"product_cat","embeddable":true,"href":"https:\/\/tilefly.com\/es\/wp-json\/wp\/v2\/product_cat?post=72614"},{"taxonomy":"product_tag","embeddable":true,"href":"https:\/\/tilefly.com\/es\/wp-json\/wp\/v2\/product_tag?post=72614"}],"curies":[{"name":"wp","href":"https:\/\/api.w.org\/{rel}","templated":true}]}}