{"id":65749,"date":"2019-09-13T14:17:08","date_gmt":"2019-09-13T12:17:08","guid":{"rendered":"https:\/\/tilefly.com\/producto\/decorado-hidraulico-metro-porcelanico-revestimiento-banos-salon-cocina-cara035590\/"},"modified":"2025-10-29T09:11:15","modified_gmt":"2025-10-29T08:11:15","slug":"decorado-hidraulico-metro-porcelanico-revestimiento-banos-salon-cocina-cara035590","status":"publish","type":"product","link":"https:\/\/tilefly.com\/es\/producto\/decorado-hidraulico-metro-porcelanico-revestimiento-banos-salon-cocina-cara035590\/","title":{"rendered":"OFF WHITE MATT 4,3X24,3"},"content":{"rendered":"<h1><strong>Azulejo Porcel\u00e1nico OFF WHITE MATT 4,3X24,3<\/strong><\/h1><p>Este azulejo Porcel\u00e1nico en formato 4,3X24,3 cm, acabado Mate y color Blanco es perfecto para tu hogar. Su material de fabricaci\u00f3n es Porcel\u00e1nico.<\/p><p>Caracter\u00edsticas especiales: Decorado, Metro<\/p>","protected":false},"excerpt":{"rendered":"<p>Azulejo Porcel\u00e1nico OFF WHITE MATT 4,3X24,3Este azulejo Porcel\u00e1nico en formato 4,3X24,3 cm, acabado Mate y color Blanco es perfecto para tu hogar. Su material de fabricaci\u00f3n es Porcel\u00e1nico.Caracter\u00edsticas especiales: Decorado, Metro<\/p>\n","protected":false},"featured_media":65750,"comment_status":"closed","ping_status":"closed","template":"","meta":[],"product_brand":[],"product_cat":[305,306,304,307],"product_tag":[],"class_list":{"0":"post-65749","1":"product","2":"type-product","3":"status-publish","4":"has-post-thumbnail","6":"product_cat-banos","7":"product_cat-cocina","8":"product_cat-revestimiento","9":"product_cat-salon","11":"first","12":"instock","13":"shipping-taxable","14":"purchasable","15":"product-type-simple"},"_links":{"self":[{"href":"https:\/\/tilefly.com\/es\/wp-json\/wp\/v2\/product\/65749","targetHints":{"allow":["GET"]}}],"collection":[{"href":"https:\/\/tilefly.com\/es\/wp-json\/wp\/v2\/product"}],"about":[{"href":"https:\/\/tilefly.com\/es\/wp-json\/wp\/v2\/types\/product"}],"replies":[{"embeddable":true,"href":"https:\/\/tilefly.com\/es\/wp-json\/wp\/v2\/comments?post=65749"}],"wp:featuredmedia":[{"embeddable":true,"href":"https:\/\/tilefly.com\/es\/wp-json\/wp\/v2\/media\/65750"}],"wp:attachment":[{"href":"https:\/\/tilefly.com\/es\/wp-json\/wp\/v2\/media?parent=65749"}],"wp:term":[{"taxonomy":"product_brand","embeddable":true,"href":"https:\/\/tilefly.com\/es\/wp-json\/wp\/v2\/product_brand?post=65749"},{"taxonomy":"product_cat","embeddable":true,"href":"https:\/\/tilefly.com\/es\/wp-json\/wp\/v2\/product_cat?post=65749"},{"taxonomy":"product_tag","embeddable":true,"href":"https:\/\/tilefly.com\/es\/wp-json\/wp\/v2\/product_tag?post=65749"}],"curies":[{"name":"wp","href":"https:\/\/api.w.org\/{rel}","templated":true}]}}