{"id":65370,"date":"2019-09-13T14:12:43","date_gmt":"2019-09-13T12:12:43","guid":{"rendered":"https:\/\/tilefly.com\/producto\/imitacion-cemento-hidraulicos-porcelanico-baldosas-revestimiento-banos-salon-cocina-cara033183\/"},"modified":"2025-10-29T09:09:54","modified_gmt":"2025-10-29T08:09:54","slug":"imitacion-cemento-hidraulicos-porcelanico-baldosas-revestimiento-banos-salon-cocina-cara033183","status":"publish","type":"product","link":"https:\/\/tilefly.com\/es\/producto\/imitacion-cemento-hidraulicos-porcelanico-baldosas-revestimiento-banos-salon-cocina-cara033183\/","title":{"rendered":"GERALDINE 15X15"},"content":{"rendered":"<h1><strong>Azulejo Porcel\u00e1nico GERALDINE 15X15<\/strong><\/h1><p>Este azulejo Porcel\u00e1nico en formato 15X15 cm, acabado Mate y color Azul, Gris es perfecto para tu hogar. Su material de fabricaci\u00f3n es Porcel\u00e1nico.<\/p><p>Caracter\u00edsticas especiales: Decorado, Hidraulico, Imitaci\u00f3n cemento<\/p>","protected":false},"excerpt":{"rendered":"<p>Azulejo Porcel\u00e1nico GERALDINE 15X15Este azulejo Porcel\u00e1nico en formato 15X15 cm, acabado Mate y color Azul, Gris es perfecto para tu hogar. Su material de fabricaci\u00f3n es Porcel\u00e1nico.Caracter\u00edsticas especiales: Decorado, Hidraulico, Imitaci\u00f3n cemento<\/p>\n","protected":false},"featured_media":65371,"comment_status":"closed","ping_status":"closed","template":"","meta":[],"product_brand":[],"product_cat":[303,305,306,304,307],"product_tag":[],"class_list":{"0":"post-65370","1":"product","2":"type-product","3":"status-publish","4":"has-post-thumbnail","6":"product_cat-baldosas","7":"product_cat-banos","8":"product_cat-cocina","9":"product_cat-revestimiento","10":"product_cat-salon","12":"first","13":"instock","14":"shipping-taxable","15":"purchasable","16":"product-type-simple"},"_links":{"self":[{"href":"https:\/\/tilefly.com\/es\/wp-json\/wp\/v2\/product\/65370","targetHints":{"allow":["GET"]}}],"collection":[{"href":"https:\/\/tilefly.com\/es\/wp-json\/wp\/v2\/product"}],"about":[{"href":"https:\/\/tilefly.com\/es\/wp-json\/wp\/v2\/types\/product"}],"replies":[{"embeddable":true,"href":"https:\/\/tilefly.com\/es\/wp-json\/wp\/v2\/comments?post=65370"}],"wp:featuredmedia":[{"embeddable":true,"href":"https:\/\/tilefly.com\/es\/wp-json\/wp\/v2\/media\/65371"}],"wp:attachment":[{"href":"https:\/\/tilefly.com\/es\/wp-json\/wp\/v2\/media?parent=65370"}],"wp:term":[{"taxonomy":"product_brand","embeddable":true,"href":"https:\/\/tilefly.com\/es\/wp-json\/wp\/v2\/product_brand?post=65370"},{"taxonomy":"product_cat","embeddable":true,"href":"https:\/\/tilefly.com\/es\/wp-json\/wp\/v2\/product_cat?post=65370"},{"taxonomy":"product_tag","embeddable":true,"href":"https:\/\/tilefly.com\/es\/wp-json\/wp\/v2\/product_tag?post=65370"}],"curies":[{"name":"wp","href":"https:\/\/api.w.org\/{rel}","templated":true}]}}