{"id":64826,"date":"2019-09-13T14:07:12","date_gmt":"2019-09-13T12:07:12","guid":{"rendered":"https:\/\/tilefly.com\/producto\/decorado-pasta-blanca-revestimiento-banos-salon-cocina-cara023468\/"},"modified":"2025-05-27T23:25:30","modified_gmt":"2025-05-27T21:25:30","slug":"decorado-pasta-blanca-revestimiento-banos-salon-cocina-cara023468","status":"publish","type":"product","link":"https:\/\/tilefly.com\/es\/producto\/decorado-pasta-blanca-revestimiento-banos-salon-cocina-cara023468\/","title":{"rendered":"LONDON VINTAGE LEAD 5X30"},"content":{"rendered":"<h1><strong>Azulejo Pasta Blanca LONDON VINTAGE LEAD 5X30<\/strong><\/h1><p>Este azulejo Pasta Blanca en formato 5X30 cm, acabado Brillo y color Marr\u00f3n es perfecto para tu hogar. Su material de fabricaci\u00f3n es Pasta Blanca.<\/p><p>Caracter\u00edsticas especiales: Decorado<\/p>","protected":false},"excerpt":{"rendered":"<p>Azulejo Pasta Blanca LONDON VINTAGE LEAD 5X30Este azulejo Pasta Blanca en formato 5X30 cm, acabado Brillo y color Marr\u00f3n es perfecto para tu hogar. Su material de fabricaci\u00f3n es Pasta Blanca.Caracter\u00edsticas especiales: Decorado<\/p>\n","protected":false},"featured_media":64827,"comment_status":"closed","ping_status":"closed","template":"","meta":[],"product_brand":[],"product_cat":[847,848,827,866],"product_tag":[],"class_list":{"0":"post-64826","1":"product","2":"type-product","3":"status-publish","4":"has-post-thumbnail","6":"product_cat-bagni","7":"product_cat-cucine","8":"product_cat-rivestimento","9":"product_cat-salotto","11":"first","12":"outofstock","13":"shipping-taxable","14":"purchasable","15":"product-type-simple"},"_links":{"self":[{"href":"https:\/\/tilefly.com\/es\/wp-json\/wp\/v2\/product\/64826","targetHints":{"allow":["GET"]}}],"collection":[{"href":"https:\/\/tilefly.com\/es\/wp-json\/wp\/v2\/product"}],"about":[{"href":"https:\/\/tilefly.com\/es\/wp-json\/wp\/v2\/types\/product"}],"replies":[{"embeddable":true,"href":"https:\/\/tilefly.com\/es\/wp-json\/wp\/v2\/comments?post=64826"}],"wp:featuredmedia":[{"embeddable":true,"href":"https:\/\/tilefly.com\/es\/wp-json\/wp\/v2\/media\/64827"}],"wp:attachment":[{"href":"https:\/\/tilefly.com\/es\/wp-json\/wp\/v2\/media?parent=64826"}],"wp:term":[{"taxonomy":"product_brand","embeddable":true,"href":"https:\/\/tilefly.com\/es\/wp-json\/wp\/v2\/product_brand?post=64826"},{"taxonomy":"product_cat","embeddable":true,"href":"https:\/\/tilefly.com\/es\/wp-json\/wp\/v2\/product_cat?post=64826"},{"taxonomy":"product_tag","embeddable":true,"href":"https:\/\/tilefly.com\/es\/wp-json\/wp\/v2\/product_tag?post=64826"}],"curies":[{"name":"wp","href":"https:\/\/api.w.org\/{rel}","templated":true}]}}