{"id":64656,"date":"2019-09-13T14:00:58","date_gmt":"2019-09-13T12:00:58","guid":{"rendered":"https:\/\/tilefly.com\/producto\/decorado-imitacion-marmol-imitacion-piedra-pasta-roja-revestimiento-banos-salon-cocina-cara021958\/"},"modified":"2025-05-27T23:23:44","modified_gmt":"2025-05-27T21:23:44","slug":"decorado-imitacion-marmol-imitacion-piedra-pasta-roja-revestimiento-banos-salon-cocina-cara021958","status":"publish","type":"product","link":"https:\/\/tilefly.com\/es\/producto\/decorado-imitacion-marmol-imitacion-piedra-pasta-roja-revestimiento-banos-salon-cocina-cara021958\/","title":{"rendered":"ZOCALO RIVALTO CREMA 15X15"},"content":{"rendered":"<h1><strong>Azulejo Pasta Roja ZOCALO RIVALTO CREMA 15X15<\/strong><\/h1><p>Este azulejo Pasta Roja en formato 15X15 cm, acabado Mate y color Marr\u00f3n es perfecto para tu hogar. Su material de fabricaci\u00f3n es Pasta Roja.<\/p><p>Caracter\u00edsticas especiales: Decorado, Imitaci\u00f3n m\u00e1rmol, Imitaci\u00f3n piedra<\/p>","protected":false},"excerpt":{"rendered":"<p>Azulejo Pasta Roja ZOCALO RIVALTO CREMA 15X15Este azulejo Pasta Roja en formato 15X15 cm, acabado Mate y color Marr\u00f3n es perfecto para tu hogar. Su material de fabricaci\u00f3n es Pasta Roja.Caracter\u00edsticas especiales: Decorado, Imitaci\u00f3n m\u00e1rmol, Imitaci\u00f3n piedra<\/p>\n","protected":false},"featured_media":64657,"comment_status":"closed","ping_status":"closed","template":"","meta":[],"product_brand":[],"product_cat":[305,306,304,307],"product_tag":[],"class_list":{"0":"post-64656","1":"product","2":"type-product","3":"status-publish","4":"has-post-thumbnail","6":"product_cat-banos","7":"product_cat-cocina","8":"product_cat-revestimiento","9":"product_cat-salon","11":"first","12":"outofstock","13":"shipping-taxable","14":"purchasable","15":"product-type-simple"},"_links":{"self":[{"href":"https:\/\/tilefly.com\/es\/wp-json\/wp\/v2\/product\/64656","targetHints":{"allow":["GET"]}}],"collection":[{"href":"https:\/\/tilefly.com\/es\/wp-json\/wp\/v2\/product"}],"about":[{"href":"https:\/\/tilefly.com\/es\/wp-json\/wp\/v2\/types\/product"}],"replies":[{"embeddable":true,"href":"https:\/\/tilefly.com\/es\/wp-json\/wp\/v2\/comments?post=64656"}],"wp:featuredmedia":[{"embeddable":true,"href":"https:\/\/tilefly.com\/es\/wp-json\/wp\/v2\/media\/64657"}],"wp:attachment":[{"href":"https:\/\/tilefly.com\/es\/wp-json\/wp\/v2\/media?parent=64656"}],"wp:term":[{"taxonomy":"product_brand","embeddable":true,"href":"https:\/\/tilefly.com\/es\/wp-json\/wp\/v2\/product_brand?post=64656"},{"taxonomy":"product_cat","embeddable":true,"href":"https:\/\/tilefly.com\/es\/wp-json\/wp\/v2\/product_cat?post=64656"},{"taxonomy":"product_tag","embeddable":true,"href":"https:\/\/tilefly.com\/es\/wp-json\/wp\/v2\/product_tag?post=64656"}],"curies":[{"name":"wp","href":"https:\/\/api.w.org\/{rel}","templated":true}]}}