{"id":64118,"date":"2019-09-13T13:17:30","date_gmt":"2019-09-13T11:17:30","guid":{"rendered":"https:\/\/tilefly.com\/producto\/o-o-baldosas-revestimiento-banos-salon-cocina-apa036000\/"},"modified":"2024-05-06T03:02:30","modified_gmt":"2024-05-06T01:02:30","slug":"o-o-baldosas-revestimiento-banos-salon-cocina-apa036000","status":"publish","type":"product","link":"https:\/\/tilefly.com\/es\/producto\/o-o-baldosas-revestimiento-banos-salon-cocina-apa036000\/","title":{"rendered":"ZANQUIN RECTO DCHA, MADAGASCAR NOCE 10X60"},"content":{"rendered":"<h1><strong>Azulejo  ZANQUIN RECTO DCHA, MADAGASCAR NOCE 10X60<\/strong><\/h1><p>Este azulejo  en formato 10X60 cm, acabado  y color Marr\u00f3n es perfecto para tu hogar. Su material de fabricaci\u00f3n es .<\/p><p>Caracter\u00edsticas especiales: <\/p>","protected":false},"excerpt":{"rendered":"<p>Azulejo ZANQUIN RECTO DCHA, MADAGASCAR NOCE 10X60Este azulejo en formato 10X60 cm, acabado y color Marr\u00f3n es perfecto para tu hogar. Su material de fabricaci\u00f3n es .Caracter\u00edsticas especiales:<\/p>\n","protected":false},"featured_media":64119,"comment_status":"closed","ping_status":"closed","template":"","meta":[],"product_brand":[],"product_cat":[561,562,563,564,565],"product_tag":[],"class_list":{"0":"post-64118","1":"product","2":"type-product","3":"status-publish","4":"has-post-thumbnail","6":"product_cat-vloertegels","7":"product_cat-badkamer-tegels","8":"product_cat-keuken-tegel","9":"product_cat-wandtegels","10":"product_cat-woonkamer-tegels","12":"first","13":"outofstock","14":"shipping-taxable","15":"purchasable","16":"product-type-simple"},"_links":{"self":[{"href":"https:\/\/tilefly.com\/es\/wp-json\/wp\/v2\/product\/64118","targetHints":{"allow":["GET"]}}],"collection":[{"href":"https:\/\/tilefly.com\/es\/wp-json\/wp\/v2\/product"}],"about":[{"href":"https:\/\/tilefly.com\/es\/wp-json\/wp\/v2\/types\/product"}],"replies":[{"embeddable":true,"href":"https:\/\/tilefly.com\/es\/wp-json\/wp\/v2\/comments?post=64118"}],"wp:featuredmedia":[{"embeddable":true,"href":"https:\/\/tilefly.com\/es\/wp-json\/wp\/v2\/media\/64119"}],"wp:attachment":[{"href":"https:\/\/tilefly.com\/es\/wp-json\/wp\/v2\/media?parent=64118"}],"wp:term":[{"taxonomy":"product_brand","embeddable":true,"href":"https:\/\/tilefly.com\/es\/wp-json\/wp\/v2\/product_brand?post=64118"},{"taxonomy":"product_cat","embeddable":true,"href":"https:\/\/tilefly.com\/es\/wp-json\/wp\/v2\/product_cat?post=64118"},{"taxonomy":"product_tag","embeddable":true,"href":"https:\/\/tilefly.com\/es\/wp-json\/wp\/v2\/product_tag?post=64118"}],"curies":[{"name":"wp","href":"https:\/\/api.w.org\/{rel}","templated":true}]}}