{"id":63926,"date":"2019-09-13T13:17:30","date_gmt":"2019-09-13T11:17:30","guid":{"rendered":"https:\/\/tilefly.com\/producto\/decorado-imitacion-marmol-imitacion-piedra-antideslizante-klinker-revestimiento-banos-salon-cocina-apa035239\/"},"modified":"2024-05-06T03:02:24","modified_gmt":"2024-05-06T01:02:24","slug":"decorado-imitacion-marmol-imitacion-piedra-antideslizante-klinker-revestimiento-banos-salon-cocina-apa035239","status":"publish","type":"product","link":"https:\/\/tilefly.com\/es\/producto\/decorado-imitacion-marmol-imitacion-piedra-antideslizante-klinker-revestimiento-banos-salon-cocina-apa035239\/","title":{"rendered":"PELDA\u00d1O FIOR, ANT, TRAVERTINO SILVER 33X120"},"content":{"rendered":"<h1><strong>Azulejo Klinker PELDA\u00d1O FIOR, ANT, TRAVERTINO SILVER 33X120<\/strong><\/h1><p>Este azulejo Klinker en formato 33X120 cm, acabado Mate y color Gris es perfecto para tu hogar. Su material de fabricaci\u00f3n es Klinker.<\/p><p>Caracter\u00edsticas especiales: Antideslizante, Decorado, Imitaci\u00f3n m\u00e1rmol, Imitaci\u00f3n piedra<\/p>","protected":false},"excerpt":{"rendered":"<p>Azulejo Klinker PELDA\u00d1O FIOR, ANT, TRAVERTINO SILVER 33X120Este azulejo Klinker en formato 33X120 cm, acabado Mate y color Gris es perfecto para tu hogar. Su material de fabricaci\u00f3n es Klinker.Caracter\u00edsticas especiales: Antideslizante, Decorado, Imitaci\u00f3n m\u00e1rmol, Imitaci\u00f3n piedra<\/p>\n","protected":false},"featured_media":63927,"comment_status":"closed","ping_status":"closed","template":"","meta":[],"product_brand":[],"product_cat":[562,563,564,565],"product_tag":[],"class_list":{"0":"post-63926","1":"product","2":"type-product","3":"status-publish","4":"has-post-thumbnail","6":"product_cat-badkamer-tegels","7":"product_cat-keuken-tegel","8":"product_cat-wandtegels","9":"product_cat-woonkamer-tegels","11":"first","12":"outofstock","13":"shipping-taxable","14":"purchasable","15":"product-type-simple"},"_links":{"self":[{"href":"https:\/\/tilefly.com\/es\/wp-json\/wp\/v2\/product\/63926","targetHints":{"allow":["GET"]}}],"collection":[{"href":"https:\/\/tilefly.com\/es\/wp-json\/wp\/v2\/product"}],"about":[{"href":"https:\/\/tilefly.com\/es\/wp-json\/wp\/v2\/types\/product"}],"replies":[{"embeddable":true,"href":"https:\/\/tilefly.com\/es\/wp-json\/wp\/v2\/comments?post=63926"}],"wp:featuredmedia":[{"embeddable":true,"href":"https:\/\/tilefly.com\/es\/wp-json\/wp\/v2\/media\/63927"}],"wp:attachment":[{"href":"https:\/\/tilefly.com\/es\/wp-json\/wp\/v2\/media?parent=63926"}],"wp:term":[{"taxonomy":"product_brand","embeddable":true,"href":"https:\/\/tilefly.com\/es\/wp-json\/wp\/v2\/product_brand?post=63926"},{"taxonomy":"product_cat","embeddable":true,"href":"https:\/\/tilefly.com\/es\/wp-json\/wp\/v2\/product_cat?post=63926"},{"taxonomy":"product_tag","embeddable":true,"href":"https:\/\/tilefly.com\/es\/wp-json\/wp\/v2\/product_tag?post=63926"}],"curies":[{"name":"wp","href":"https:\/\/api.w.org\/{rel}","templated":true}]}}