{"id":63766,"date":"2019-09-13T13:09:24","date_gmt":"2019-09-13T11:09:24","guid":{"rendered":"https:\/\/tilefly.com\/producto\/decorado-3d-relieve-pasta-roja-revestimiento-banos-salon-cocina-apa035005\/"},"modified":"2025-10-29T09:08:50","modified_gmt":"2025-10-29T08:08:50","slug":"decorado-3d-relieve-pasta-roja-revestimiento-banos-salon-cocina-apa035005","status":"publish","type":"product","link":"https:\/\/tilefly.com\/es\/producto\/decorado-3d-relieve-pasta-roja-revestimiento-banos-salon-cocina-apa035005\/","title":{"rendered":"DECOR RAIN NUDE 20X50"},"content":{"rendered":"<h1><strong>Azulejo Pasta Roja DECOR RAIN NUDE 20X50<\/strong><\/h1><p>Este azulejo Pasta Roja en formato 20X50 cm, acabado Mate y color Marr\u00f3n es perfecto para tu hogar. Su material de fabricaci\u00f3n es Pasta Roja.<\/p><p>Caracter\u00edsticas especiales: 3D-Relieve, Decorado<\/p>","protected":false},"excerpt":{"rendered":"<p>Azulejo Pasta Roja DECOR RAIN NUDE 20X50Este azulejo Pasta Roja en formato 20X50 cm, acabado Mate y color Marr\u00f3n es perfecto para tu hogar. Su material de fabricaci\u00f3n es Pasta Roja.Caracter\u00edsticas especiales: 3D-Relieve, Decorado<\/p>\n","protected":false},"featured_media":63767,"comment_status":"closed","ping_status":"closed","template":"","meta":[],"product_brand":[],"product_cat":[305,306,304,307],"product_tag":[],"class_list":{"0":"post-63766","1":"product","2":"type-product","3":"status-publish","4":"has-post-thumbnail","6":"product_cat-banos","7":"product_cat-cocina","8":"product_cat-revestimiento","9":"product_cat-salon","11":"first","12":"instock","13":"shipping-taxable","14":"purchasable","15":"product-type-simple"},"_links":{"self":[{"href":"https:\/\/tilefly.com\/es\/wp-json\/wp\/v2\/product\/63766","targetHints":{"allow":["GET"]}}],"collection":[{"href":"https:\/\/tilefly.com\/es\/wp-json\/wp\/v2\/product"}],"about":[{"href":"https:\/\/tilefly.com\/es\/wp-json\/wp\/v2\/types\/product"}],"replies":[{"embeddable":true,"href":"https:\/\/tilefly.com\/es\/wp-json\/wp\/v2\/comments?post=63766"}],"wp:featuredmedia":[{"embeddable":true,"href":"https:\/\/tilefly.com\/es\/wp-json\/wp\/v2\/media\/63767"}],"wp:attachment":[{"href":"https:\/\/tilefly.com\/es\/wp-json\/wp\/v2\/media?parent=63766"}],"wp:term":[{"taxonomy":"product_brand","embeddable":true,"href":"https:\/\/tilefly.com\/es\/wp-json\/wp\/v2\/product_brand?post=63766"},{"taxonomy":"product_cat","embeddable":true,"href":"https:\/\/tilefly.com\/es\/wp-json\/wp\/v2\/product_cat?post=63766"},{"taxonomy":"product_tag","embeddable":true,"href":"https:\/\/tilefly.com\/es\/wp-json\/wp\/v2\/product_tag?post=63766"}],"curies":[{"name":"wp","href":"https:\/\/api.w.org\/{rel}","templated":true}]}}