{"id":63476,"date":"2019-09-13T12:42:47","date_gmt":"2019-09-13T10:42:47","guid":{"rendered":"https:\/\/tilefly.com\/producto\/decorado-imitacion-piedra-antideslizante-klinker-revestimiento-banos-salon-cocina-apa034458\/"},"modified":"2025-10-29T08:41:15","modified_gmt":"2025-10-29T07:41:15","slug":"decorado-imitacion-piedra-antideslizante-klinker-revestimiento-banos-salon-cocina-apa034458","status":"publish","type":"product","link":"https:\/\/tilefly.com\/es\/producto\/decorado-imitacion-piedra-antideslizante-klinker-revestimiento-banos-salon-cocina-apa034458\/","title":{"rendered":"BORDE DESBORDANTE TRAVERTINO SILVER 28X66,5"},"content":{"rendered":"<h1><strong>Azulejo Klinker BORDE DESBORDANTE TRAVERTINO SILVER 28X66,5<\/strong><\/h1><p>Este azulejo Klinker en formato 28X66,5 cm, acabado Mate y color Gris es perfecto para tu hogar. Su material de fabricaci\u00f3n es Klinker.<\/p><p>Caracter\u00edsticas especiales: Antideslizante, Decorado, Imitaci\u00f3n piedra<\/p>","protected":false},"excerpt":{"rendered":"<p>Azulejo Klinker BORDE DESBORDANTE TRAVERTINO SILVER 28X66,5Este azulejo Klinker en formato 28X66,5 cm, acabado Mate y color Gris es perfecto para tu hogar. Su material de fabricaci\u00f3n es Klinker.Caracter\u00edsticas especiales: Antideslizante, Decorado, Imitaci\u00f3n piedra<\/p>\n","protected":false},"featured_media":63477,"comment_status":"closed","ping_status":"closed","template":"","meta":[],"product_brand":[],"product_cat":[562,563,564,565],"product_tag":[],"class_list":{"0":"post-63476","1":"product","2":"type-product","3":"status-publish","4":"has-post-thumbnail","6":"product_cat-badkamer-tegels","7":"product_cat-keuken-tegel","8":"product_cat-wandtegels","9":"product_cat-woonkamer-tegels","11":"first","12":"outofstock","13":"shipping-taxable","14":"purchasable","15":"product-type-simple"},"_links":{"self":[{"href":"https:\/\/tilefly.com\/es\/wp-json\/wp\/v2\/product\/63476","targetHints":{"allow":["GET"]}}],"collection":[{"href":"https:\/\/tilefly.com\/es\/wp-json\/wp\/v2\/product"}],"about":[{"href":"https:\/\/tilefly.com\/es\/wp-json\/wp\/v2\/types\/product"}],"replies":[{"embeddable":true,"href":"https:\/\/tilefly.com\/es\/wp-json\/wp\/v2\/comments?post=63476"}],"wp:featuredmedia":[{"embeddable":true,"href":"https:\/\/tilefly.com\/es\/wp-json\/wp\/v2\/media\/63477"}],"wp:attachment":[{"href":"https:\/\/tilefly.com\/es\/wp-json\/wp\/v2\/media?parent=63476"}],"wp:term":[{"taxonomy":"product_brand","embeddable":true,"href":"https:\/\/tilefly.com\/es\/wp-json\/wp\/v2\/product_brand?post=63476"},{"taxonomy":"product_cat","embeddable":true,"href":"https:\/\/tilefly.com\/es\/wp-json\/wp\/v2\/product_cat?post=63476"},{"taxonomy":"product_tag","embeddable":true,"href":"https:\/\/tilefly.com\/es\/wp-json\/wp\/v2\/product_tag?post=63476"}],"curies":[{"name":"wp","href":"https:\/\/api.w.org\/{rel}","templated":true}]}}