{"id":63160,"date":"2019-09-13T12:42:47","date_gmt":"2019-09-13T10:42:47","guid":{"rendered":"https:\/\/tilefly.com\/producto\/imitacion-madera-porcelanico-baldosas-revestimiento-banos-salon-cocina-apa034152\/"},"modified":"2025-10-29T09:05:57","modified_gmt":"2025-10-29T08:05:57","slug":"imitacion-madera-porcelanico-baldosas-revestimiento-banos-salon-cocina-apa034152","status":"publish","type":"product","link":"https:\/\/tilefly.com\/es\/producto\/imitacion-madera-porcelanico-baldosas-revestimiento-banos-salon-cocina-apa034152\/","title":{"rendered":"ANTI-SLIP OREGON ROBLE RECT 20X120"},"content":{"rendered":"<h1><strong>Azulejo Porcel\u00e1nico ANTI-SLIP OREGON ROBLE RECT 20X120<\/strong><\/h1><p>Este azulejo Porcel\u00e1nico en formato 20X120 cm, acabado Mate y color Marr\u00f3n es perfecto para tu hogar. Su material de fabricaci\u00f3n es Porcel\u00e1nico.<\/p><p>Caracter\u00edsticas especiales: Antideslizante, Imitaci\u00f3n madera, Piscinas<\/p>","protected":false},"excerpt":{"rendered":"<p>Azulejo Porcel\u00e1nico ANTI-SLIP OREGON ROBLE RECT 20X120Este azulejo Porcel\u00e1nico en formato 20X120 cm, acabado Mate y color Marr\u00f3n es perfecto para tu hogar. Su material de fabricaci\u00f3n es Porcel\u00e1nico.Caracter\u00edsticas especiales: Antideslizante, Imitaci\u00f3n madera, Piscinas<\/p>\n","protected":false},"featured_media":63161,"comment_status":"closed","ping_status":"closed","template":"","meta":[],"product_brand":[],"product_cat":[456,457,458,459,460],"product_tag":[],"class_list":{"0":"post-63160","1":"product","2":"type-product","3":"status-publish","4":"has-post-thumbnail","6":"product_cat-vohnzimmer","7":"product_cat-badezimmer","8":"product_cat-kuchen","9":"product_cat-wandfliesen","10":"product_cat-bodenfliesen","12":"first","13":"instock","14":"shipping-taxable","15":"purchasable","16":"product-type-simple"},"_links":{"self":[{"href":"https:\/\/tilefly.com\/es\/wp-json\/wp\/v2\/product\/63160","targetHints":{"allow":["GET"]}}],"collection":[{"href":"https:\/\/tilefly.com\/es\/wp-json\/wp\/v2\/product"}],"about":[{"href":"https:\/\/tilefly.com\/es\/wp-json\/wp\/v2\/types\/product"}],"replies":[{"embeddable":true,"href":"https:\/\/tilefly.com\/es\/wp-json\/wp\/v2\/comments?post=63160"}],"wp:featuredmedia":[{"embeddable":true,"href":"https:\/\/tilefly.com\/es\/wp-json\/wp\/v2\/media\/63161"}],"wp:attachment":[{"href":"https:\/\/tilefly.com\/es\/wp-json\/wp\/v2\/media?parent=63160"}],"wp:term":[{"taxonomy":"product_brand","embeddable":true,"href":"https:\/\/tilefly.com\/es\/wp-json\/wp\/v2\/product_brand?post=63160"},{"taxonomy":"product_cat","embeddable":true,"href":"https:\/\/tilefly.com\/es\/wp-json\/wp\/v2\/product_cat?post=63160"},{"taxonomy":"product_tag","embeddable":true,"href":"https:\/\/tilefly.com\/es\/wp-json\/wp\/v2\/product_tag?post=63160"}],"curies":[{"name":"wp","href":"https:\/\/api.w.org\/{rel}","templated":true}]}}