{"id":62960,"date":"2019-09-13T12:36:03","date_gmt":"2019-09-13T10:36:03","guid":{"rendered":"https:\/\/tilefly.com\/producto\/imitacion-cemento-porcelanico-baldosas-revestimiento-banos-salon-cocina-apa033735\/"},"modified":"2025-05-27T23:29:04","modified_gmt":"2025-05-27T21:29:04","slug":"imitacion-cemento-porcelanico-baldosas-revestimiento-banos-salon-cocina-apa033735","status":"publish","type":"product","link":"https:\/\/tilefly.com\/es\/producto\/imitacion-cemento-porcelanico-baldosas-revestimiento-banos-salon-cocina-apa033735\/","title":{"rendered":"TIMELESS SERENITY RECT, 60X60"},"content":{"rendered":"<h1><strong>Azulejo Porcel\u00e1nico TIMELESS SERENITY RECT, 60X60<\/strong><\/h1><p>Este azulejo Porcel\u00e1nico en formato 60X60 cm, acabado Brillo y color Gris es perfecto para tu hogar. Su material de fabricaci\u00f3n es Porcel\u00e1nico.<\/p><p>Caracter\u00edsticas especiales: Imitaci\u00f3n cemento<\/p>","protected":false},"excerpt":{"rendered":"<p>Azulejo Porcel\u00e1nico TIMELESS SERENITY RECT, 60X60Este azulejo Porcel\u00e1nico en formato 60X60 cm, acabado Brillo y color Gris es perfecto para tu hogar. Su material de fabricaci\u00f3n es Porcel\u00e1nico.Caracter\u00edsticas especiales: Imitaci\u00f3n cemento<\/p>\n","protected":false},"featured_media":62961,"comment_status":"closed","ping_status":"closed","template":"","meta":[],"product_brand":[],"product_cat":[456,457,458,459,460],"product_tag":[],"class_list":{"0":"post-62960","1":"product","2":"type-product","3":"status-publish","4":"has-post-thumbnail","6":"product_cat-vohnzimmer","7":"product_cat-badezimmer","8":"product_cat-kuchen","9":"product_cat-wandfliesen","10":"product_cat-bodenfliesen","12":"first","13":"outofstock","14":"shipping-taxable","15":"purchasable","16":"product-type-simple"},"_links":{"self":[{"href":"https:\/\/tilefly.com\/es\/wp-json\/wp\/v2\/product\/62960","targetHints":{"allow":["GET"]}}],"collection":[{"href":"https:\/\/tilefly.com\/es\/wp-json\/wp\/v2\/product"}],"about":[{"href":"https:\/\/tilefly.com\/es\/wp-json\/wp\/v2\/types\/product"}],"replies":[{"embeddable":true,"href":"https:\/\/tilefly.com\/es\/wp-json\/wp\/v2\/comments?post=62960"}],"wp:featuredmedia":[{"embeddable":true,"href":"https:\/\/tilefly.com\/es\/wp-json\/wp\/v2\/media\/62961"}],"wp:attachment":[{"href":"https:\/\/tilefly.com\/es\/wp-json\/wp\/v2\/media?parent=62960"}],"wp:term":[{"taxonomy":"product_brand","embeddable":true,"href":"https:\/\/tilefly.com\/es\/wp-json\/wp\/v2\/product_brand?post=62960"},{"taxonomy":"product_cat","embeddable":true,"href":"https:\/\/tilefly.com\/es\/wp-json\/wp\/v2\/product_cat?post=62960"},{"taxonomy":"product_tag","embeddable":true,"href":"https:\/\/tilefly.com\/es\/wp-json\/wp\/v2\/product_tag?post=62960"}],"curies":[{"name":"wp","href":"https:\/\/api.w.org\/{rel}","templated":true}]}}