{"id":62643,"date":"2019-09-13T12:28:50","date_gmt":"2019-09-13T10:28:50","guid":{"rendered":"https:\/\/tilefly.com\/producto\/o-o-baldosas-revestimiento-banos-salon-cocina-apa033103\/"},"modified":"2025-05-27T23:21:49","modified_gmt":"2025-05-27T21:21:49","slug":"o-o-baldosas-revestimiento-banos-salon-cocina-apa033103","status":"publish","type":"product","link":"https:\/\/tilefly.com\/es\/producto\/o-o-baldosas-revestimiento-banos-salon-cocina-apa033103\/","title":{"rendered":"ZANQUIN FIOR, DCHA, OREGON WENGUE 10X57"},"content":{"rendered":"<h1><strong>Azulejo  ZANQUIN FIOR, DCHA, OREGON WENGUE 10X57<\/strong><\/h1><p>Este azulejo  en formato 10X57 cm, acabado  y color Marr\u00f3n es perfecto para tu hogar. Su material de fabricaci\u00f3n es .<\/p><p>Caracter\u00edsticas especiales: <\/p>","protected":false},"excerpt":{"rendered":"<p>Azulejo ZANQUIN FIOR, DCHA, OREGON WENGUE 10X57Este azulejo en formato 10X57 cm, acabado y color Marr\u00f3n es perfecto para tu hogar. Su material de fabricaci\u00f3n es .Caracter\u00edsticas especiales:<\/p>\n","protected":false},"featured_media":62644,"comment_status":"closed","ping_status":"closed","template":"","meta":[],"product_brand":[],"product_cat":[456,457,458,459,460],"product_tag":[],"class_list":{"0":"post-62643","1":"product","2":"type-product","3":"status-publish","4":"has-post-thumbnail","6":"product_cat-vohnzimmer","7":"product_cat-badezimmer","8":"product_cat-kuchen","9":"product_cat-wandfliesen","10":"product_cat-bodenfliesen","12":"first","13":"outofstock","14":"shipping-taxable","15":"purchasable","16":"product-type-simple"},"_links":{"self":[{"href":"https:\/\/tilefly.com\/es\/wp-json\/wp\/v2\/product\/62643","targetHints":{"allow":["GET"]}}],"collection":[{"href":"https:\/\/tilefly.com\/es\/wp-json\/wp\/v2\/product"}],"about":[{"href":"https:\/\/tilefly.com\/es\/wp-json\/wp\/v2\/types\/product"}],"replies":[{"embeddable":true,"href":"https:\/\/tilefly.com\/es\/wp-json\/wp\/v2\/comments?post=62643"}],"wp:featuredmedia":[{"embeddable":true,"href":"https:\/\/tilefly.com\/es\/wp-json\/wp\/v2\/media\/62644"}],"wp:attachment":[{"href":"https:\/\/tilefly.com\/es\/wp-json\/wp\/v2\/media?parent=62643"}],"wp:term":[{"taxonomy":"product_brand","embeddable":true,"href":"https:\/\/tilefly.com\/es\/wp-json\/wp\/v2\/product_brand?post=62643"},{"taxonomy":"product_cat","embeddable":true,"href":"https:\/\/tilefly.com\/es\/wp-json\/wp\/v2\/product_cat?post=62643"},{"taxonomy":"product_tag","embeddable":true,"href":"https:\/\/tilefly.com\/es\/wp-json\/wp\/v2\/product_tag?post=62643"}],"curies":[{"name":"wp","href":"https:\/\/api.w.org\/{rel}","templated":true}]}}