{"id":62341,"date":"2019-09-13T12:28:50","date_gmt":"2019-09-13T10:28:50","guid":{"rendered":"https:\/\/tilefly.com\/producto\/imitacion-madera-porcelanico-baldosas-revestimiento-banos-salon-cocina-apa032278\/"},"modified":"2024-05-06T03:01:23","modified_gmt":"2024-05-06T01:01:23","slug":"imitacion-madera-porcelanico-baldosas-revestimiento-banos-salon-cocina-apa032278","status":"publish","type":"product","link":"https:\/\/tilefly.com\/es\/producto\/imitacion-madera-porcelanico-baldosas-revestimiento-banos-salon-cocina-apa032278\/","title":{"rendered":"NOA ARTICO RECT, 75X75"},"content":{"rendered":"<h1><strong>Azulejo Porcel\u00e1nico NOA ARTICO RECT, 75X75<\/strong><\/h1><p>Este azulejo Porcel\u00e1nico en formato 75X75 cm, acabado Mate y color Gris, Marr\u00f3n es perfecto para tu hogar. Su material de fabricaci\u00f3n es Porcel\u00e1nico.<\/p><p>Caracter\u00edsticas especiales: Imitaci\u00f3n madera<\/p>","protected":false},"excerpt":{"rendered":"<p>Azulejo Porcel\u00e1nico NOA ARTICO RECT, 75X75Este azulejo Porcel\u00e1nico en formato 75X75 cm, acabado Mate y color Gris, Marr\u00f3n es perfecto para tu hogar. Su material de fabricaci\u00f3n es Porcel\u00e1nico.Caracter\u00edsticas especiales: Imitaci\u00f3n madera<\/p>\n","protected":false},"featured_media":62342,"comment_status":"closed","ping_status":"closed","template":"","meta":[],"product_brand":[],"product_cat":[846,847,848,827,866],"product_tag":[],"class_list":{"0":"post-62341","1":"product","2":"type-product","3":"status-publish","4":"has-post-thumbnail","6":"product_cat-piastrelle","7":"product_cat-bagni","8":"product_cat-cucine","9":"product_cat-rivestimento","10":"product_cat-salotto","12":"first","13":"outofstock","14":"shipping-taxable","15":"purchasable","16":"product-type-simple"},"_links":{"self":[{"href":"https:\/\/tilefly.com\/es\/wp-json\/wp\/v2\/product\/62341","targetHints":{"allow":["GET"]}}],"collection":[{"href":"https:\/\/tilefly.com\/es\/wp-json\/wp\/v2\/product"}],"about":[{"href":"https:\/\/tilefly.com\/es\/wp-json\/wp\/v2\/types\/product"}],"replies":[{"embeddable":true,"href":"https:\/\/tilefly.com\/es\/wp-json\/wp\/v2\/comments?post=62341"}],"wp:featuredmedia":[{"embeddable":true,"href":"https:\/\/tilefly.com\/es\/wp-json\/wp\/v2\/media\/62342"}],"wp:attachment":[{"href":"https:\/\/tilefly.com\/es\/wp-json\/wp\/v2\/media?parent=62341"}],"wp:term":[{"taxonomy":"product_brand","embeddable":true,"href":"https:\/\/tilefly.com\/es\/wp-json\/wp\/v2\/product_brand?post=62341"},{"taxonomy":"product_cat","embeddable":true,"href":"https:\/\/tilefly.com\/es\/wp-json\/wp\/v2\/product_cat?post=62341"},{"taxonomy":"product_tag","embeddable":true,"href":"https:\/\/tilefly.com\/es\/wp-json\/wp\/v2\/product_tag?post=62341"}],"curies":[{"name":"wp","href":"https:\/\/api.w.org\/{rel}","templated":true}]}}