{"id":62259,"date":"2019-09-13T12:24:06","date_gmt":"2019-09-13T10:24:06","guid":{"rendered":"https:\/\/tilefly.com\/producto\/decorado-imitacion-piedra-antideslizante-piscina-klinker-revestimiento-banos-salon-cocina-apa032025\/"},"modified":"2024-05-06T03:01:20","modified_gmt":"2024-05-06T01:01:20","slug":"decorado-imitacion-piedra-antideslizante-piscina-klinker-revestimiento-banos-salon-cocina-apa032025","status":"publish","type":"product","link":"https:\/\/tilefly.com\/es\/producto\/decorado-imitacion-piedra-antideslizante-piscina-klinker-revestimiento-banos-salon-cocina-apa032025\/","title":{"rendered":"ZANQUIN RECTO OXFORD SLATE  DCHO, 41X17,5"},"content":{"rendered":"<h1><strong>Azulejo Klinker ZANQUIN RECTO OXFORD SLATE  DCHO, 41X17,5<\/strong><\/h1><p>Este azulejo Klinker en formato 17,5X41 cm, acabado Mate y color Gris es perfecto para tu hogar. Su material de fabricaci\u00f3n es Klinker.<\/p><p>Caracter\u00edsticas especiales: Antideslizante, Decorado, Imitaci\u00f3n piedra<\/p>","protected":false},"excerpt":{"rendered":"<p>Azulejo Klinker ZANQUIN RECTO OXFORD SLATE DCHO, 41X17,5Este azulejo Klinker en formato 17,5X41 cm, acabado Mate y color Gris es perfecto para tu hogar. Su material de fabricaci\u00f3n es Klinker.Caracter\u00edsticas especiales: Antideslizante, Decorado, Imitaci\u00f3n piedra<\/p>\n","protected":false},"featured_media":62260,"comment_status":"closed","ping_status":"closed","template":"","meta":[],"product_brand":[],"product_cat":[305,306,304,307],"product_tag":[],"class_list":{"0":"post-62259","1":"product","2":"type-product","3":"status-publish","4":"has-post-thumbnail","6":"product_cat-banos","7":"product_cat-cocina","8":"product_cat-revestimiento","9":"product_cat-salon","11":"first","12":"outofstock","13":"shipping-taxable","14":"purchasable","15":"product-type-simple"},"_links":{"self":[{"href":"https:\/\/tilefly.com\/es\/wp-json\/wp\/v2\/product\/62259","targetHints":{"allow":["GET"]}}],"collection":[{"href":"https:\/\/tilefly.com\/es\/wp-json\/wp\/v2\/product"}],"about":[{"href":"https:\/\/tilefly.com\/es\/wp-json\/wp\/v2\/types\/product"}],"replies":[{"embeddable":true,"href":"https:\/\/tilefly.com\/es\/wp-json\/wp\/v2\/comments?post=62259"}],"wp:featuredmedia":[{"embeddable":true,"href":"https:\/\/tilefly.com\/es\/wp-json\/wp\/v2\/media\/62260"}],"wp:attachment":[{"href":"https:\/\/tilefly.com\/es\/wp-json\/wp\/v2\/media?parent=62259"}],"wp:term":[{"taxonomy":"product_brand","embeddable":true,"href":"https:\/\/tilefly.com\/es\/wp-json\/wp\/v2\/product_brand?post=62259"},{"taxonomy":"product_cat","embeddable":true,"href":"https:\/\/tilefly.com\/es\/wp-json\/wp\/v2\/product_cat?post=62259"},{"taxonomy":"product_tag","embeddable":true,"href":"https:\/\/tilefly.com\/es\/wp-json\/wp\/v2\/product_tag?post=62259"}],"curies":[{"name":"wp","href":"https:\/\/api.w.org\/{rel}","templated":true}]}}