{"id":584291,"date":"2025-12-16T01:32:57","date_gmt":"2025-12-16T00:32:57","guid":{"rendered":"https:\/\/tilefly.com\/producto\/charisma-grey-mt-30x60-rect\/"},"modified":"2025-12-16T01:32:57","modified_gmt":"2025-12-16T00:32:57","slug":"charisma-grey-mt-30x60-rect","status":"publish","type":"product","link":"https:\/\/tilefly.com\/es\/producto\/charisma-grey-mt-30x60-rect\/","title":{"rendered":"CHARISMA GREY MT 30X60 RECT"},"content":{"rendered":"<h2>Azulejo Porcel\u00e1nico Mate CHARISMA GREY MT 30X60 RECT<\/h2><p>Presentamos el revestimiento <b>CHARISMA GREY MT<\/b>, un porcel\u00e1nico esmaltado de formato 30&#215;60 cm con rectificado, que transforma cualquier espacio en un refugio de sofisticaci\u00f3n y naturalidad. Su color gris claro predominante, con matices que transitan desde casi blancos hasta grises medios, reproduce fielmente la complejidad de la piedra natural o el microcemento. Este dise\u00f1o p\u00e9treo o cementicio se enriquece con vetas sutiles y finas, que se entrelazan y extienden por la superficie, evocando la elegancia del m\u00e1rmol o las rocas sedimentarias. Adem\u00e1s, incorpora peque\u00f1as inclusiones y agregados en diferentes tonalidades de gris y blanco, confiri\u00e9ndole un aspecto de terrazo fino o microcemento. Es como si cada baldosa contara una historia geol\u00f3gica con un toque contempor\u00e1neo.<\/p><p>El acabado mate de esta baldosa es una invitaci\u00f3n a la calma visual, absorbiendo la luz sin reflejos y potenciando la textura rica y org\u00e1nica de la superficie. Su naturaleza robusta y org\u00e1nica, combinada con la est\u00e9tica minimalista, lo convierte en una elecci\u00f3n vers\u00e1til para ambientes que buscan sobriedad y elegancia sin renunciar a un toque natural. Ideal para suelos y paredes, el CHARISMA GREY es perfecto para cocinas, salones y ba\u00f1os, donde su magnetismo natural brillar\u00e1 con luz propia. Descubra la serie completa y d\u00e9jate seducir por su encanto en <a href='https:\/\/tilefly.com\/es\/producto\/charisma'>CHARISMA<\/a>.<\/p>","protected":false},"excerpt":{"rendered":"<p>Azulejo Porcel\u00e1nico Mate CHARISMA GREY MT 30X60 RECTPresentamos el revestimiento CHARISMA GREY MT, un porcel\u00e1nico esmaltado de formato 30&#215;60 cm con rectificado, que transforma cualquier espacio en un refugio de sofisticaci\u00f3n y naturalidad. Su color gris claro predominante, con matices que transitan desde casi blancos hasta grises medios, reproduce fielmente la complejidad de la piedra [&hellip;]<\/p>\n","protected":false},"featured_media":584289,"comment_status":"open","ping_status":"closed","template":"","meta":[],"product_brand":[],"product_cat":[303,305,306,304],"product_tag":[],"class_list":{"0":"post-584291","1":"product","2":"type-product","3":"status-publish","4":"has-post-thumbnail","6":"product_cat-baldosas","7":"product_cat-banos","8":"product_cat-cocina","9":"product_cat-revestimiento","11":"first","12":"instock","13":"shipping-taxable","14":"purchasable","15":"product-type-simple"},"_links":{"self":[{"href":"https:\/\/tilefly.com\/es\/wp-json\/wp\/v2\/product\/584291","targetHints":{"allow":["GET"]}}],"collection":[{"href":"https:\/\/tilefly.com\/es\/wp-json\/wp\/v2\/product"}],"about":[{"href":"https:\/\/tilefly.com\/es\/wp-json\/wp\/v2\/types\/product"}],"replies":[{"embeddable":true,"href":"https:\/\/tilefly.com\/es\/wp-json\/wp\/v2\/comments?post=584291"}],"wp:featuredmedia":[{"embeddable":true,"href":"https:\/\/tilefly.com\/es\/wp-json\/wp\/v2\/media\/584289"}],"wp:attachment":[{"href":"https:\/\/tilefly.com\/es\/wp-json\/wp\/v2\/media?parent=584291"}],"wp:term":[{"taxonomy":"product_brand","embeddable":true,"href":"https:\/\/tilefly.com\/es\/wp-json\/wp\/v2\/product_brand?post=584291"},{"taxonomy":"product_cat","embeddable":true,"href":"https:\/\/tilefly.com\/es\/wp-json\/wp\/v2\/product_cat?post=584291"},{"taxonomy":"product_tag","embeddable":true,"href":"https:\/\/tilefly.com\/es\/wp-json\/wp\/v2\/product_tag?post=584291"}],"curies":[{"name":"wp","href":"https:\/\/api.w.org\/{rel}","templated":true}]}}