{"id":584273,"date":"2025-12-16T01:32:50","date_gmt":"2025-12-16T00:32:50","guid":{"rendered":"https:\/\/tilefly.com\/producto\/3db-charisma-grey-mt-100x100-rect\/"},"modified":"2025-12-16T01:32:50","modified_gmt":"2025-12-16T00:32:50","slug":"3db-charisma-grey-mt-100x100-rect","status":"publish","type":"product","link":"https:\/\/tilefly.com\/es\/producto\/3db-charisma-grey-mt-100x100-rect\/","title":{"rendered":"3DB CHARISMA GREY MT 100X100 RECT"},"content":{"rendered":"<h2>Azulejo Porcel\u00e1nico Mate 3DB CHARISMA GREY MT 100X100 RECT<\/h2><p>Descubre la esencia de la sofisticaci\u00f3n con la baldosa 3DB CHARISMA GREY MT 100X100 RECT, una pieza de porcel\u00e1nico esmaltado mate que redefine el concepto de elegancia en tus espacios. Su cautivador color gris claro se adorna con un dise\u00f1o irregular de vetas m\u00e1s claras, casi blancas, que se entrelazan como una delicada &#8220;tela de ara\u00f1a&#8221;, evocando la majestuosidad de la piedra natural. Las sutiles variaciones tonales del gris, desde las m\u00e1s oscuras a las m\u00e1s p\u00e1lidas, confieren una profundidad y un realismo inigualables, transformando cada baldosa en un lienzo geol\u00f3gico.<\/p><p>Con un formato generoso de 100&#215;100 cm y un rectificado preciso, esta baldosa permite una instalaci\u00f3n impecable con juntas m\u00ednimas, creando una superficie continua y lujosa. Su material porcel\u00e1nico, ideal para suelo y pared, asegura una resistencia excepcional al desgaste y la humedad, siendo perfecto para cocinas, salones y ba\u00f1os. El acabado mate, caracter\u00edstica intr\u00ednseca de nuestra serie <a href='https:\/\/tilefly.com\/es\/producto\/charisma'>CHARISMA<\/a>, abraza la luz sin reflejos, otorgando un confort visual y una atm\u00f3sfera serena que potencia su efecto 3D, a\u00f1adiendo una personalidad \u00fanica. Esta baldosa no imita dise\u00f1os hidr\u00e1ulicos o de madera, sino la aleatoriedad y la complejidad de las formaciones marm\u00f3reas, invitando a tocar y sentir su riqueza textural. Su belleza duradera y su f\u00e1cil mantenimiento la convierten en la elecci\u00f3n ideal para quienes buscan un dise\u00f1o atemporal y un magnetismo natural en su hogar.<\/p>","protected":false},"excerpt":{"rendered":"<p>Azulejo Porcel\u00e1nico Mate 3DB CHARISMA GREY MT 100X100 RECTDescubre la esencia de la sofisticaci\u00f3n con la baldosa 3DB CHARISMA GREY MT 100X100 RECT, una pieza de porcel\u00e1nico esmaltado mate que redefine el concepto de elegancia en tus espacios. Su cautivador color gris claro se adorna con un dise\u00f1o irregular de vetas m\u00e1s claras, casi blancas, [&hellip;]<\/p>\n","protected":false},"featured_media":584271,"comment_status":"open","ping_status":"closed","template":"","meta":[],"product_brand":[],"product_cat":[303,305,306,304],"product_tag":[],"class_list":{"0":"post-584273","1":"product","2":"type-product","3":"status-publish","4":"has-post-thumbnail","6":"product_cat-baldosas","7":"product_cat-banos","8":"product_cat-cocina","9":"product_cat-revestimiento","11":"first","12":"instock","13":"shipping-taxable","14":"purchasable","15":"product-type-simple"},"_links":{"self":[{"href":"https:\/\/tilefly.com\/es\/wp-json\/wp\/v2\/product\/584273","targetHints":{"allow":["GET"]}}],"collection":[{"href":"https:\/\/tilefly.com\/es\/wp-json\/wp\/v2\/product"}],"about":[{"href":"https:\/\/tilefly.com\/es\/wp-json\/wp\/v2\/types\/product"}],"replies":[{"embeddable":true,"href":"https:\/\/tilefly.com\/es\/wp-json\/wp\/v2\/comments?post=584273"}],"wp:featuredmedia":[{"embeddable":true,"href":"https:\/\/tilefly.com\/es\/wp-json\/wp\/v2\/media\/584271"}],"wp:attachment":[{"href":"https:\/\/tilefly.com\/es\/wp-json\/wp\/v2\/media?parent=584273"}],"wp:term":[{"taxonomy":"product_brand","embeddable":true,"href":"https:\/\/tilefly.com\/es\/wp-json\/wp\/v2\/product_brand?post=584273"},{"taxonomy":"product_cat","embeddable":true,"href":"https:\/\/tilefly.com\/es\/wp-json\/wp\/v2\/product_cat?post=584273"},{"taxonomy":"product_tag","embeddable":true,"href":"https:\/\/tilefly.com\/es\/wp-json\/wp\/v2\/product_tag?post=584273"}],"curies":[{"name":"wp","href":"https:\/\/api.w.org\/{rel}","templated":true}]}}