{"id":579340,"date":"2025-10-10T16:04:43","date_gmt":"2025-10-10T14:04:43","guid":{"rendered":"https:\/\/tilefly.com\/producto\/3db-baldai-natural-mt-23x120-rect\/"},"modified":"2025-10-10T16:04:43","modified_gmt":"2025-10-10T14:04:43","slug":"3db-baldai-natural-mt-23x120-rect","status":"publish","type":"product","link":"https:\/\/tilefly.com\/es\/producto\/3db-baldai-natural-mt-23x120-rect\/","title":{"rendered":"3DB BALDAI NATURAL MT 23X120 RECT"},"content":{"rendered":"<h2>Azulejo Porcel\u00e1nico Mate 3DB BALDAI NATURAL MT 23X120 RECT<\/h2><p>Descubra la esencia de la naturaleza con la baldosa 3DB BALDAI NATURAL MT 23X120, una pieza excepcional de la serie <a href='https:\/\/tilefly.com\/producto\/baldai'>BALDAI<\/a> que redefine la belleza de la madera en espacios interiores. Este porcel\u00e1nico esmaltado mate, con su cautivador color &#8220;Natural&#8221;, se presenta como la soluci\u00f3n perfecta para quienes buscan fusionar la calidez intr\u00ednseca de la madera con la durabilidad y funcionalidad de un material cer\u00e1mico de vanguardia. Su paleta crom\u00e1tica se extiende desde un suave y acogedor marr\u00f3n claro hasta tonalidades medias, enriquecidas por matices c\u00e1lidos que evocan la tranquilidad del beige arena y la profundidad de marrones m\u00e1s intensos. Fabricado con porcel\u00e1nico de la m\u00e1s alta calidad, este producto est\u00e1 dise\u00f1ado para embellecer tanto suelos como paredes, ofreciendo una versatilidad inigualable y una resistencia superior.<\/p><p>El formato rectangular de 23&#215;120 cm es id\u00f3neo para crear una sensaci\u00f3n de amplitud y continuidad, replicando fielmente la disposici\u00f3n de las lamas de madera natural y aportando una est\u00e9tica moderna y a la vez atemporal a cualquier estancia. Su dise\u00f1o es una oda a la autenticidad, imitando con una maestr\u00eda impresionante las vetas de la madera natural. Cada baldosa exhibe patrones alargados e irregulares que recorren horizontalmente la superficie, revelando marcadas variaciones de tono que simulan la heterogeneidad y riqueza crom\u00e1tica de la madera real. Lejos de ser una simple imitaci\u00f3n, esta baldosa captura la esencia con detalles tan minuciosos como nudos dispersos y peque\u00f1as fisuras o grietas lineales, elementos caracter\u00edsticos de la madera r\u00fastica o envejecida que infunden un car\u00e1cter y una historia visual \u00fanicos en cada pieza. Este nivel de detalle no solo enriquece la est\u00e9tica, sino que tambi\u00e9n gu\u00eda al ojo a trav\u00e9s de una experiencia visual envolvente, como si se estuviera observando madera genuina.<\/p><p>El acabado mate de la 3DB BALDAI NATURAL MT 23X120 es la elecci\u00f3n perfecta para quienes aprecian la sofisticaci\u00f3n discreta. Este acabado no solo minimiza los reflejos, sino que tambi\u00e9n contribuye a la percepci\u00f3n de una textura visual suave y ligeramente satinada, id\u00e9ntica a la de un suelo de madera natural sin el brillo excesivo que a veces puede resultar artificial. La ausencia de rectificaci\u00f3n en sus bordes confiere una sutil elegancia, lo que implica que sus juntas, aunque m\u00ednimas, aportar\u00e1n un toque distintivo y tradicional, integr\u00e1ndose armoniosamente en el dise\u00f1o general. Esta caracter\u00edstica, lejos de ser un inconveniente, subraya su autenticidad y facilita una instalaci\u00f3n que respeta la est\u00e9tica del revestimiento cer\u00e1mico cl\u00e1sico. Optar por este porcel\u00e1nico es invertir en una soluci\u00f3n duradera y de bajo mantenimiento que promete conservar su esplendor a lo largo del tiempo, resistiendo el paso diario y las exigencias de cualquier hogar o espacio comercial.<\/p>","protected":false},"excerpt":{"rendered":"<p>Azulejo Porcel\u00e1nico Mate 3DB BALDAI NATURAL MT 23X120 RECTDescubra la esencia de la naturaleza con la baldosa 3DB BALDAI NATURAL MT 23X120, una pieza excepcional de la serie BALDAI que redefine la belleza de la madera en espacios interiores. Este porcel\u00e1nico esmaltado mate, con su cautivador color &#8220;Natural&#8221;, se presenta como la soluci\u00f3n perfecta para [&hellip;]<\/p>\n","protected":false},"featured_media":579338,"comment_status":"open","ping_status":"closed","template":"","meta":[],"product_brand":[],"product_cat":[303,305,306,304],"product_tag":[],"class_list":{"0":"post-579340","1":"product","2":"type-product","3":"status-publish","4":"has-post-thumbnail","6":"product_cat-baldosas","7":"product_cat-banos","8":"product_cat-cocina","9":"product_cat-revestimiento","11":"first","12":"instock","13":"shipping-taxable","14":"purchasable","15":"product-type-simple"},"_links":{"self":[{"href":"https:\/\/tilefly.com\/es\/wp-json\/wp\/v2\/product\/579340","targetHints":{"allow":["GET"]}}],"collection":[{"href":"https:\/\/tilefly.com\/es\/wp-json\/wp\/v2\/product"}],"about":[{"href":"https:\/\/tilefly.com\/es\/wp-json\/wp\/v2\/types\/product"}],"replies":[{"embeddable":true,"href":"https:\/\/tilefly.com\/es\/wp-json\/wp\/v2\/comments?post=579340"}],"wp:featuredmedia":[{"embeddable":true,"href":"https:\/\/tilefly.com\/es\/wp-json\/wp\/v2\/media\/579338"}],"wp:attachment":[{"href":"https:\/\/tilefly.com\/es\/wp-json\/wp\/v2\/media?parent=579340"}],"wp:term":[{"taxonomy":"product_brand","embeddable":true,"href":"https:\/\/tilefly.com\/es\/wp-json\/wp\/v2\/product_brand?post=579340"},{"taxonomy":"product_cat","embeddable":true,"href":"https:\/\/tilefly.com\/es\/wp-json\/wp\/v2\/product_cat?post=579340"},{"taxonomy":"product_tag","embeddable":true,"href":"https:\/\/tilefly.com\/es\/wp-json\/wp\/v2\/product_tag?post=579340"}],"curies":[{"name":"wp","href":"https:\/\/api.w.org\/{rel}","templated":true}]}}