{"id":579219,"date":"2025-10-08T21:26:25","date_gmt":"2025-10-08T19:26:25","guid":{"rendered":"https:\/\/tilefly.com\/producto\/thor-muro-beige-mt-30x60\/"},"modified":"2025-10-08T21:26:25","modified_gmt":"2025-10-08T19:26:25","slug":"thor-muro-beige-mt-30x60","status":"publish","type":"product","link":"https:\/\/tilefly.com\/es\/producto\/thor-muro-beige-mt-30x60\/","title":{"rendered":"THOR MURO BEIGE MT 30X60"},"content":{"rendered":"<h2>Azulejo Porcel\u00e1nico Mate THOR MURO BEIGE MT 30X60<\/h2><p>Descubra la baldosa THOR MURO BEIGE MT 30X60, una pieza que transforma cualquier espacio en un refugio de estilo y autenticidad. Integrado en nuestra serie <a href='https:\/\/tilefly.com\/producto\/thor'>THOR<\/a>, este revestimiento evoca la majestuosidad de la piedra apilada, ideal para fachadas y paredes interiores o exteriores. Su dise\u00f1o simula un panel de piedra laja apilada con la autenticidad del porcel\u00e1nico de alta calidad, garantizando durabilidad y car\u00e1cter. Perfecto para fusionar la calidez natural con la resistencia y bajo mantenimiento, aporta un toque de car\u00e1cter \u00fanico a cualquier superficie.<\/p><p>El color dominante es un beige muy claro, casi crema, que se enriquece con una paleta de matices sorprendentemente variada. Apreciar\u00e1 sutiles pinceladas de beiges c\u00e1lidos, suaves grises p\u00e1lidos y delicados toques de marr\u00f3n claro, que se entrelazan para crear un efecto visual org\u00e1nico y profundamente natural. Esta variaci\u00f3n crom\u00e1tica a\u00f1ade profundidad y realismo, integr\u00e1ndose armoniosamente en diversos esquemas decorativos. Las tonalidades cambiantes reaccionan a la luz, aportando vida propia a la superficie y guiando su elecci\u00f3n para la mejor decisi\u00f3n seg\u00fan las caracter\u00edsticas.<\/p><p>Su formato pr\u00e1ctico de 30&#215;60 cm, no rectificado, realza un aspecto artesanal. El dise\u00f1o presenta tiras horizontales de &#8220;piedra&#8221; de variadas longitudes y grosores, creando una secuencia visual din\u00e1mica y un efecto tridimensional. El acabado Mate potencia esta autenticidad, con una superficie rugosa que simula la fractura natural de la piedra (&#8216;split-face&#8217;), mostrando crestas, valles y vetas intr\u00ednsecas. La luz acent\u00faa la profundidad e irregularidad de cada &#8220;laja&#8221;. Importante: este producto no reproduce texturas de cemento, m\u00e1rmol o madera, sino una imitaci\u00f3n realista de cuarcita o pizarra con clivaje y estratificaci\u00f3n visibles, detallando lo m\u00e1s posible para guiar al comprador.<\/p><p>Fabricado en Porcel\u00e1nico Esmaltado Mate de alta calidad, THOR MURO BEIGE MT es un material excepcionalmente resistente y duradero. Ideal para revestir paredes y pavimentos de bajo tr\u00e1nsito, destaca en paredes de acento y fachadas. Garantiza excelente resistencia a la abrasi\u00f3n, manchas y variaciones clim\u00e1ticas, siendo una opci\u00f3n inmejorable para exteriores como terrazas o muros de contenci\u00f3n. Su robustez no compromete la est\u00e9tica, ofreciendo f\u00e1cil mantenimiento y belleza inalterada. Con THOR MURO BEIGE MT, cree ambientes que irradian encanto r\u00fastico moderno y sofisticaci\u00f3n atemporal, transformando su espacio en un lugar \u00fanico y conectado con la naturaleza.<\/p>","protected":false},"excerpt":{"rendered":"<p>Azulejo Porcel\u00e1nico Mate THOR MURO BEIGE MT 30X60Descubra la baldosa THOR MURO BEIGE MT 30X60, una pieza que transforma cualquier espacio en un refugio de estilo y autenticidad. Integrado en nuestra serie THOR, este revestimiento evoca la majestuosidad de la piedra apilada, ideal para fachadas y paredes interiores o exteriores. Su dise\u00f1o simula un panel [&hellip;]<\/p>\n","protected":false},"featured_media":579217,"comment_status":"open","ping_status":"closed","template":"","meta":[],"product_brand":[],"product_cat":[304],"product_tag":[],"class_list":{"0":"post-579219","1":"product","2":"type-product","3":"status-publish","4":"has-post-thumbnail","6":"product_cat-revestimiento","8":"first","9":"instock","10":"shipping-taxable","11":"purchasable","12":"product-type-simple"},"_links":{"self":[{"href":"https:\/\/tilefly.com\/es\/wp-json\/wp\/v2\/product\/579219","targetHints":{"allow":["GET"]}}],"collection":[{"href":"https:\/\/tilefly.com\/es\/wp-json\/wp\/v2\/product"}],"about":[{"href":"https:\/\/tilefly.com\/es\/wp-json\/wp\/v2\/types\/product"}],"replies":[{"embeddable":true,"href":"https:\/\/tilefly.com\/es\/wp-json\/wp\/v2\/comments?post=579219"}],"wp:featuredmedia":[{"embeddable":true,"href":"https:\/\/tilefly.com\/es\/wp-json\/wp\/v2\/media\/579217"}],"wp:attachment":[{"href":"https:\/\/tilefly.com\/es\/wp-json\/wp\/v2\/media?parent=579219"}],"wp:term":[{"taxonomy":"product_brand","embeddable":true,"href":"https:\/\/tilefly.com\/es\/wp-json\/wp\/v2\/product_brand?post=579219"},{"taxonomy":"product_cat","embeddable":true,"href":"https:\/\/tilefly.com\/es\/wp-json\/wp\/v2\/product_cat?post=579219"},{"taxonomy":"product_tag","embeddable":true,"href":"https:\/\/tilefly.com\/es\/wp-json\/wp\/v2\/product_tag?post=579219"}],"curies":[{"name":"wp","href":"https:\/\/api.w.org\/{rel}","templated":true}]}}