{"id":575587,"date":"2025-07-23T14:21:35","date_gmt":"2025-07-23T12:21:35","guid":{"rendered":"https:\/\/tilefly.com\/producto\/doncella-white-pul-120x120-rect\/"},"modified":"2025-07-23T14:21:35","modified_gmt":"2025-07-23T12:21:35","slug":"doncella-white-pul-120x120-rect","status":"publish","type":"product","link":"https:\/\/tilefly.com\/es\/producto\/doncella-white-pul-120x120-rect\/","title":{"rendered":"DONCELLA WHITE PUL 120X120 RECT"},"content":{"rendered":"<h2>Azulejo Porcel\u00e1nico Mate DONCELLA WHITE PUL 120X120 RECT<\/h2><p>Descubra la majestuosidad y el lujo atemporal con la baldosa <b>DONCELLA WHITE PUL 120X120 RECT<\/b>, una pieza que redefine la elegancia en cualquier ambiente. Perteneciente a nuestra exclusiva serie <a href='https:\/\/tilefly.com\/producto\/doncella'>DONCELLA<\/a>, esta baldosa es un homenaje a la belleza cl\u00e1sica del m\u00e1rmol cristal, transformando cada rinc\u00f3n en un santuario de sofisticaci\u00f3n y serenidad. Su impresionante formato de 120&#215;120 cm es sin\u00f3nimo de grandeza y amplitud, dise\u00f1ado para crear superficies continuas y visualmente ininterrumpidas que magnifican el espacio.<\/p><p>El color predominante de la DONCELLA WHITE PUL 120X120 RECT es un blanco sublime, un &#8220;blanco roto&#8221; o un &#8220;gris muy claro&#8221; que roza la perfecci\u00f3n, evocando la pureza y la luminosidad de una ma\u00f1ana tranquila. Sobre este lienzo impoluto, se despliegan sutiles y elegantes variaciones tonales, que van desde \u00e1reas ligeramente m\u00e1s luminosas hasta delicadas sombras gris\u00e1ceas p\u00e1lidas. Este juego de matices confiere a la baldosa una profundidad y un realismo excepcionales. El dise\u00f1o se caracteriza por un veteado org\u00e1nico y difuso, con vetas anchas y curvas que se extienden con gracia por toda la superficie en tonos de gris apenas m\u00e1s oscuros, imitando con asombrosa fidelidad la formaci\u00f3n natural de la piedra. No encontrar\u00e1 l\u00edneas duras ni contrastes marcados, lo que contribuye a una apariencia sumamente natural, sofisticada y atemporal, alejada de cualquier imitaci\u00f3n artificial y anclada en la nobleza de la piedra.<\/p><p>El acabado <b>Pulido<\/b> de esta baldosa es una de sus caracter\u00edsticas m\u00e1s destacadas. Esta superficie visualmente lisa y brillante no solo sugiere un tacto sedoso, sino que es fundamental para la luminosidad del espacio. Refleja la luz de manera excepcional, creando un espect\u00e1culo visual que invita a la admiraci\u00f3n y expande visualmente las estancias, infundi\u00e9ndoles una sensaci\u00f3n de amplitud y ligereza. Al ser un producto <b>Porcel\u00e1nico Esmaltado Pulido<\/b>, su versatilidad es inigualable. Es perfectamente apta tanto para revestir suelos como paredes, lo que la convierte en la elecci\u00f3n ideal para ba\u00f1os lujosos, cocinas de dise\u00f1o, salones majestuosos y cualquier \u00e1rea de alto tr\u00e1nsito que requiera durabilidad y un mantenimiento sencillo. La cualidad de ser <b>Rectificada<\/b> asegura que los bordes de cada pieza son precisos y uniformes, permitiendo una instalaci\u00f3n con juntas m\u00ednimas. Esto culmina en una superficie casi monol\u00edtica, donde la continuidad del dise\u00f1o y el veteado es la verdadera protagonista, llevando la imitaci\u00f3n del m\u00e1rmol y la piedra a un nivel de realismo sin precedentes. DONCELLA WHITE PUL 120X120 RECT es m\u00e1s que una baldosa; es una declaraci\u00f3n de estilo, una inversi\u00f3n en la belleza y funcionalidad que perdurar\u00e1 en el tiempo.<\/p>","protected":false},"excerpt":{"rendered":"<p>Azulejo Porcel\u00e1nico Mate DONCELLA WHITE PUL 120X120 RECTDescubra la majestuosidad y el lujo atemporal con la baldosa DONCELLA WHITE PUL 120X120 RECT, una pieza que redefine la elegancia en cualquier ambiente. Perteneciente a nuestra exclusiva serie DONCELLA, esta baldosa es un homenaje a la belleza cl\u00e1sica del m\u00e1rmol cristal, transformando cada rinc\u00f3n en un santuario [&hellip;]<\/p>\n","protected":false},"featured_media":575575,"comment_status":"open","ping_status":"closed","template":"","meta":[],"product_brand":[],"product_cat":[303,305,306,304],"product_tag":[],"class_list":{"0":"post-575587","1":"product","2":"type-product","3":"status-publish","4":"has-post-thumbnail","6":"product_cat-baldosas","7":"product_cat-banos","8":"product_cat-cocina","9":"product_cat-revestimiento","11":"first","12":"instock","13":"shipping-taxable","14":"purchasable","15":"product-type-simple"},"_links":{"self":[{"href":"https:\/\/tilefly.com\/es\/wp-json\/wp\/v2\/product\/575587","targetHints":{"allow":["GET"]}}],"collection":[{"href":"https:\/\/tilefly.com\/es\/wp-json\/wp\/v2\/product"}],"about":[{"href":"https:\/\/tilefly.com\/es\/wp-json\/wp\/v2\/types\/product"}],"replies":[{"embeddable":true,"href":"https:\/\/tilefly.com\/es\/wp-json\/wp\/v2\/comments?post=575587"}],"wp:featuredmedia":[{"embeddable":true,"href":"https:\/\/tilefly.com\/es\/wp-json\/wp\/v2\/media\/575575"}],"wp:attachment":[{"href":"https:\/\/tilefly.com\/es\/wp-json\/wp\/v2\/media?parent=575587"}],"wp:term":[{"taxonomy":"product_brand","embeddable":true,"href":"https:\/\/tilefly.com\/es\/wp-json\/wp\/v2\/product_brand?post=575587"},{"taxonomy":"product_cat","embeddable":true,"href":"https:\/\/tilefly.com\/es\/wp-json\/wp\/v2\/product_cat?post=575587"},{"taxonomy":"product_tag","embeddable":true,"href":"https:\/\/tilefly.com\/es\/wp-json\/wp\/v2\/product_tag?post=575587"}],"curies":[{"name":"wp","href":"https:\/\/api.w.org\/{rel}","templated":true}]}}