{"id":575574,"date":"2025-07-23T14:21:32","date_gmt":"2025-07-23T12:21:32","guid":{"rendered":"https:\/\/tilefly.com\/producto\/doncella-ivory-pul-120x120-rect\/"},"modified":"2025-07-23T14:21:32","modified_gmt":"2025-07-23T12:21:32","slug":"doncella-ivory-pul-120x120-rect","status":"publish","type":"product","link":"https:\/\/tilefly.com\/es\/producto\/doncella-ivory-pul-120x120-rect\/","title":{"rendered":"DONCELLA IVORY PUL 120X120 RECT"},"content":{"rendered":"<h2>Azulejo Porcel\u00e1nico Mate DONCELLA IVORY PUL 120X120 RECT<\/h2><p>Descubra la majestuosidad y el encanto inigualable de nuestra serie <a href='https:\/\/tilefly.com\/producto\/doncella'>DONCELLA<\/a>, una colecci\u00f3n que redefine la elegancia en cada espacio. Dentro de esta prestigiosa serie, le presentamos el DONCELLA IVORY PUL 120X120 RECT, una baldosa porcel\u00e1nica que encarna la sofisticaci\u00f3n atemporal del m\u00e1rmol cristal, pero con la durabilidad y versatilidad que solo la tecnolog\u00eda moderna puede ofrecer.<\/p><p>El color Marfil de esta pieza es una declaraci\u00f3n de calidez y luminosidad. Inspirado en la delicadeza de los tonos crema y hueso, su superficie irradia una claridad sutil que amplifica la luz natural, creando ambientes serenos y acogedores. Las vetas, finas e irregulares, fluyen con gracia a lo largo de la baldosa, imitando con asombrosa fidelidad las formaciones geol\u00f3gicas de la piedra natural. Estas vetas, en tonos beige-gris\u00e1ceos m\u00e1s profundos y \u00e1reas casi blancas, se entrelazan de manera org\u00e1nica y aleatoria, lo que le confiere a cada pieza una singularidad art\u00edstica. Este dise\u00f1o no solo capta la esencia del m\u00e1rmol o el \u00f3nix, sino que tambi\u00e9n aporta una profundidad visual que es tanto hipnotizante como relajante.<\/p><p>Fabricado en material porcel\u00e1nico esmaltado pulido, el DONCELLA IVORY PUL 120X120 RECT es la s\u00edntesis perfecta entre belleza y resistencia. Su naturaleza porcel\u00e1nica lo hace excepcionalmente robusto, ideal para soportar el tr\u00e1nsito diario tanto en suelos como en revestimientos de pared, garantizando una vida \u00fatil prolongada con un mantenimiento m\u00ednimo. El acabado Pulido de su superficie realza su brillo, aportando un tacto suave y una reflectividad que magnifica la luminosidad del color marfil, creando un efecto espejo que ampl\u00eda visualmente cualquier habitaci\u00f3n. Este acabado no solo es est\u00e9ticamente superior, sino que tambi\u00e9n facilita su limpieza, manteniendo su esplendor con facilidad.<\/p><p>El gran formato de 120&#215;120 cm, combinado con su caracter\u00edstica rectificada, es otro sello distintivo de esta baldosa. El borde rectificado permite una instalaci\u00f3n con juntas m\u00ednimas, creando una superficie casi continua que potencia la sensaci\u00f3n de amplitud y modernidad. Esta precisi\u00f3n en sus dimensiones asegura una colocaci\u00f3n impecable, resultando en un pavimento o revestimiento de pared que parece una \u00fanica pieza monol\u00edtica de m\u00e1rmol. Su versatilidad como imitaci\u00f3n m\u00e1rmol y piedra lo convierte en una elecci\u00f3n insuperable para quienes buscan la sofisticaci\u00f3n de la piedra natural sin las complejidades de su cuidado, a\u00f1adiendo un toque de lujo discreto a cualquier interior, desde salones y dormitorios hasta ba\u00f1os y cocinas, transform\u00e1ndolos en espacios de pura distinci\u00f3n.<\/p>","protected":false},"excerpt":{"rendered":"<p>Azulejo Porcel\u00e1nico Mate DONCELLA IVORY PUL 120X120 RECTDescubra la majestuosidad y el encanto inigualable de nuestra serie DONCELLA, una colecci\u00f3n que redefine la elegancia en cada espacio. Dentro de esta prestigiosa serie, le presentamos el DONCELLA IVORY PUL 120X120 RECT, una baldosa porcel\u00e1nica que encarna la sofisticaci\u00f3n atemporal del m\u00e1rmol cristal, pero con la durabilidad [&hellip;]<\/p>\n","protected":false},"featured_media":575562,"comment_status":"open","ping_status":"closed","template":"","meta":[],"product_brand":[],"product_cat":[303,305,306,304],"product_tag":[],"class_list":{"0":"post-575574","1":"product","2":"type-product","3":"status-publish","4":"has-post-thumbnail","6":"product_cat-baldosas","7":"product_cat-banos","8":"product_cat-cocina","9":"product_cat-revestimiento","11":"first","12":"instock","13":"shipping-taxable","14":"purchasable","15":"product-type-simple"},"_links":{"self":[{"href":"https:\/\/tilefly.com\/es\/wp-json\/wp\/v2\/product\/575574","targetHints":{"allow":["GET"]}}],"collection":[{"href":"https:\/\/tilefly.com\/es\/wp-json\/wp\/v2\/product"}],"about":[{"href":"https:\/\/tilefly.com\/es\/wp-json\/wp\/v2\/types\/product"}],"replies":[{"embeddable":true,"href":"https:\/\/tilefly.com\/es\/wp-json\/wp\/v2\/comments?post=575574"}],"wp:featuredmedia":[{"embeddable":true,"href":"https:\/\/tilefly.com\/es\/wp-json\/wp\/v2\/media\/575562"}],"wp:attachment":[{"href":"https:\/\/tilefly.com\/es\/wp-json\/wp\/v2\/media?parent=575574"}],"wp:term":[{"taxonomy":"product_brand","embeddable":true,"href":"https:\/\/tilefly.com\/es\/wp-json\/wp\/v2\/product_brand?post=575574"},{"taxonomy":"product_cat","embeddable":true,"href":"https:\/\/tilefly.com\/es\/wp-json\/wp\/v2\/product_cat?post=575574"},{"taxonomy":"product_tag","embeddable":true,"href":"https:\/\/tilefly.com\/es\/wp-json\/wp\/v2\/product_tag?post=575574"}],"curies":[{"name":"wp","href":"https:\/\/api.w.org\/{rel}","templated":true}]}}