{"id":575333,"date":"2025-07-18T01:10:41","date_gmt":"2025-07-17T23:10:41","guid":{"rendered":"https:\/\/tilefly.com\/producto\/fortune-pearl-mt-60x120-rect\/"},"modified":"2025-07-18T01:10:41","modified_gmt":"2025-07-17T23:10:41","slug":"fortune-pearl-mt-60x120-rect","status":"publish","type":"product","link":"https:\/\/tilefly.com\/es\/producto\/fortune-pearl-mt-60x120-rect\/","title":{"rendered":"FORTUNE PEARL MT 60X120 RECT"},"content":{"rendered":"<h2>Azulejo Porcel\u00e1nico Mate FORTUNE PEARL MT 60X120 RECT<\/h2><p>Descubre la esencia de la sofisticaci\u00f3n atemporal con el revestimiento FORTUNE PEARL MT 60X120 RECT, una pieza maestra de la serie <a href='https:\/\/tilefly.com\/producto\/fortune'>FORTUNE<\/a> que redefine la elegancia en cada espacio. Esta impresionante baldosa de gran formato (60&#215;120 cm) est\u00e1 dise\u00f1ada para crear ambientes amplios y continuos, perfecta para suelos y paredes en cualquier estancia de tu hogar o proyecto comercial.<\/p><p>El color &#8220;Perla&#8221; es una oda a la luminosidad y la neutralidad. Se trata de un blanco roto o gris muy claro, con matices que evocan un blanco hueso o un beige p\u00e1lido, confiriendo una versatilidad inigualable para integrar en diversas paletas de colores y estilos decorativos. Lo que realmente distingue a FORTUNE PEARL es su dise\u00f1o, inspirado en la delicadeza de la piedra natural. A diferencia de un cemento o m\u00e1rmol, esta baldosa reproduce con maestr\u00eda el veteado lineal horizontal, sutil y elegante, de piedras como el travertino cortado a la veta o una arenisca. Sus vetas son finas y alargadas, con liger\u00edsimas variaciones tonales que crean un efecto de estratificaci\u00f3n suave y homog\u00e9nea, aportando una profundidad visual discreta pero cautivadora, que genera un juego de luces inconfundible, tal como evoca la colecci\u00f3n FORTUNE.<\/p><p>Fabricada en porcel\u00e1nico esmaltado mate, la baldosa FORTUNE PEARL MT 60X120 RECT garantiza durabilidad y resistencia excepcionales, siendo una elecci\u00f3n \u00f3ptima para zonas de alto tr\u00e1nsito, ba\u00f1os, cocinas y salones. Su acabado mate realza su aspecto natural y sobrio, eliminando reflejos intensos y proporcionando una sensaci\u00f3n t\u00e1ctil suave y agradable, adem\u00e1s de facilitar su mantenimiento. Al ser rectificada, posee bordes cortados con precisi\u00f3n que permiten una instalaci\u00f3n con juntas m\u00ednimas, logrando una superficie casi sin interrupciones, lo que amplifica la sensaci\u00f3n de amplitud y pulcritud. Este formato y acabado contribuyen a crear entornos limpios, modernos, minimalistas y atemporales, ofreciendo una soluci\u00f3n que combina la belleza intr\u00ednseca de la piedra natural con la resistencia y practicidad de la cer\u00e1mica m\u00e1s avanzada. Si buscas dar car\u00e1cter y transformar tu ambiente en un oasis de calma y estilo, esta baldosa es la elecci\u00f3n perfecta para tus ideas de dise\u00f1o con un toque de distinci\u00f3n.<\/p>","protected":false},"excerpt":{"rendered":"<p>Azulejo Porcel\u00e1nico Mate FORTUNE PEARL MT 60X120 RECTDescubre la esencia de la sofisticaci\u00f3n atemporal con el revestimiento FORTUNE PEARL MT 60X120 RECT, una pieza maestra de la serie FORTUNE que redefine la elegancia en cada espacio. Esta impresionante baldosa de gran formato (60&#215;120 cm) est\u00e1 dise\u00f1ada para crear ambientes amplios y continuos, perfecta para suelos [&hellip;]<\/p>\n","protected":false},"featured_media":575321,"comment_status":"open","ping_status":"closed","template":"","meta":[],"product_brand":[],"product_cat":[303,305,306,304],"product_tag":[],"class_list":{"0":"post-575333","1":"product","2":"type-product","3":"status-publish","4":"has-post-thumbnail","6":"product_cat-baldosas","7":"product_cat-banos","8":"product_cat-cocina","9":"product_cat-revestimiento","11":"first","12":"instock","13":"shipping-taxable","14":"purchasable","15":"product-type-simple"},"_links":{"self":[{"href":"https:\/\/tilefly.com\/es\/wp-json\/wp\/v2\/product\/575333","targetHints":{"allow":["GET"]}}],"collection":[{"href":"https:\/\/tilefly.com\/es\/wp-json\/wp\/v2\/product"}],"about":[{"href":"https:\/\/tilefly.com\/es\/wp-json\/wp\/v2\/types\/product"}],"replies":[{"embeddable":true,"href":"https:\/\/tilefly.com\/es\/wp-json\/wp\/v2\/comments?post=575333"}],"wp:featuredmedia":[{"embeddable":true,"href":"https:\/\/tilefly.com\/es\/wp-json\/wp\/v2\/media\/575321"}],"wp:attachment":[{"href":"https:\/\/tilefly.com\/es\/wp-json\/wp\/v2\/media?parent=575333"}],"wp:term":[{"taxonomy":"product_brand","embeddable":true,"href":"https:\/\/tilefly.com\/es\/wp-json\/wp\/v2\/product_brand?post=575333"},{"taxonomy":"product_cat","embeddable":true,"href":"https:\/\/tilefly.com\/es\/wp-json\/wp\/v2\/product_cat?post=575333"},{"taxonomy":"product_tag","embeddable":true,"href":"https:\/\/tilefly.com\/es\/wp-json\/wp\/v2\/product_tag?post=575333"}],"curies":[{"name":"wp","href":"https:\/\/api.w.org\/{rel}","templated":true}]}}