{"id":575307,"date":"2025-07-18T01:10:36","date_gmt":"2025-07-17T23:10:36","guid":{"rendered":"https:\/\/tilefly.com\/producto\/fortune-pearl-mt-30x60-rect\/"},"modified":"2026-03-26T04:01:18","modified_gmt":"2026-03-26T03:01:18","slug":"fortune-pearl-mt-30x60-rect","status":"publish","type":"product","link":"https:\/\/tilefly.com\/es\/producto\/fortune-pearl-mt-30x60-rect\/","title":{"rendered":"FORTUNE PEARL MT 30X60 RECT"},"content":{"rendered":"<h2>Azulejo Porcel\u00e1nico Mate FORTUNE PEARL MT 30X60 RECT<\/h2><p>Ad\u00e9ntrese en la serena sofisticaci\u00f3n con la baldosa FORTUNE PEARL MT 30X60 RECT, una pieza excepcional que encarna la esencia de la aclamada serie <a href='https:\/\/tilefly.com\/producto\/fortune'>FORTUNE<\/a>. Esta colecci\u00f3n ha sido dise\u00f1ada para evocar el esp\u00edritu de un cemento vivo, c\u00e1lido e innovador, y el modelo Pearl traduce esa visi\u00f3n en una est\u00e9tica depurada y profundamente natural. Su color &#8216;Perla&#8217; no es un simple gris; es un lienzo predominantemente gris muy claro, casi blanco o blanquecino, que irradia una luminosidad sutil y una paleta de tonos neutros y fr\u00edos, ideal para crear ambientes de calma y elegancia atemporal. Esta baldosa abraza una calidez intr\u00ednseca, invitando al tacto y a la contemplaci\u00f3n.<\/p><p>El dise\u00f1o de FORTUNE PEARL se distingue por una exquisita imitaci\u00f3n de piedra natural, espec\u00edficamente el travertino cortado a favor de la veta (&#8216;vein-cut&#8217;). Esto se manifiesta en un veteado horizontal pronunciado, pero al mismo tiempo suave y difuminado, que simula con maestr\u00eda las texturas y l\u00edneas propias de esta noble piedra. A lo largo de estas vetas, se aprecian variaciones tonales muy sutiles, con \u00e1reas ligeramente m\u00e1s oscuras en tonos grises medios, que a\u00f1aden una profundidad fascinante y refuerzan el realismo visual del material. Esta atenci\u00f3n al detalle gr\u00e1fico se acompa\u00f1a armoniosamente de un efecto creativo especial, caracter\u00edstico de la serie FORTUNE, que aporta un juego de luces inconfundible y dota al espacio de un car\u00e1cter vibrante y cosmopolita. Su atractivo reside en la serenidad y la elegancia de su patr\u00f3n lineal y su gama crom\u00e1tica atemporal.<\/p><p>Fabricada con el robusto y vers\u00e1til material porcel\u00e1nico esmaltado mate, FORTUNE PEARL MT 30X60 RECT garantiza una durabilidad excepcional y una resistencia superior al desgaste, la humedad y las manchas, lo que la convierte en una elecci\u00f3n \u00f3ptima tanto para suelos como para paredes en cualquier estancia de su hogar o proyecto comercial. Su acabado mate proporciona una superficie anti-deslizante, no brillante, que no solo es pr\u00e1ctica y f\u00e1cil de mantener, sino que tambi\u00e9n refuerza la apariencia de un material natural sin pulir, suave al tacto y est\u00e9ticamente muy agradable. Adem\u00e1s, su formato de 30&#215;60 cm, combinado con su naturaleza rectificada, permite una instalaci\u00f3n precisa con juntas m\u00ednimas, creando una superficie continua y unificada que ampl\u00eda visualmente los espacios y les confiere un aspecto contempor\u00e1neo y pulcro.<\/p><p>Las peque\u00f1as irregularidades y motas presentes en la superficie refuerzan a\u00fan m\u00e1s la autenticidad y el encanto de este material que busca replicar la belleza imperfecta de la naturaleza. FORTUNE PEARL MT 30X60 RECT es m\u00e1s que una baldosa; es una soluci\u00f3n de dise\u00f1o que reviste y da car\u00e1cter al espacio, creando ambientes innovadores y cosmopolitas. Su aspecto sobrio y minimalista, combinado con una riqueza de detalles y una suavidad al tacto, la convierte en la elecci\u00f3n perfecta para aquellos que buscan un estilo que trascienda las tendencias, aportando una base de calma, sofisticaci\u00f3n y modernidad a cualquier interior, desde salones y dormitorios hasta cocinas y ba\u00f1os, tanto en entornos residenciales como comerciales.<\/p>","protected":false},"excerpt":{"rendered":"<p>Azulejo Porcel\u00e1nico Mate FORTUNE PEARL MT 30X60 RECTAd\u00e9ntrese en la serena sofisticaci\u00f3n con la baldosa FORTUNE PEARL MT 30X60 RECT, una pieza excepcional que encarna la esencia de la aclamada serie FORTUNE. Esta colecci\u00f3n ha sido dise\u00f1ada para evocar el esp\u00edritu de un cemento vivo, c\u00e1lido e innovador, y el modelo Pearl traduce esa visi\u00f3n [&hellip;]<\/p>\n","protected":false},"featured_media":575295,"comment_status":"open","ping_status":"closed","template":"","meta":[],"product_brand":[],"product_cat":[303,305,306,304],"product_tag":[],"class_list":{"0":"post-575307","1":"product","2":"type-product","3":"status-publish","4":"has-post-thumbnail","6":"product_cat-baldosas","7":"product_cat-banos","8":"product_cat-cocina","9":"product_cat-revestimiento","11":"first","12":"outofstock","13":"shipping-taxable","14":"purchasable","15":"product-type-simple"},"_links":{"self":[{"href":"https:\/\/tilefly.com\/es\/wp-json\/wp\/v2\/product\/575307","targetHints":{"allow":["GET"]}}],"collection":[{"href":"https:\/\/tilefly.com\/es\/wp-json\/wp\/v2\/product"}],"about":[{"href":"https:\/\/tilefly.com\/es\/wp-json\/wp\/v2\/types\/product"}],"replies":[{"embeddable":true,"href":"https:\/\/tilefly.com\/es\/wp-json\/wp\/v2\/comments?post=575307"}],"wp:featuredmedia":[{"embeddable":true,"href":"https:\/\/tilefly.com\/es\/wp-json\/wp\/v2\/media\/575295"}],"wp:attachment":[{"href":"https:\/\/tilefly.com\/es\/wp-json\/wp\/v2\/media?parent=575307"}],"wp:term":[{"taxonomy":"product_brand","embeddable":true,"href":"https:\/\/tilefly.com\/es\/wp-json\/wp\/v2\/product_brand?post=575307"},{"taxonomy":"product_cat","embeddable":true,"href":"https:\/\/tilefly.com\/es\/wp-json\/wp\/v2\/product_cat?post=575307"},{"taxonomy":"product_tag","embeddable":true,"href":"https:\/\/tilefly.com\/es\/wp-json\/wp\/v2\/product_tag?post=575307"}],"curies":[{"name":"wp","href":"https:\/\/api.w.org\/{rel}","templated":true}]}}