{"id":575294,"date":"2025-07-18T01:10:34","date_gmt":"2025-07-17T23:10:34","guid":{"rendered":"https:\/\/tilefly.com\/producto\/fortune-ivory-mt-30x60-rect\/"},"modified":"2025-07-18T01:10:34","modified_gmt":"2025-07-17T23:10:34","slug":"fortune-ivory-mt-30x60-rect","status":"publish","type":"product","link":"https:\/\/tilefly.com\/es\/producto\/fortune-ivory-mt-30x60-rect\/","title":{"rendered":"FORTUNE IVORY MT 30X60 RECT"},"content":{"rendered":"<h2>Azulejo Porcel\u00e1nico Mate FORTUNE IVORY MT 30X60 RECT<\/h2><p>Descubre la esencia de la serenidad y la sofisticaci\u00f3n con la baldosa FORTUNE IVORY MT 30X60 RECT, una pieza que redefine la elegancia natural en cualquier espacio. Perteneciente a nuestra exclusiva serie <a href='https:\/\/tilefly.com\/producto\/fortune'>FORTUNE<\/a>, que evoca el esp\u00edritu de un cemento vivo, c\u00e1lido e innovador con un aspecto sobrio y minimalista, esta baldosa, de imitaci\u00f3n travertino, ofrece una calidez y riqueza visual que se integran armoniosamente en ambientes contempor\u00e1neos y cl\u00e1sicos. Su dise\u00f1o excepcional captura la belleza intr\u00ednseca de la piedra natural, espec\u00edficamente el travertino cortado a favor de la veta, lo que se traduce en una superficie \u00fanica con un encanto atemporal. El color predominante es un marfil exquisito, un beige muy claro que se acerca al blanco roto o crema, infundiendo luminosidad y una sensaci\u00f3n de amplitud. Este tono suave se complementa con sutiles variaciones tonales, desde un beige p\u00e1lido hasta toques ligeramente m\u00e1s c\u00e1lidos y amarillentos, aportando profundidad org\u00e1nica y un realismo sorprendente.<\/p><p>La caracter\u00edstica m\u00e1s distintiva de FORTUNE IVORY es su patr\u00f3n de vetas. Lejos de ser un m\u00e1rmol cl\u00e1sico o una simple imitaci\u00f3n de cemento, esta baldosa presenta largas y fluidas vetas horizontales que atraviesan la superficie con una suavidad inigualable. Estas vetas no son n\u00edtidas, sino difuminadas y sutilmente onduladas, creando un efecto de bandas paralelas que dan vida y movimiento. Las ligeras variaciones en la intensidad del color dentro de estas vetas contribuyen a un juego de luces inconfundible, reflejando la promesa de la serie FORTUNE de crear soluciones decorativas innovadoras y cosmopolitas. El formato de 30&#215;60 cm, combinado con el corte rectificado, garantiza unos bordes perfectamente definidos que permiten una instalaci\u00f3n con juntas m\u00ednimas. Esto no solo mejora la continuidad visual de la superficie, creando un efecto de &#8220;lienzo&#8221; unificado, sino que tambi\u00e9n facilita la limpieza y el mantenimiento, aportando un acabado impecable y de alta gama.<\/p><p>Fabricada en porcel\u00e1nico esmaltado de alta calidad, FORTUNE IVORY MT es sin\u00f3nimo de durabilidad y versatilidad. Su composici\u00f3n de porcel\u00e1nico la hace extremadamente resistente al desgaste, a la humedad, a las manchas y a los cambios de temperatura, ideal tanto para revestir paredes como para pavimentar suelos, incluso en zonas de alto tr\u00e1nsito, residenciales o comerciales. El acabado mate, suave al tacto y visualmente discreto, realza la textura natural de la piedra, minimizando el reflejo de la luz y contribuyendo a un ambiente sereno y acogedor. Este acabado tambi\u00e9n ofrece una mayor resistencia al deslizamiento, proporcionando seguridad y confort en su uso diario. Con FORTUNE IVORY MT 30X60 RECT, no solo adquieres una baldosa, sino una declaraci\u00f3n de estilo que transforma cualquier espacio en un refugio de elegancia y calma, donde cada detalle gr\u00e1fico se acompa\u00f1a armoniosamente de un efecto creativo especial, aportando car\u00e1cter y una est\u00e9tica atemporal.<\/p>","protected":false},"excerpt":{"rendered":"<p>Azulejo Porcel\u00e1nico Mate FORTUNE IVORY MT 30X60 RECTDescubre la esencia de la serenidad y la sofisticaci\u00f3n con la baldosa FORTUNE IVORY MT 30X60 RECT, una pieza que redefine la elegancia natural en cualquier espacio. Perteneciente a nuestra exclusiva serie FORTUNE, que evoca el esp\u00edritu de un cemento vivo, c\u00e1lido e innovador con un aspecto sobrio [&hellip;]<\/p>\n","protected":false},"featured_media":575282,"comment_status":"open","ping_status":"closed","template":"","meta":[],"product_brand":[],"product_cat":[303,305,306,304],"product_tag":[],"class_list":{"0":"post-575294","1":"product","2":"type-product","3":"status-publish","4":"has-post-thumbnail","6":"product_cat-baldosas","7":"product_cat-banos","8":"product_cat-cocina","9":"product_cat-revestimiento","11":"first","12":"instock","13":"shipping-taxable","14":"purchasable","15":"product-type-simple"},"_links":{"self":[{"href":"https:\/\/tilefly.com\/es\/wp-json\/wp\/v2\/product\/575294","targetHints":{"allow":["GET"]}}],"collection":[{"href":"https:\/\/tilefly.com\/es\/wp-json\/wp\/v2\/product"}],"about":[{"href":"https:\/\/tilefly.com\/es\/wp-json\/wp\/v2\/types\/product"}],"replies":[{"embeddable":true,"href":"https:\/\/tilefly.com\/es\/wp-json\/wp\/v2\/comments?post=575294"}],"wp:featuredmedia":[{"embeddable":true,"href":"https:\/\/tilefly.com\/es\/wp-json\/wp\/v2\/media\/575282"}],"wp:attachment":[{"href":"https:\/\/tilefly.com\/es\/wp-json\/wp\/v2\/media?parent=575294"}],"wp:term":[{"taxonomy":"product_brand","embeddable":true,"href":"https:\/\/tilefly.com\/es\/wp-json\/wp\/v2\/product_brand?post=575294"},{"taxonomy":"product_cat","embeddable":true,"href":"https:\/\/tilefly.com\/es\/wp-json\/wp\/v2\/product_cat?post=575294"},{"taxonomy":"product_tag","embeddable":true,"href":"https:\/\/tilefly.com\/es\/wp-json\/wp\/v2\/product_tag?post=575294"}],"curies":[{"name":"wp","href":"https:\/\/api.w.org\/{rel}","templated":true}]}}