{"id":575281,"date":"2025-07-18T01:10:32","date_gmt":"2025-07-17T23:10:32","guid":{"rendered":"https:\/\/tilefly.com\/producto\/fortune-pearl-mt-60x60-rect\/"},"modified":"2025-07-18T01:10:32","modified_gmt":"2025-07-17T23:10:32","slug":"fortune-pearl-mt-60x60-rect","status":"publish","type":"product","link":"https:\/\/tilefly.com\/es\/producto\/fortune-pearl-mt-60x60-rect\/","title":{"rendered":"FORTUNE PEARL MT 60X60 RECT"},"content":{"rendered":"<h2>Azulejo Porcel\u00e1nico Mate FORTUNE PEARL MT 60X60 RECT<\/h2><p>La baldosa porcel\u00e1nica FORTUNE PEARL MT 60X60 RECT encarna la elegancia depurada y el esp\u00edritu innovador de la serie <a href='https:\/\/tilefly.com\/producto\/fortune'>FORTUNE<\/a>. Esta pieza exquista cautiva con su delicado tono &#8220;Perla&#8221;, un gris muy claro casi blanco que aporta luminosidad y amplitud a cualquier espacio. Su dise\u00f1o evoca magistralmente la esencia de un cemento vivo, fusionando un minimalismo sobrio con un car\u00e1cter c\u00e1lido y acogedor, ideal para crear soluciones decorativas innovadoras y cosmopolitas. El efecto creativo especial de la superficie genera un juego de luces inconfundible, dando vida a cada cent\u00edmetro de la baldosa.<\/p><p>Lo que realmente distingue a FORTUNE PEARL es su notable imitaci\u00f3n de piedra natural, espec\u00edficamente un travertino de corte veteado. La superficie revela un patr\u00f3n sofisticado de finas y discretas vetas lineales que recorren horizontalmente la baldosa. Estas sutiles l\u00edneas paralelas, con ligeras variaciones de intensidad y sombra, crean una textura visual suave y una impresionante sensaci\u00f3n de profundidad natural. El acabado mate, suave al tacto, realza esta est\u00e9tica contempor\u00e1nea y elegante, reduciendo el deslumbramiento y promoviendo una atm\u00f3sfera serena y acogedora. Este dise\u00f1o vers\u00e1til es perfecto para aportar una sensaci\u00f3n de calma y sofisticaci\u00f3n.<\/p><p>Fabricado en porcel\u00e1nico esmaltado rectificado de alta calidad, el FORTUNE PEARL MT 60X60 RECT ofrece una durabilidad y versatilidad inigualables. Su formato de 60&#215;60 cm es ideal para generar superficies amplias y continuas, tanto en suelos como en paredes. El proceso de rectificaci\u00f3n asegura bordes perfectamente rectos, permitiendo juntas m\u00ednimas que contribuyen a una apariencia fluida y sin interrupciones, realzando la percepci\u00f3n de espacio y continuidad. Este material robusto es apto para aplicaciones residenciales y comerciales, resistiendo el desgaste diario mientras mantiene su aspecto impecable con facilidad.<\/p><p>La paleta de color &#8220;Perla&#8221;, combinada con su distintiva imitaci\u00f3n de piedra lineal, hace de esta baldosa una elecci\u00f3n incre\u00edblemente vers\u00e1til. Es perfecta para transformar espacios con estilos minimalistas, contempor\u00e1neos o escandinavos, donde se valora la claridad, la simplicidad y los elementos naturales. El tono &#8220;Perla&#8221; y la sofisticada textura contribuyen a crear un santuario tranquilo, elevando el ambiente de salones, dormitorios, cocinas y ba\u00f1os. Elegir FORTUNE PEARL significa invertir en una base que es tanto est\u00e9ticamente cautivadora como funcionalmente superior, prometiendo una belleza duradera que se adapta a las tendencias de dise\u00f1o en constante evoluci\u00f3n.<\/p>","protected":false},"excerpt":{"rendered":"<p>Azulejo Porcel\u00e1nico Mate FORTUNE PEARL MT 60X60 RECTLa baldosa porcel\u00e1nica FORTUNE PEARL MT 60X60 RECT encarna la elegancia depurada y el esp\u00edritu innovador de la serie FORTUNE. Esta pieza exquista cautiva con su delicado tono &#8220;Perla&#8221;, un gris muy claro casi blanco que aporta luminosidad y amplitud a cualquier espacio. Su dise\u00f1o evoca magistralmente la [&hellip;]<\/p>\n","protected":false},"featured_media":575269,"comment_status":"open","ping_status":"closed","template":"","meta":[],"product_brand":[],"product_cat":[303,305,306,304],"product_tag":[],"class_list":{"0":"post-575281","1":"product","2":"type-product","3":"status-publish","4":"has-post-thumbnail","6":"product_cat-baldosas","7":"product_cat-banos","8":"product_cat-cocina","9":"product_cat-revestimiento","11":"first","12":"instock","13":"shipping-taxable","14":"purchasable","15":"product-type-simple"},"_links":{"self":[{"href":"https:\/\/tilefly.com\/es\/wp-json\/wp\/v2\/product\/575281","targetHints":{"allow":["GET"]}}],"collection":[{"href":"https:\/\/tilefly.com\/es\/wp-json\/wp\/v2\/product"}],"about":[{"href":"https:\/\/tilefly.com\/es\/wp-json\/wp\/v2\/types\/product"}],"replies":[{"embeddable":true,"href":"https:\/\/tilefly.com\/es\/wp-json\/wp\/v2\/comments?post=575281"}],"wp:featuredmedia":[{"embeddable":true,"href":"https:\/\/tilefly.com\/es\/wp-json\/wp\/v2\/media\/575269"}],"wp:attachment":[{"href":"https:\/\/tilefly.com\/es\/wp-json\/wp\/v2\/media?parent=575281"}],"wp:term":[{"taxonomy":"product_brand","embeddable":true,"href":"https:\/\/tilefly.com\/es\/wp-json\/wp\/v2\/product_brand?post=575281"},{"taxonomy":"product_cat","embeddable":true,"href":"https:\/\/tilefly.com\/es\/wp-json\/wp\/v2\/product_cat?post=575281"},{"taxonomy":"product_tag","embeddable":true,"href":"https:\/\/tilefly.com\/es\/wp-json\/wp\/v2\/product_tag?post=575281"}],"curies":[{"name":"wp","href":"https:\/\/api.w.org\/{rel}","templated":true}]}}