{"id":573419,"date":"2025-05-19T19:39:25","date_gmt":"2025-05-19T17:39:25","guid":{"rendered":"https:\/\/tilefly.com\/producto\/3db-telma-roble-mt-23x120-rect\/"},"modified":"2026-02-25T04:00:30","modified_gmt":"2026-02-25T03:00:30","slug":"3db-telma-roble-mt-23x120-rect","status":"publish","type":"product","link":"https:\/\/tilefly.com\/es\/producto\/3db-telma-roble-mt-23x120-rect\/","title":{"rendered":"3DB TELMA ROBLE MT 23X120 RECT"},"content":{"rendered":"<h2>Azulejo Porcel\u00e1nico Mate 3DB TELMA ROBLE MT 23X120 RECT<\/h2><p>Descubre la elegancia natural con la baldosa 3DB TELMA ROBLE MT 23X120 RECT, una pieza que redefine la belleza de los espacios. Esta baldosa porcel\u00e1nica, con su acabado mate y dise\u00f1o rectificado, captura la esencia del roble italiano, ofreciendo una rica gr\u00e1fica y detalles definidos que evocan la calidez de la madera natural. Su formato de 23&#215;120 cm es ideal para crear ambientes amplios y acogedores, perfectos para cualquier estilo decorativo.<\/p><p>La imitaci\u00f3n madera de esta baldosa no solo es visualmente atractiva, sino que tambi\u00e9n ofrece una textura envolvente que invita al tacto, gracias a las \u00faltimas tecnolog\u00edas aplicadas en su fabricaci\u00f3n. El color roble, en un tono beige claro con variaciones de tonalidad, reproduce fielmente las vetas y nudos caracter\u00edsticos de la madera, aportando realismo y profundidad al dise\u00f1o. Cada baldosa presenta patrones \u00fanicos, simulando las variaciones naturales de la madera y creando una superficie visualmente rica y din\u00e1mica.<\/p><p>Ideal para suelos y paredes, esta baldosa porcel\u00e1nica es resistente y duradera, perfecta para \u00e1reas de alto tr\u00e1fico y f\u00e1cil de mantener. Su acabado mate proporciona una superficie antideslizante y un aspecto natural que complementa cualquier decoraci\u00f3n. Integra la elegancia y funcionalidad en tus espacios con esta baldosa que fusiona tradici\u00f3n y modernidad. Si buscas m\u00e1s opciones y dise\u00f1os en esta incre\u00edble colecci\u00f3n, visita la serie <a href='https:\/\/tilefly.com\/producto\/telma'>TELMA<\/a> para encontrar la inspiraci\u00f3n que necesitas.<\/p>","protected":false},"excerpt":{"rendered":"<p>Azulejo Porcel\u00e1nico Mate 3DB TELMA ROBLE MT 23X120 RECTDescubre la elegancia natural con la baldosa 3DB TELMA ROBLE MT 23X120 RECT, una pieza que redefine la belleza de los espacios. Esta baldosa porcel\u00e1nica, con su acabado mate y dise\u00f1o rectificado, captura la esencia del roble italiano, ofreciendo una rica gr\u00e1fica y detalles definidos que evocan [&hellip;]<\/p>\n","protected":false},"featured_media":573407,"comment_status":"open","ping_status":"closed","template":"","meta":[],"product_brand":[],"product_cat":[303,305,306,304],"product_tag":[],"class_list":{"0":"post-573419","1":"product","2":"type-product","3":"status-publish","4":"has-post-thumbnail","6":"product_cat-baldosas","7":"product_cat-banos","8":"product_cat-cocina","9":"product_cat-revestimiento","11":"first","12":"outofstock","13":"shipping-taxable","14":"purchasable","15":"product-type-simple"},"_links":{"self":[{"href":"https:\/\/tilefly.com\/es\/wp-json\/wp\/v2\/product\/573419","targetHints":{"allow":["GET"]}}],"collection":[{"href":"https:\/\/tilefly.com\/es\/wp-json\/wp\/v2\/product"}],"about":[{"href":"https:\/\/tilefly.com\/es\/wp-json\/wp\/v2\/types\/product"}],"replies":[{"embeddable":true,"href":"https:\/\/tilefly.com\/es\/wp-json\/wp\/v2\/comments?post=573419"}],"wp:featuredmedia":[{"embeddable":true,"href":"https:\/\/tilefly.com\/es\/wp-json\/wp\/v2\/media\/573407"}],"wp:attachment":[{"href":"https:\/\/tilefly.com\/es\/wp-json\/wp\/v2\/media?parent=573419"}],"wp:term":[{"taxonomy":"product_brand","embeddable":true,"href":"https:\/\/tilefly.com\/es\/wp-json\/wp\/v2\/product_brand?post=573419"},{"taxonomy":"product_cat","embeddable":true,"href":"https:\/\/tilefly.com\/es\/wp-json\/wp\/v2\/product_cat?post=573419"},{"taxonomy":"product_tag","embeddable":true,"href":"https:\/\/tilefly.com\/es\/wp-json\/wp\/v2\/product_tag?post=573419"}],"curies":[{"name":"wp","href":"https:\/\/api.w.org\/{rel}","templated":true}]}}