{"id":573380,"date":"2025-05-19T19:39:17","date_gmt":"2025-05-19T17:39:17","guid":{"rendered":"https:\/\/tilefly.com\/producto\/3db-telma-ash-mt-23x120-rect\/"},"modified":"2026-02-06T04:01:09","modified_gmt":"2026-02-06T03:01:09","slug":"3db-telma-ash-mt-23x120-rect","status":"publish","type":"product","link":"https:\/\/tilefly.com\/es\/producto\/3db-telma-ash-mt-23x120-rect\/","title":{"rendered":"3DB TELMA ASH MT 23X120 RECT"},"content":{"rendered":"<h2>Azulejo Porcel\u00e1nico Mate 3DB TELMA ASH MT 23X120 RECT<\/h2><p>Descubre la elegancia natural con la baldosa 3DB TELMA ASH MT 23X120 RECT, una pieza que redefine la belleza de los espacios. Esta baldosa porcel\u00e1nica, con su acabado mate y dise\u00f1o de imitaci\u00f3n madera, captura la esencia del roble italiano en un tono ceniza suave y sofisticado. El formato de 23&#215;120 cm, combinado con su rectificaci\u00f3n precisa, permite una instalaci\u00f3n impecable con juntas m\u00ednimas, creando una superficie continua y visualmente atractiva. <a href='https:\/\/tilefly.com\/producto\/telma'>TELMA<\/a><\/p><p>El color ceniza, un beige claro con sutiles variaciones en tonalidades, evoca la calidez y serenidad de la madera natural, mientras que el dise\u00f1o meticuloso reproduce las vetas y nudos caracter\u00edsticos del roble con un realismo asombroso. Su textura mate, suave al tacto, a\u00f1ade un toque de autenticidad, haciendo que cada baldosa sea una experiencia sensorial \u00fanica. Esta baldosa es ideal para aquellos que buscan la calidez de la madera sin renunciar a la durabilidad y facilidad de mantenimiento del porcel\u00e1nico.<\/p><p>Perfecta para suelos y paredes, la 3DB TELMA ASH MT transforma cualquier ambiente en un refugio de estilo y confort. Ya sea en salones, dormitorios o espacios comerciales, su versatilidad se adapta a cualquier estilo de decoraci\u00f3n, desde el m\u00e1s moderno hasta el m\u00e1s r\u00fastico. Su resistencia al desgaste y a las manchas garantiza una belleza duradera, mientras que su f\u00e1cil limpieza simplifica el mantenimiento diario. Elige la baldosa 3DB TELMA ASH MT para crear espacios que reflejen tu buen gusto y pasi\u00f3n por los detalles.<\/p>","protected":false},"excerpt":{"rendered":"<p>Azulejo Porcel\u00e1nico Mate 3DB TELMA ASH MT 23X120 RECTDescubre la elegancia natural con la baldosa 3DB TELMA ASH MT 23X120 RECT, una pieza que redefine la belleza de los espacios. Esta baldosa porcel\u00e1nica, con su acabado mate y dise\u00f1o de imitaci\u00f3n madera, captura la esencia del roble italiano en un tono ceniza suave y sofisticado. [&hellip;]<\/p>\n","protected":false},"featured_media":573368,"comment_status":"open","ping_status":"closed","template":"","meta":[],"product_brand":[],"product_cat":[303,305,306,304],"product_tag":[],"class_list":{"0":"post-573380","1":"product","2":"type-product","3":"status-publish","4":"has-post-thumbnail","6":"product_cat-baldosas","7":"product_cat-banos","8":"product_cat-cocina","9":"product_cat-revestimiento","11":"first","12":"instock","13":"shipping-taxable","14":"purchasable","15":"product-type-simple"},"_links":{"self":[{"href":"https:\/\/tilefly.com\/es\/wp-json\/wp\/v2\/product\/573380","targetHints":{"allow":["GET"]}}],"collection":[{"href":"https:\/\/tilefly.com\/es\/wp-json\/wp\/v2\/product"}],"about":[{"href":"https:\/\/tilefly.com\/es\/wp-json\/wp\/v2\/types\/product"}],"replies":[{"embeddable":true,"href":"https:\/\/tilefly.com\/es\/wp-json\/wp\/v2\/comments?post=573380"}],"wp:featuredmedia":[{"embeddable":true,"href":"https:\/\/tilefly.com\/es\/wp-json\/wp\/v2\/media\/573368"}],"wp:attachment":[{"href":"https:\/\/tilefly.com\/es\/wp-json\/wp\/v2\/media?parent=573380"}],"wp:term":[{"taxonomy":"product_brand","embeddable":true,"href":"https:\/\/tilefly.com\/es\/wp-json\/wp\/v2\/product_brand?post=573380"},{"taxonomy":"product_cat","embeddable":true,"href":"https:\/\/tilefly.com\/es\/wp-json\/wp\/v2\/product_cat?post=573380"},{"taxonomy":"product_tag","embeddable":true,"href":"https:\/\/tilefly.com\/es\/wp-json\/wp\/v2\/product_tag?post=573380"}],"curies":[{"name":"wp","href":"https:\/\/api.w.org\/{rel}","templated":true}]}}