{"id":573033,"date":"2025-05-07T19:21:37","date_gmt":"2025-05-07T17:21:37","guid":{"rendered":"https:\/\/tilefly.com\/producto\/lun-natural-rect-60x120\/"},"modified":"2025-10-29T09:53:49","modified_gmt":"2025-10-29T08:53:49","slug":"lun-natural-rect-60x120","status":"publish","type":"product","link":"https:\/\/tilefly.com\/es\/producto\/lun-natural-rect-60x120\/","title":{"rendered":"LUN NATURAL RECT 60X120"},"content":{"rendered":"<h2><strong>LUN NATURAL RECT 60X120<\/strong><\/h2><p>Descubre la elegancia natural con la baldosa LUN NATURAL RECT de 60&#215;120. Esta pieza porcel\u00e1nica, rectificada para una instalaci\u00f3n impecable, captura la esencia de la madera y el textil en un dise\u00f1o mate y antideslizante, ideal tanto para suelos como para paredes. Su tono marr\u00f3n claro o beige, con sutiles l\u00edneas horizontales, aporta calidez y versatilidad a cualquier espacio.  <a href='https:\/\/tilefly.com\/producto\/lun'>LUN<\/a><\/p>","protected":false},"excerpt":{"rendered":"<p>LUN NATURAL RECT 60X120Descubre la elegancia natural con la baldosa LUN NATURAL RECT de 60&#215;120. Esta pieza porcel\u00e1nica, rectificada para una instalaci\u00f3n impecable, captura la esencia de la madera y el textil en un dise\u00f1o mate y antideslizante, ideal tanto para suelos como para paredes. Su tono marr\u00f3n claro o beige, con sutiles l\u00edneas horizontales, [&hellip;]<\/p>\n","protected":false},"featured_media":573021,"comment_status":"open","ping_status":"closed","template":"","meta":[],"product_brand":[],"product_cat":[303,305,306,304],"product_tag":[],"class_list":{"0":"post-573033","1":"product","2":"type-product","3":"status-publish","4":"has-post-thumbnail","6":"product_cat-baldosas","7":"product_cat-banos","8":"product_cat-cocina","9":"product_cat-revestimiento","11":"first","12":"instock","13":"shipping-taxable","14":"purchasable","15":"product-type-simple"},"_links":{"self":[{"href":"https:\/\/tilefly.com\/es\/wp-json\/wp\/v2\/product\/573033","targetHints":{"allow":["GET"]}}],"collection":[{"href":"https:\/\/tilefly.com\/es\/wp-json\/wp\/v2\/product"}],"about":[{"href":"https:\/\/tilefly.com\/es\/wp-json\/wp\/v2\/types\/product"}],"replies":[{"embeddable":true,"href":"https:\/\/tilefly.com\/es\/wp-json\/wp\/v2\/comments?post=573033"}],"wp:featuredmedia":[{"embeddable":true,"href":"https:\/\/tilefly.com\/es\/wp-json\/wp\/v2\/media\/573021"}],"wp:attachment":[{"href":"https:\/\/tilefly.com\/es\/wp-json\/wp\/v2\/media?parent=573033"}],"wp:term":[{"taxonomy":"product_brand","embeddable":true,"href":"https:\/\/tilefly.com\/es\/wp-json\/wp\/v2\/product_brand?post=573033"},{"taxonomy":"product_cat","embeddable":true,"href":"https:\/\/tilefly.com\/es\/wp-json\/wp\/v2\/product_cat?post=573033"},{"taxonomy":"product_tag","embeddable":true,"href":"https:\/\/tilefly.com\/es\/wp-json\/wp\/v2\/product_tag?post=573033"}],"curies":[{"name":"wp","href":"https:\/\/api.w.org\/{rel}","templated":true}]}}