{"id":572841,"date":"2025-05-07T18:31:39","date_gmt":"2025-05-07T16:31:39","guid":{"rendered":"https:\/\/tilefly.com\/producto\/triunfo-natural-mt-30x60-inout\/"},"modified":"2025-05-07T18:31:39","modified_gmt":"2025-05-07T16:31:39","slug":"triunfo-natural-mt-30x60-inout","status":"publish","type":"product","link":"https:\/\/tilefly.com\/es\/producto\/triunfo-natural-mt-30x60-inout\/","title":{"rendered":"TRIUNFO NATURAL MT 30X60 INOUT"},"content":{"rendered":"<h2><strong>TRIUNFO NATURAL MT 30X60 INOUT<\/strong><\/h2><p>El azulejo TRIUNFO NATURAL en formato 30&#215;60 es un elegante revestimiento de porcel\u00e1nico en color Beige, que presenta un acabado Mate. Este producto no es rectificado, lo que le otorga un car\u00e1cter m\u00e1s natural y aut\u00e9ntico. Perfecto para interiores y exteriores, su dise\u00f1o vers\u00e1til se adapta a cualquier estilo decorativo, brindando calidez y sofisticaci\u00f3n a tus espacios.<\/p>","protected":false},"excerpt":{"rendered":"<p>TRIUNFO NATURAL MT 30X60 INOUTEl azulejo TRIUNFO NATURAL en formato 30&#215;60 es un elegante revestimiento de porcel\u00e1nico en color Beige, que presenta un acabado Mate. Este producto no es rectificado, lo que le otorga un car\u00e1cter m\u00e1s natural y aut\u00e9ntico. Perfecto para interiores y exteriores, su dise\u00f1o vers\u00e1til se adapta a cualquier estilo decorativo, brindando [&hellip;]<\/p>\n","protected":false},"featured_media":572829,"comment_status":"open","ping_status":"closed","template":"","meta":[],"product_brand":[],"product_cat":[303,305,306,304],"product_tag":[],"class_list":{"0":"post-572841","1":"product","2":"type-product","3":"status-publish","4":"has-post-thumbnail","6":"product_cat-baldosas","7":"product_cat-banos","8":"product_cat-cocina","9":"product_cat-revestimiento","11":"first","12":"instock","13":"shipping-taxable","14":"purchasable","15":"product-type-simple"},"_links":{"self":[{"href":"https:\/\/tilefly.com\/es\/wp-json\/wp\/v2\/product\/572841","targetHints":{"allow":["GET"]}}],"collection":[{"href":"https:\/\/tilefly.com\/es\/wp-json\/wp\/v2\/product"}],"about":[{"href":"https:\/\/tilefly.com\/es\/wp-json\/wp\/v2\/types\/product"}],"replies":[{"embeddable":true,"href":"https:\/\/tilefly.com\/es\/wp-json\/wp\/v2\/comments?post=572841"}],"wp:featuredmedia":[{"embeddable":true,"href":"https:\/\/tilefly.com\/es\/wp-json\/wp\/v2\/media\/572829"}],"wp:attachment":[{"href":"https:\/\/tilefly.com\/es\/wp-json\/wp\/v2\/media?parent=572841"}],"wp:term":[{"taxonomy":"product_brand","embeddable":true,"href":"https:\/\/tilefly.com\/es\/wp-json\/wp\/v2\/product_brand?post=572841"},{"taxonomy":"product_cat","embeddable":true,"href":"https:\/\/tilefly.com\/es\/wp-json\/wp\/v2\/product_cat?post=572841"},{"taxonomy":"product_tag","embeddable":true,"href":"https:\/\/tilefly.com\/es\/wp-json\/wp\/v2\/product_tag?post=572841"}],"curies":[{"name":"wp","href":"https:\/\/api.w.org\/{rel}","templated":true}]}}