{"id":572230,"date":"2025-04-11T18:56:28","date_gmt":"2025-04-11T16:56:28","guid":{"rendered":"https:\/\/tilefly.com\/?post_type=product&#038;p=572230"},"modified":"2025-04-11T18:56:32","modified_gmt":"2025-04-11T16:56:32","slug":"savannah","status":"publish","type":"product","link":"https:\/\/tilefly.com\/es\/producto\/savannah\/","title":{"rendered":"Savannah"},"content":{"rendered":"<p>Serie Savannah<\/p><p>Este azulejo se inspira en la zona de Savannah que est\u00e1 considerada una de las ciudades m\u00e1s bonitas del sur de Estados Unidos. Situada a orillas del r\u00edo Savannah, esta localidad atesora una belleza natural excepcional. Simplemente no existe ninguna otra ciudad en el mundo que se parezca a Savannah. Las calles adoquinadas nos han sugerido la mezcla de texturas de la colecci\u00f3n, una base de cemento con pinceladas de barro: el gris de sus calles, el barilo de sus fachadas o el blanco de la luz que desprende la ciudad.<\/p>","protected":false},"excerpt":{"rendered":"<p>Serie SavannahEste azulejo se inspira en la zona de Savannah que est\u00e1 considerada una de las ciudades m\u00e1s bonitas del sur de Estados Unidos. Situada a orillas del r\u00edo Savannah, esta localidad atesora una belleza natural excepcional. Simplemente no existe ninguna otra ciudad en el mundo que se parezca a Savannah. Las calles adoquinadas nos [&hellip;]<\/p>\n","protected":false},"featured_media":572208,"comment_status":"closed","ping_status":"closed","template":"","meta":[],"product_brand":[],"product_cat":[305,306,304],"product_tag":[],"class_list":{"0":"post-572230","1":"product","2":"type-product","3":"status-publish","4":"has-post-thumbnail","6":"product_cat-banos","7":"product_cat-cocina","8":"product_cat-revestimiento","10":"first","11":"instock","12":"shipping-taxable","13":"product-type-grouped"},"_links":{"self":[{"href":"https:\/\/tilefly.com\/es\/wp-json\/wp\/v2\/product\/572230","targetHints":{"allow":["GET"]}}],"collection":[{"href":"https:\/\/tilefly.com\/es\/wp-json\/wp\/v2\/product"}],"about":[{"href":"https:\/\/tilefly.com\/es\/wp-json\/wp\/v2\/types\/product"}],"replies":[{"embeddable":true,"href":"https:\/\/tilefly.com\/es\/wp-json\/wp\/v2\/comments?post=572230"}],"wp:featuredmedia":[{"embeddable":true,"href":"https:\/\/tilefly.com\/es\/wp-json\/wp\/v2\/media\/572208"}],"wp:attachment":[{"href":"https:\/\/tilefly.com\/es\/wp-json\/wp\/v2\/media?parent=572230"}],"wp:term":[{"taxonomy":"product_brand","embeddable":true,"href":"https:\/\/tilefly.com\/es\/wp-json\/wp\/v2\/product_brand?post=572230"},{"taxonomy":"product_cat","embeddable":true,"href":"https:\/\/tilefly.com\/es\/wp-json\/wp\/v2\/product_cat?post=572230"},{"taxonomy":"product_tag","embeddable":true,"href":"https:\/\/tilefly.com\/es\/wp-json\/wp\/v2\/product_tag?post=572230"}],"curies":[{"name":"wp","href":"https:\/\/api.w.org\/{rel}","templated":true}]}}